{"id":624,"date":"2024-09-23T18:40:09","date_gmt":"2024-09-23T16:40:09","guid":{"rendered":"https:\/\/pab.abconservation.org\/?page_id=624"},"modified":"2025-03-26T08:36:16","modified_gmt":"2025-03-26T07:36:16","slug":"education-et-sensibilisation","status":"publish","type":"page","link":"https:\/\/www.abconservation.org\/fr\/projets\/education-et-sensibilisation\/","title":{"rendered":"EDUCATION ET SENSIBILISATION"},"content":{"rendered":"\t\t<div data-elementor-type=\"wp-page\" data-elementor-id=\"624\" class=\"elementor elementor-624\" data-elementor-post-type=\"page\">\n\t\t\t\t<div class=\"elementor-element elementor-element-165db039 e-con-full e-flex e-con e-parent\" data-id=\"165db039\" data-element_type=\"container\" data-e-type=\"container\" data-settings=\"{&quot;background_background&quot;:&quot;classic&quot;}\">\n\t\t<div class=\"elementor-element elementor-element-4c33206a e-flex e-con-boxed e-con e-child\" data-id=\"4c33206a\" data-element_type=\"container\" data-e-type=\"container\">\n\t\t\t\t\t<div class=\"e-con-inner\">\n\t\t\t\t<div class=\"elementor-element elementor-element-779b4dd2 elementor-widget elementor-widget-heading\" data-id=\"779b4dd2\" data-element_type=\"widget\" data-e-type=\"widget\" data-widget_type=\"heading.default\">\n\t\t\t\t\t<h2 class=\"elementor-heading-title elementor-size-default\">Education et sensibilisation<\/h2>\t\t\t\t<\/div>\n\t\t\t\t<div class=\"elementor-element elementor-element-108333b1 elementor-widget-divider--view-line elementor-widget elementor-widget-divider\" data-id=\"108333b1\" data-element_type=\"widget\" data-e-type=\"widget\" data-widget_type=\"divider.default\">\n\t\t\t\t\t\t\t<div class=\"elementor-divider\">\n\t\t\t<span class=\"elementor-divider-separator\">\n\t\t\t\t\t\t<\/span>\n\t\t<\/div>\n\t\t\t\t\t\t<\/div>\n\t\t\t\t<div class=\"elementor-element elementor-element-353dda39 elementor-widget elementor-widget-text-editor\" data-id=\"353dda39\" data-element_type=\"widget\" data-e-type=\"widget\" data-widget_type=\"text-editor.default\">\n\t\t\t\t\t\t\t\t\t<p>Eduquer et sensibiliser sur l&rsquo;importance de prot\u00e9ger une esp\u00e8ce en particulier, c&rsquo;est aussi \u00e9tendre notre impact pour la protection de la biodiversit\u00e9 et de l&rsquo;environnement de mani\u00e8re plus g\u00e9n\u00e9ral.<\/p>\t\t\t\t\t\t\t\t<\/div>\n\t\t\t\t\t<\/div>\n\t\t\t\t<\/div>\n\t\t<div class=\"elementor-element elementor-element-2b0a1748 e-flex e-con-boxed e-con e-child\" data-id=\"2b0a1748\" data-element_type=\"container\" data-e-type=\"container\">\n\t\t\t\t\t<div class=\"e-con-inner\">\n\t\t\t\t\t<\/div>\n\t\t\t\t<\/div>\n\t\t\t\t<\/div>\n\t\t<div class=\"elementor-element elementor-element-7042ec29 e-flex e-con-boxed e-con e-parent\" data-id=\"7042ec29\" data-element_type=\"container\" data-e-type=\"container\" data-settings=\"{&quot;background_background&quot;:&quot;classic&quot;}\">\n\t\t\t\t\t<div class=\"e-con-inner\">\n\t\t\t\t<div class=\"elementor-element elementor-element-2bb69e1d elementor-widget elementor-widget-breadcrumbs\" data-id=\"2bb69e1d\" data-element_type=\"widget\" data-e-type=\"widget\" data-widget_type=\"breadcrumbs.default\">\n\t\t\t\t\t<p id=\"breadcrumbs\"><span><span><a href=\"https:\/\/www.abconservation.org\/\">ACCUEIL<\/a><\/span><\/span><\/p>\t\t\t\t<\/div>\n\t\t\t\t\t<\/div>\n\t\t\t\t<\/div>\n\t\t<div class=\"elementor-element elementor-element-4d6a6ab2 e-flex e-con-boxed e-con e-parent\" data-id=\"4d6a6ab2\" data-element_type=\"container\" data-e-type=\"container\">\n\t\t\t\t\t<div class=\"e-con-inner\">\n\t\t<div class=\"elementor-element elementor-element-2b7fc779 e-con-full e-flex e-con e-child\" data-id=\"2b7fc779\" data-element_type=\"container\" data-e-type=\"container\">\n\t\t\t\t<div class=\"elementor-element elementor-element-2df1e128 elementor-widget elementor-widget-image\" data-id=\"2df1e128\" data-element_type=\"widget\" data-e-type=\"widget\" data-widget_type=\"image.default\">\n\t\t\t\t\t\t\t\t\t\t\t\t\t\t\t<img fetchpriority=\"high\" decoding=\"async\" width=\"650\" height=\"430\" src=\"https:\/\/www.abconservation.org\/wp-content\/uploads\/2024\/12\/Project_sensibilisationFR-v3.jpg\" class=\"attachment-large size-large wp-image-1313\" alt=\"\" srcset=\"https:\/\/www.abconservation.org\/wp-content\/uploads\/2024\/12\/Project_sensibilisationFR-v3.jpg 650w, https:\/\/www.abconservation.org\/wp-content\/uploads\/2024\/12\/Project_sensibilisationFR-v3-300x198.jpg 300w, https:\/\/www.abconservation.org\/wp-content\/uploads\/2024\/12\/Project_sensibilisationFR-v3-18x12.jpg 18w\" sizes=\"(max-width: 650px) 100vw, 650px\" \/>\t\t\t\t\t\t\t\t\t\t\t\t\t\t\t<\/div>\n\t\t<div class=\"elementor-element elementor-element-7eb5b9c e-con-full e-flex e-con e-child\" data-id=\"7eb5b9c\" data-element_type=\"container\" data-e-type=\"container\" data-settings=\"{&quot;background_background&quot;:&quot;gradient&quot;}\">\n\t\t\t\t<div class=\"elementor-element elementor-element-6b07bb5e elementor-widget elementor-widget-heading\" data-id=\"6b07bb5e\" data-element_type=\"widget\" data-e-type=\"widget\" data-widget_type=\"heading.default\">\n\t\t\t\t\t<h3 class=\"elementor-heading-title elementor-size-default\">Education et sensibilisation en France<\/h3>\t\t\t\t<\/div>\n\t\t\t\t<div class=\"elementor-element elementor-element-3313f5da elementor-widget elementor-widget-text-editor\" data-id=\"3313f5da\" data-element_type=\"widget\" data-e-type=\"widget\" data-widget_type=\"text-editor.default\">\n\t\t\t\t\t\t\t\t\t<div class=\"elementor-element elementor-element-0b8ef4e elementor-widget elementor-widget-text-editor\" data-id=\"0b8ef4e\" data-element_type=\"widget\" data-widget_type=\"text-editor.default\">\n<div class=\"elementor-element elementor-element-0b8ef4e elementor-widget elementor-widget-text-editor\" data-id=\"0b8ef4e\" data-element_type=\"widget\" data-widget_type=\"text-editor.default\">\n<p><span style=\"color: rgb(0, 0, 0); font-family: Nunito, sans-serif; font-size: 1em; background-color: transparent;\">&nbsp;A travers nos interventions, nous souhaitons sensibiliser le grand public \u00e0 l&rsquo;importance de prot\u00e9ger la nature et la biodiversit\u00e9 qui nous entoure. Pour cela nous promouvons notamment l&rsquo;image du binturong. Parce que sensibiliser, c&rsquo;est prot\u00e9ger !<\/span><\/p><\/div><\/div>\t\t\t\t\t\t\t\t<\/div>\n\t\t\t\t<div class=\"elementor-element elementor-element-1e60bebc elementor-align-center elementor-widget elementor-widget-button\" data-id=\"1e60bebc\" data-element_type=\"widget\" data-e-type=\"widget\" data-widget_type=\"button.default\">\n\t\t\t\t\t\t\t\t\t\t<a class=\"elementor-button elementor-button-link elementor-size-sm\" href=\"https:\/\/www.abconservation.org\/fr\/projets\/education-et-sensibilisation\/education-et-sensibilisation-en-france\/\">\n\t\t\t\t\t\t<span class=\"elementor-button-content-wrapper\">\n\t\t\t\t\t\t<span class=\"elementor-button-icon\">\n\t\t\t\t<svg aria-hidden=\"true\" class=\"e-font-icon-svg e-fas-plus-circle\" viewBox=\"0 0 512 512\" xmlns=\"http:\/\/www.w3.org\/2000\/svg\"><path d=\"M256 8C119 8 8 119 8 256s111 248 248 248 248-111 248-248S393 8 256 8zm144 276c0 6.6-5.4 12-12 12h-92v92c0 6.6-5.4 12-12 12h-56c-6.6 0-12-5.4-12-12v-92h-92c-6.6 0-12-5.4-12-12v-56c0-6.6 5.4-12 12-12h92v-92c0-6.6 5.4-12 12-12h56c6.6 0 12 5.4 12 12v92h92c6.6 0 12 5.4 12 12v56z\"><\/path><\/svg>\t\t\t<\/span>\n\t\t\t\t\t\t\t\t\t<span class=\"elementor-button-text\">EN SAVOIR PLUS <\/span>\n\t\t\t\t\t<\/span>\n\t\t\t\t\t<\/a>\n\t\t\t\t\t\t\t\t<\/div>\n\t\t\t\t<\/div>\n\t\t\t\t<\/div>\n\t\t<div class=\"elementor-element elementor-element-183b866b e-con-full e-flex e-con e-child\" data-id=\"183b866b\" data-element_type=\"container\" data-e-type=\"container\">\n\t\t\t\t<\/div>\n\t\t<div class=\"elementor-element elementor-element-1aac00e7 e-con-full e-flex e-con e-child\" data-id=\"1aac00e7\" data-element_type=\"container\" data-e-type=\"container\">\n\t\t\t\t<div class=\"elementor-element elementor-element-28378a82 elementor-widget elementor-widget-image\" data-id=\"28378a82\" data-element_type=\"widget\" data-e-type=\"widget\" data-widget_type=\"image.default\">\n\t\t\t\t\t\t\t\t\t\t\t\t\t\t\t<img decoding=\"async\" width=\"650\" height=\"430\" src=\"https:\/\/www.abconservation.org\/wp-content\/uploads\/2024\/12\/Project_sensibilisation-V3.jpg\" class=\"attachment-large size-large wp-image-1312\" alt=\"\" srcset=\"https:\/\/www.abconservation.org\/wp-content\/uploads\/2024\/12\/Project_sensibilisation-V3.jpg 650w, https:\/\/www.abconservation.org\/wp-content\/uploads\/2024\/12\/Project_sensibilisation-V3-300x198.jpg 300w, https:\/\/www.abconservation.org\/wp-content\/uploads\/2024\/12\/Project_sensibilisation-V3-18x12.jpg 18w\" sizes=\"(max-width: 650px) 100vw, 650px\" \/>\t\t\t\t\t\t\t\t\t\t\t\t\t\t\t<\/div>\n\t\t<div class=\"elementor-element elementor-element-2bfdbde3 e-con-full e-flex e-con e-child\" data-id=\"2bfdbde3\" data-element_type=\"container\" data-e-type=\"container\" data-settings=\"{&quot;background_background&quot;:&quot;gradient&quot;}\">\n\t\t\t\t<div class=\"elementor-element elementor-element-7e41ab32 elementor-widget elementor-widget-heading\" data-id=\"7e41ab32\" data-element_type=\"widget\" data-e-type=\"widget\" data-widget_type=\"heading.default\">\n\t\t\t\t\t<h3 class=\"elementor-heading-title elementor-size-default\">Education et sensibilisation aux Philippines<\/h3>\t\t\t\t<\/div>\n\t\t\t\t<div class=\"elementor-element elementor-element-3c617d53 elementor-widget elementor-widget-text-editor\" data-id=\"3c617d53\" data-element_type=\"widget\" data-e-type=\"widget\" data-widget_type=\"text-editor.default\">\n\t\t\t\t\t\t\t\t\t<p>Aux Philippines, notre objectif est sensiblement similaire \u00e0 celui en France: sensibiliser le grand public \u00e0 l\u2019importance de la Nature et aux menaces qui p\u00e8sent sur elle. Notre int\u00e9r\u00eat est donc de g\u00e9n\u00e9rer des actions et solutions concr\u00e8tes pour contrer ces menaces qui n&rsquo;impactent pas seulement le binturong, mais toutes les esp\u00e8ces pr\u00e9sentes dans son milieu de vie.<\/p>\t\t\t\t\t\t\t\t<\/div>\n\t\t\t\t<div class=\"elementor-element elementor-element-475cb706 elementor-align-center elementor-widget elementor-widget-button\" data-id=\"475cb706\" data-element_type=\"widget\" data-e-type=\"widget\" data-widget_type=\"button.default\">\n\t\t\t\t\t\t\t\t\t\t<a class=\"elementor-button elementor-button-link elementor-size-sm\" href=\"https:\/\/www.abconservation.org\/fr\/projets\/education-et-sensibilisation\/education-et-sensibilisation-aux-philippines\/\">\n\t\t\t\t\t\t<span class=\"elementor-button-content-wrapper\">\n\t\t\t\t\t\t<span class=\"elementor-button-icon\">\n\t\t\t\t<svg aria-hidden=\"true\" class=\"e-font-icon-svg e-fas-plus-circle\" viewBox=\"0 0 512 512\" xmlns=\"http:\/\/www.w3.org\/2000\/svg\"><path d=\"M256 8C119 8 8 119 8 256s111 248 248 248 248-111 248-248S393 8 256 8zm144 276c0 6.6-5.4 12-12 12h-92v92c0 6.6-5.4 12-12 12h-56c-6.6 0-12-5.4-12-12v-92h-92c-6.6 0-12-5.4-12-12v-56c0-6.6 5.4-12 12-12h92v-92c0-6.6 5.4-12 12-12h56c6.6 0 12 5.4 12 12v92h92c6.6 0 12 5.4 12 12v56z\"><\/path><\/svg>\t\t\t<\/span>\n\t\t\t\t\t\t\t\t\t<span class=\"elementor-button-text\">EN SAVOIR PLUS <\/span>\n\t\t\t\t\t<\/span>\n\t\t\t\t\t<\/a>\n\t\t\t\t\t\t\t\t<\/div>\n\t\t\t\t<\/div>\n\t\t\t\t<\/div>\n\t\t\t\t\t<\/div>\n\t\t\t\t<\/div>\n\t\t\t\t<\/div>\n\t\t","protected":false},"excerpt":{"rendered":"<p>Education et sensibilisation Eduquer et sensibiliser sur l&rsquo;importance de prot\u00e9ger une esp\u00e8ce en particulier, c&rsquo;est aussi \u00e9tendre notre impact pour la protection de la biodiversit\u00e9 et de l&rsquo;environnement de mani\u00e8re plus g\u00e9n\u00e9ral. Education et sensibilisation en France &nbsp;A travers nos interventions, nous souhaitons sensibiliser le grand public \u00e0 l&rsquo;importance de prot\u00e9ger la nature et la [&hellip;]<\/p>\n","protected":false},"author":1,"featured_media":0,"parent":40,"menu_order":4,"comment_status":"closed","ping_status":"closed","template":"elementor_header_footer","meta":{"footnotes":""},"class_list":["post-624","page","type-page","status-publish","hentry"],"yoast_head":"<!-- This site is optimized with the Yoast SEO plugin v27.4 - https:\/\/yoast.com\/product\/yoast-seo-wordpress\/ -->\n<title>EDUCATION ET SENSIBILISATION - ABConservation<\/title>\n<meta name=\"description\" content=\"ABConservation est l&#039;association d\u00e9di\u00e9e \u00e0 la protection du binturong. D\u00e9couvrez nos programmes d&#039;\u00e9ducation et sensibilisation.\" \/>\n<meta name=\"robots\" content=\"index, follow, max-snippet:-1, max-image-preview:large, max-video-preview:-1\" \/>\n<link rel=\"canonical\" href=\"https:\/\/www.abconservation.org\/fr\/projets\/education-et-sensibilisation\/\" \/>\n<meta property=\"og:locale\" content=\"fr_FR\" \/>\n<meta property=\"og:type\" content=\"article\" \/>\n<meta property=\"og:title\" content=\"EDUCATION ET SENSIBILISATION - ABConservation\" \/>\n<meta property=\"og:description\" content=\"ABConservation est l&#039;association d\u00e9di\u00e9e \u00e0 la protection du binturong. D\u00e9couvrez nos programmes d&#039;\u00e9ducation et sensibilisation.\" \/>\n<meta property=\"og:url\" content=\"https:\/\/www.abconservation.org\/fr\/projets\/education-et-sensibilisation\/\" \/>\n<meta property=\"og:site_name\" content=\"ABConservation\" \/>\n<meta property=\"article:publisher\" content=\"https:\/\/www.facebook.com\/ABConservation\" \/>\n<meta property=\"article:modified_time\" content=\"2025-03-26T07:36:16+00:00\" \/>\n<meta property=\"og:image\" content=\"https:\/\/www.abconservation.org\/wp-content\/uploads\/2024\/12\/Project_sensibilisationFR-v3.jpg\" \/>\n\t<meta property=\"og:image:width\" content=\"650\" \/>\n\t<meta property=\"og:image:height\" content=\"430\" \/>\n\t<meta property=\"og:image:type\" content=\"image\/jpeg\" \/>\n<meta name=\"twitter:card\" content=\"summary_large_image\" \/>\n<meta name=\"twitter:label1\" content=\"Dur\u00e9e de lecture estim\u00e9e\" \/>\n\t<meta name=\"twitter:data1\" content=\"2 minutes\" \/>\n<script type=\"application\/ld+json\" class=\"yoast-schema-graph\">{\"@context\":\"https:\\\/\\\/schema.org\",\"@graph\":[{\"@type\":\"WebPage\",\"@id\":\"https:\\\/\\\/www.abconservation.org\\\/projets\\\/education-et-sensibilisation\\\/\",\"url\":\"https:\\\/\\\/www.abconservation.org\\\/projets\\\/education-et-sensibilisation\\\/\",\"name\":\"EDUCATION ET SENSIBILISATION - ABConservation\",\"isPartOf\":{\"@id\":\"https:\\\/\\\/www.abconservation.org\\\/#website\"},\"primaryImageOfPage\":{\"@id\":\"https:\\\/\\\/www.abconservation.org\\\/projets\\\/education-et-sensibilisation\\\/#primaryimage\"},\"image\":{\"@id\":\"https:\\\/\\\/www.abconservation.org\\\/projets\\\/education-et-sensibilisation\\\/#primaryimage\"},\"thumbnailUrl\":\"https:\\\/\\\/www.abconservation.org\\\/wp-content\\\/uploads\\\/2024\\\/12\\\/Project_sensibilisationFR-v3.jpg\",\"datePublished\":\"2024-09-23T16:40:09+00:00\",\"dateModified\":\"2025-03-26T07:36:16+00:00\",\"description\":\"ABConservation est l'association d\u00e9di\u00e9e \u00e0 la protection du binturong. D\u00e9couvrez nos programmes d'\u00e9ducation et sensibilisation.\",\"breadcrumb\":{\"@id\":\"https:\\\/\\\/www.abconservation.org\\\/projets\\\/education-et-sensibilisation\\\/#breadcrumb\"},\"inLanguage\":\"fr-FR\",\"potentialAction\":[{\"@type\":\"ReadAction\",\"target\":[\"https:\\\/\\\/www.abconservation.org\\\/projets\\\/education-et-sensibilisation\\\/\"]}]},{\"@type\":\"ImageObject\",\"inLanguage\":\"fr-FR\",\"@id\":\"https:\\\/\\\/www.abconservation.org\\\/projets\\\/education-et-sensibilisation\\\/#primaryimage\",\"url\":\"https:\\\/\\\/www.abconservation.org\\\/wp-content\\\/uploads\\\/2024\\\/12\\\/Project_sensibilisationFR-v3.jpg\",\"contentUrl\":\"https:\\\/\\\/www.abconservation.org\\\/wp-content\\\/uploads\\\/2024\\\/12\\\/Project_sensibilisationFR-v3.jpg\"},{\"@type\":\"BreadcrumbList\",\"@id\":\"https:\\\/\\\/www.abconservation.org\\\/projets\\\/education-et-sensibilisation\\\/#breadcrumb\",\"itemListElement\":[{\"@type\":\"ListItem\",\"position\":1,\"name\":\"ACCUEIL\",\"item\":\"https:\\\/\\\/www.abconservation.org\\\/\"},{\"@type\":\"ListItem\",\"position\":2,\"name\":\"PROJETS\",\"item\":\"https:\\\/\\\/www.abconservation.org\\\/fr\\\/projets\\\/\"},{\"@type\":\"ListItem\",\"position\":3,\"name\":\"EDUCATION ET SENSIBILISATION\"}]},{\"@type\":\"WebSite\",\"@id\":\"https:\\\/\\\/www.abconservation.org\\\/#website\",\"url\":\"https:\\\/\\\/www.abconservation.org\\\/\",\"name\":\"ABConservation\",\"description\":\"Etudier, sensibiliser, prot\u00e9ger\",\"publisher\":{\"@id\":\"https:\\\/\\\/www.abconservation.org\\\/#organization\"},\"potentialAction\":[{\"@type\":\"SearchAction\",\"target\":{\"@type\":\"EntryPoint\",\"urlTemplate\":\"https:\\\/\\\/www.abconservation.org\\\/?s={search_term_string}\"},\"query-input\":{\"@type\":\"PropertyValueSpecification\",\"valueRequired\":true,\"valueName\":\"search_term_string\"}}],\"inLanguage\":\"fr-FR\"},{\"@type\":\"Organization\",\"@id\":\"https:\\\/\\\/www.abconservation.org\\\/#organization\",\"name\":\"ABConservation\",\"url\":\"https:\\\/\\\/www.abconservation.org\\\/\",\"logo\":{\"@type\":\"ImageObject\",\"inLanguage\":\"fr-FR\",\"@id\":\"https:\\\/\\\/www.abconservation.org\\\/#\\\/schema\\\/logo\\\/image\\\/\",\"url\":\"https:\\\/\\\/www.abconservation.org\\\/wp-content\\\/uploads\\\/2024\\\/07\\\/cropped-abconservation-home3.png\",\"contentUrl\":\"https:\\\/\\\/www.abconservation.org\\\/wp-content\\\/uploads\\\/2024\\\/07\\\/cropped-abconservation-home3.png\",\"width\":485,\"height\":134,\"caption\":\"ABConservation\"},\"image\":{\"@id\":\"https:\\\/\\\/www.abconservation.org\\\/#\\\/schema\\\/logo\\\/image\\\/\"},\"sameAs\":[\"https:\\\/\\\/www.facebook.com\\\/ABConservation\",\"https:\\\/\\\/www.instagram.com\\\/abconservation\\\/\",\"https:\\\/\\\/www.youtube.com\\\/channel\\\/UCXU_mrwJG4tK6NPGMlWJdsA\",\"https:\\\/\\\/www.linkedin.com\\\/company\\\/arctictis-binturong-conservation\"]}]}<\/script>\n<!-- \/ Yoast SEO plugin. -->","yoast_head_json":{"title":"EDUCATION ET SENSIBILISATION - ABConservation","description":"ABConservation est l'association d\u00e9di\u00e9e \u00e0 la protection du binturong. D\u00e9couvrez nos programmes d'\u00e9ducation et sensibilisation.","robots":{"index":"index","follow":"follow","max-snippet":"max-snippet:-1","max-image-preview":"max-image-preview:large","max-video-preview":"max-video-preview:-1"},"canonical":"https:\/\/www.abconservation.org\/fr\/projets\/education-et-sensibilisation\/","og_locale":"fr_FR","og_type":"article","og_title":"EDUCATION ET SENSIBILISATION - ABConservation","og_description":"ABConservation est l'association d\u00e9di\u00e9e \u00e0 la protection du binturong. D\u00e9couvrez nos programmes d'\u00e9ducation et sensibilisation.","og_url":"https:\/\/www.abconservation.org\/fr\/projets\/education-et-sensibilisation\/","og_site_name":"ABConservation","article_publisher":"https:\/\/www.facebook.com\/ABConservation","article_modified_time":"2025-03-26T07:36:16+00:00","og_image":[{"width":650,"height":430,"url":"https:\/\/www.abconservation.org\/wp-content\/uploads\/2024\/12\/Project_sensibilisationFR-v3.jpg","type":"image\/jpeg"}],"twitter_card":"summary_large_image","twitter_misc":{"Dur\u00e9e de lecture estim\u00e9e":"2 minutes"},"schema":{"@context":"https:\/\/schema.org","@graph":[{"@type":"WebPage","@id":"https:\/\/www.abconservation.org\/projets\/education-et-sensibilisation\/","url":"https:\/\/www.abconservation.org\/projets\/education-et-sensibilisation\/","name":"EDUCATION ET SENSIBILISATION - ABConservation","isPartOf":{"@id":"https:\/\/www.abconservation.org\/#website"},"primaryImageOfPage":{"@id":"https:\/\/www.abconservation.org\/projets\/education-et-sensibilisation\/#primaryimage"},"image":{"@id":"https:\/\/www.abconservation.org\/projets\/education-et-sensibilisation\/#primaryimage"},"thumbnailUrl":"https:\/\/www.abconservation.org\/wp-content\/uploads\/2024\/12\/Project_sensibilisationFR-v3.jpg","datePublished":"2024-09-23T16:40:09+00:00","dateModified":"2025-03-26T07:36:16+00:00","description":"ABConservation est l'association d\u00e9di\u00e9e \u00e0 la protection du binturong. D\u00e9couvrez nos programmes d'\u00e9ducation et sensibilisation.","breadcrumb":{"@id":"https:\/\/www.abconservation.org\/projets\/education-et-sensibilisation\/#breadcrumb"},"inLanguage":"fr-FR","potentialAction":[{"@type":"ReadAction","target":["https:\/\/www.abconservation.org\/projets\/education-et-sensibilisation\/"]}]},{"@type":"ImageObject","inLanguage":"fr-FR","@id":"https:\/\/www.abconservation.org\/projets\/education-et-sensibilisation\/#primaryimage","url":"https:\/\/www.abconservation.org\/wp-content\/uploads\/2024\/12\/Project_sensibilisationFR-v3.jpg","contentUrl":"https:\/\/www.abconservation.org\/wp-content\/uploads\/2024\/12\/Project_sensibilisationFR-v3.jpg"},{"@type":"BreadcrumbList","@id":"https:\/\/www.abconservation.org\/projets\/education-et-sensibilisation\/#breadcrumb","itemListElement":[{"@type":"ListItem","position":1,"name":"ACCUEIL","item":"https:\/\/www.abconservation.org\/"},{"@type":"ListItem","position":2,"name":"PROJETS","item":"https:\/\/www.abconservation.org\/fr\/projets\/"},{"@type":"ListItem","position":3,"name":"EDUCATION ET SENSIBILISATION"}]},{"@type":"WebSite","@id":"https:\/\/www.abconservation.org\/#website","url":"https:\/\/www.abconservation.org\/","name":"ABConservation","description":"Etudier, sensibiliser, prot\u00e9ger","publisher":{"@id":"https:\/\/www.abconservation.org\/#organization"},"potentialAction":[{"@type":"SearchAction","target":{"@type":"EntryPoint","urlTemplate":"https:\/\/www.abconservation.org\/?s={search_term_string}"},"query-input":{"@type":"PropertyValueSpecification","valueRequired":true,"valueName":"search_term_string"}}],"inLanguage":"fr-FR"},{"@type":"Organization","@id":"https:\/\/www.abconservation.org\/#organization","name":"ABConservation","url":"https:\/\/www.abconservation.org\/","logo":{"@type":"ImageObject","inLanguage":"fr-FR","@id":"https:\/\/www.abconservation.org\/#\/schema\/logo\/image\/","url":"https:\/\/www.abconservation.org\/wp-content\/uploads\/2024\/07\/cropped-abconservation-home3.png","contentUrl":"https:\/\/www.abconservation.org\/wp-content\/uploads\/2024\/07\/cropped-abconservation-home3.png","width":485,"height":134,"caption":"ABConservation"},"image":{"@id":"https:\/\/www.abconservation.org\/#\/schema\/logo\/image\/"},"sameAs":["https:\/\/www.facebook.com\/ABConservation","https:\/\/www.instagram.com\/abconservation\/","https:\/\/www.youtube.com\/channel\/UCXU_mrwJG4tK6NPGMlWJdsA","https:\/\/www.linkedin.com\/company\/arctictis-binturong-conservation"]}]}},"_links":{"self":[{"href":"https:\/\/www.abconservation.org\/fr\/wp-json\/wp\/v2\/pages\/624","targetHints":{"allow":["GET"]}}],"collection":[{"href":"https:\/\/www.abconservation.org\/fr\/wp-json\/wp\/v2\/pages"}],"about":[{"href":"https:\/\/www.abconservation.org\/fr\/wp-json\/wp\/v2\/types\/page"}],"author":[{"embeddable":true,"href":"https:\/\/www.abconservation.org\/fr\/wp-json\/wp\/v2\/users\/1"}],"replies":[{"embeddable":true,"href":"https:\/\/www.abconservation.org\/fr\/wp-json\/wp\/v2\/comments?post=624"}],"version-history":[{"count":57,"href":"https:\/\/www.abconservation.org\/fr\/wp-json\/wp\/v2\/pages\/624\/revisions"}],"predecessor-version":[{"id":5653,"href":"https:\/\/www.abconservation.org\/fr\/wp-json\/wp\/v2\/pages\/624\/revisions\/5653"}],"up":[{"embeddable":true,"href":"https:\/\/www.abconservation.org\/fr\/wp-json\/wp\/v2\/pages\/40"}],"wp:attachment":[{"href":"https:\/\/www.abconservation.org\/fr\/wp-json\/wp\/v2\/media?parent=624"}],"curies":[{"name":"wp","href":"https:\/\/api.w.org\/{rel}","templated":true}]}}