{"id":54,"date":"2024-07-22T02:02:50","date_gmt":"2024-07-22T00:02:50","guid":{"rendered":"https:\/\/pab.abconservation.org\/?page_id=54"},"modified":"2025-03-29T09:47:05","modified_gmt":"2025-03-29T08:47:05","slug":"notre-histoire","status":"publish","type":"page","link":"https:\/\/www.abconservation.org\/fr\/lasso\/notre-histoire\/","title":{"rendered":"NOTRE HISTOIRE"},"content":{"rendered":"\t\t<div data-elementor-type=\"wp-page\" data-elementor-id=\"54\" class=\"elementor elementor-54\" data-elementor-post-type=\"page\">\n\t\t\t\t<div class=\"elementor-element elementor-element-66a83399 e-con-full e-flex e-con e-parent\" data-id=\"66a83399\" data-element_type=\"container\" data-e-type=\"container\" data-settings=\"{&quot;background_background&quot;:&quot;classic&quot;}\">\n\t\t<div class=\"elementor-element elementor-element-6cc09a87 e-con-full e-flex e-con e-child\" data-id=\"6cc09a87\" data-element_type=\"container\" data-e-type=\"container\">\n\t\t\t\t<div class=\"elementor-element elementor-element-3fd00595 elementor-widget elementor-widget-heading\" data-id=\"3fd00595\" data-element_type=\"widget\" data-e-type=\"widget\" data-widget_type=\"heading.default\">\n\t\t\t\t\t<h2 class=\"elementor-heading-title elementor-size-default\">Notre histoire<\/h2>\t\t\t\t<\/div>\n\t\t\t\t<div class=\"elementor-element elementor-element-636c71f8 elementor-widget-divider--view-line elementor-widget elementor-widget-divider\" data-id=\"636c71f8\" data-element_type=\"widget\" data-e-type=\"widget\" data-widget_type=\"divider.default\">\n\t\t\t\t\t\t\t<div class=\"elementor-divider\">\n\t\t\t<span class=\"elementor-divider-separator\">\n\t\t\t\t\t\t<\/span>\n\t\t<\/div>\n\t\t\t\t\t\t<\/div>\n\t\t\t\t<div class=\"elementor-element elementor-element-543db132 elementor-widget elementor-widget-text-editor\" data-id=\"543db132\" data-element_type=\"widget\" data-e-type=\"widget\" data-widget_type=\"text-editor.default\">\n\t\t\t\t\t\t\t\t\t<p>ABConservation, des ann\u00e9es de passion et d&rsquo;engagement !<\/p><p>Un podcast r\u00e9alis\u00e9 en 2021 par <em>l&rsquo;Encre &amp; La Voix<\/em> pour ABConservation.<\/p>\t\t\t\t\t\t\t\t<\/div>\n\t\t\t\t<\/div>\n\t\t<div class=\"elementor-element elementor-element-7057b95a e-con-full e-flex e-con e-child\" data-id=\"7057b95a\" data-element_type=\"container\" data-e-type=\"container\">\n\t\t\t\t<\/div>\n\t\t\t\t<\/div>\n\t\t<div class=\"elementor-element elementor-element-4acf646 e-flex e-con-boxed e-con e-parent\" data-id=\"4acf646\" data-element_type=\"container\" data-e-type=\"container\" data-settings=\"{&quot;background_background&quot;:&quot;classic&quot;}\">\n\t\t\t\t\t<div class=\"e-con-inner\">\n\t\t\t\t<div class=\"elementor-element elementor-element-51a6fa2a elementor-widget elementor-widget-breadcrumbs\" data-id=\"51a6fa2a\" data-element_type=\"widget\" data-e-type=\"widget\" data-widget_type=\"breadcrumbs.default\">\n\t\t\t\t\t<p id=\"breadcrumbs\"><span><span><a href=\"https:\/\/www.abconservation.org\/\">ACCUEIL<\/a><\/span><\/span><\/p>\t\t\t\t<\/div>\n\t\t\t\t<div class=\"elementor-element elementor-element-47d07dd2 elementor-widget elementor-widget-text-editor\" data-id=\"47d07dd2\" data-element_type=\"widget\" data-e-type=\"widget\" data-widget_type=\"text-editor.default\">\n\t\t\t\t\t\t\t\t\t<p>Derri\u00e8re les programmes d\u2019\u00e9tudes scientifiques et de sensibilisation, derri\u00e8re les animations en parcs zoologiques, les journ\u00e9es mondiales, les randonn\u00e9es dans les for\u00eats tropicales pour poser des pi\u00e8ges photographiques, derri\u00e8re les milliers de kilom\u00e8tres parcourus et les nombreux partenariats, il y a des femmes et des hommes qui se battent pour une seule et m\u00eame cause : prot\u00e9ger le binturong. En effet, cette esp\u00e8ce end\u00e9mique de l&rsquo;Asie du Sud-Est, \u00e0 la silhouette hirsute et \u00e0 l&rsquo;expression fort sympathique, voit sa survie gravement menac\u00e9e par la disparition des for\u00eats primaires et les cons\u00e9quences d\u00e9sastreuses de nos modes de vie.<\/p><p>L&rsquo;Encre et la Voix a produit un podcast en 2021 intitul\u00e9 \u00ab\u00a0ABConservation, 7 ans de passion et d&rsquo;engagement\u00a0\u00bb. Il retrace en cinq \u00e9pisodes, l\u2019histoire souvent insolite et toujours pleine de courage de celles et ceux qui ont port\u00e9 \u00e0 bout de bras ce projet associatif. Allez d\u00e9couvrir les personnes qui sont \u00e0 l&rsquo;origine du d\u00e9veloppement de cette ONG portant des programmes d\u2019envergure internationale.<\/p><p>Les \u00e9pisodes sont disponibles sur les plateformes d&rsquo;\u00e9coute suivantes :<\/p>\t\t\t\t\t\t\t\t<\/div>\n\t\t<div class=\"elementor-element elementor-element-04da2e9 e-con-full e-flex e-con e-child\" data-id=\"04da2e9\" data-element_type=\"container\" data-e-type=\"container\">\n\t\t<div class=\"elementor-element elementor-element-6b02a7e e-con-full e-flex e-con e-child\" data-id=\"6b02a7e\" data-element_type=\"container\" data-e-type=\"container\">\n\t\t\t\t<div class=\"elementor-element elementor-element-5f82e26a elementor-view-stacked elementor-shape-rounded elementor-widget elementor-widget-icon\" data-id=\"5f82e26a\" data-element_type=\"widget\" data-e-type=\"widget\" data-widget_type=\"icon.default\">\n\t\t\t\t\t\t\t<div class=\"elementor-icon-wrapper\">\n\t\t\t<a class=\"elementor-icon\" href=\"https:\/\/open.spotify.com\/show\/5yRqeGv24ShAEcPhaK7AWm?si=3sySvuhHQJWPsrzVxrB4mg&#038;utm_source=native-share-menu&#038;nd=1&#038;dlsi=2be206a76ad84cae\" target=\"_blank\">\n\t\t\t<svg aria-hidden=\"true\" class=\"e-font-icon-svg e-fab-spotify\" viewBox=\"0 0 496 512\" xmlns=\"http:\/\/www.w3.org\/2000\/svg\"><path d=\"M248 8C111.1 8 0 119.1 0 256s111.1 248 248 248 248-111.1 248-248S384.9 8 248 8zm100.7 364.9c-4.2 0-6.8-1.3-10.7-3.6-62.4-37.6-135-39.2-206.7-24.5-3.9 1-9 2.6-11.9 2.6-9.7 0-15.8-7.7-15.8-15.8 0-10.3 6.1-15.2 13.6-16.8 81.9-18.1 165.6-16.5 237 26.2 6.1 3.9 9.7 7.4 9.7 16.5s-7.1 15.4-15.2 15.4zm26.9-65.6c-5.2 0-8.7-2.3-12.3-4.2-62.5-37-155.7-51.9-238.6-29.4-4.8 1.3-7.4 2.6-11.9 2.6-10.7 0-19.4-8.7-19.4-19.4s5.2-17.8 15.5-20.7c27.8-7.8 56.2-13.6 97.8-13.6 64.9 0 127.6 16.1 177 45.5 8.1 4.8 11.3 11 11.3 19.7-.1 10.8-8.5 19.5-19.4 19.5zm31-76.2c-5.2 0-8.4-1.3-12.9-3.9-71.2-42.5-198.5-52.7-280.9-29.7-3.6 1-8.1 2.6-12.9 2.6-13.2 0-23.3-10.3-23.3-23.6 0-13.6 8.4-21.3 17.4-23.9 35.2-10.3 74.6-15.2 117.5-15.2 73 0 149.5 15.2 205.4 47.8 7.8 4.5 12.9 10.7 12.9 22.6 0 13.6-11 23.3-23.2 23.3z\"><\/path><\/svg>\t\t\t<\/a>\n\t\t<\/div>\n\t\t\t\t\t\t<\/div>\n\t\t\t\t<div class=\"elementor-element elementor-element-aabc31b elementor-widget elementor-widget-text-editor\" data-id=\"aabc31b\" data-element_type=\"widget\" data-e-type=\"widget\" data-widget_type=\"text-editor.default\">\n\t\t\t\t\t\t\t\t\t<p>Spotify<\/p>\t\t\t\t\t\t\t\t<\/div>\n\t\t\t\t<\/div>\n\t\t<div class=\"elementor-element elementor-element-3d5d2de e-con-full e-flex e-con e-child\" data-id=\"3d5d2de\" data-element_type=\"container\" data-e-type=\"container\">\n\t\t\t\t<div class=\"elementor-element elementor-element-6164f9b2 elementor-view-stacked elementor-shape-rounded elementor-widget elementor-widget-icon\" data-id=\"6164f9b2\" data-element_type=\"widget\" data-e-type=\"widget\" data-widget_type=\"icon.default\">\n\t\t\t\t\t\t\t<div class=\"elementor-icon-wrapper\">\n\t\t\t<a class=\"elementor-icon\" href=\"https:\/\/www.deezer.com\/fr\/show\/3208212?utm_campaign=clipboard-generic&#038;utm_source=user_sharing&#038;utm_medium=desktop&#038;utm_content=talk_show-3208212&#038;deferredFl=1\" target=\"_blank\">\n\t\t\t<svg aria-hidden=\"true\" class=\"e-font-icon-svg e-fab-deezer\" viewBox=\"0 0 576 512\" xmlns=\"http:\/\/www.w3.org\/2000\/svg\"><path d=\"M451.46,244.71H576V172H451.46Zm0-173.89v72.67H576V70.82Zm0,275.06H576V273.2H451.46ZM0,447.09H124.54V374.42H0Zm150.47,0H275V374.42H150.47Zm150.52,0H425.53V374.42H301Zm150.47,0H576V374.42H451.46ZM301,345.88H425.53V273.2H301Zm-150.52,0H275V273.2H150.47Zm0-101.17H275V172H150.47Z\"><\/path><\/svg>\t\t\t<\/a>\n\t\t<\/div>\n\t\t\t\t\t\t<\/div>\n\t\t\t\t<div class=\"elementor-element elementor-element-4420ea9 elementor-widget elementor-widget-text-editor\" data-id=\"4420ea9\" data-element_type=\"widget\" data-e-type=\"widget\" data-widget_type=\"text-editor.default\">\n\t\t\t\t\t\t\t\t\t<p>Deezer<\/p>\t\t\t\t\t\t\t\t<\/div>\n\t\t\t\t<\/div>\n\t\t\t\t<\/div>\n\t\t\t\t\t<\/div>\n\t\t\t\t<\/div>\n\t\t\t\t<\/div>\n\t\t","protected":false},"excerpt":{"rendered":"<p>Notre histoire ABConservation, des ann\u00e9es de passion et d&rsquo;engagement ! Un podcast r\u00e9alis\u00e9 en 2021 par l&rsquo;Encre &amp; La Voix pour ABConservation. Derri\u00e8re les programmes d\u2019\u00e9tudes scientifiques et de sensibilisation, derri\u00e8re les animations en parcs zoologiques, les journ\u00e9es mondiales, les randonn\u00e9es dans les for\u00eats tropicales pour poser des pi\u00e8ges photographiques, derri\u00e8re les milliers de kilom\u00e8tres [&hellip;]<\/p>\n","protected":false},"author":1,"featured_media":0,"parent":38,"menu_order":2,"comment_status":"closed","ping_status":"closed","template":"elementor_header_footer","meta":{"footnotes":""},"class_list":["post-54","page","type-page","status-publish","hentry"],"yoast_head":"<!-- This site is optimized with the Yoast SEO plugin v27.5 - https:\/\/yoast.com\/product\/yoast-seo-wordpress\/ -->\n<title>NOTRE HISTOIRE - ABConservation<\/title>\n<meta name=\"description\" content=\"ABConservation est l&#039;association d\u00e9di\u00e9e \u00e0 la protection du binturong. D\u00e9couvrez son histoire au travers de nos podcasts.\" \/>\n<meta name=\"robots\" content=\"index, follow, max-snippet:-1, max-image-preview:large, max-video-preview:-1\" \/>\n<link rel=\"canonical\" href=\"https:\/\/www.abconservation.org\/fr\/lasso\/notre-histoire\/\" \/>\n<meta property=\"og:locale\" content=\"fr_FR\" \/>\n<meta property=\"og:type\" content=\"article\" \/>\n<meta property=\"og:title\" content=\"NOTRE HISTOIRE - ABConservation\" \/>\n<meta property=\"og:description\" content=\"ABConservation est l&#039;association d\u00e9di\u00e9e \u00e0 la protection du binturong. D\u00e9couvrez son histoire au travers de nos podcasts.\" \/>\n<meta property=\"og:url\" content=\"https:\/\/www.abconservation.org\/fr\/lasso\/notre-histoire\/\" \/>\n<meta property=\"og:site_name\" content=\"ABConservation\" \/>\n<meta property=\"article:publisher\" content=\"https:\/\/www.facebook.com\/ABConservation\" \/>\n<meta property=\"article:modified_time\" content=\"2025-03-29T08:47:05+00:00\" \/>\n<meta property=\"og:image\" content=\"https:\/\/www.abconservation.org\/wp-content\/uploads\/2025\/02\/defaut-v2.jpg\" \/>\n\t<meta property=\"og:image:width\" content=\"1200\" \/>\n\t<meta property=\"og:image:height\" content=\"675\" \/>\n\t<meta property=\"og:image:type\" content=\"image\/jpeg\" \/>\n<meta name=\"twitter:card\" content=\"summary_large_image\" \/>\n<meta name=\"twitter:label1\" content=\"Dur\u00e9e de lecture estim\u00e9e\" \/>\n\t<meta name=\"twitter:data1\" content=\"1 minute\" \/>\n<script type=\"application\/ld+json\" class=\"yoast-schema-graph\">{\"@context\":\"https:\\\/\\\/schema.org\",\"@graph\":[{\"@type\":\"WebPage\",\"@id\":\"https:\\\/\\\/www.abconservation.org\\\/lasso\\\/notre-histoire\\\/\",\"url\":\"https:\\\/\\\/www.abconservation.org\\\/lasso\\\/notre-histoire\\\/\",\"name\":\"NOTRE HISTOIRE - ABConservation\",\"isPartOf\":{\"@id\":\"https:\\\/\\\/www.abconservation.org\\\/#website\"},\"datePublished\":\"2024-07-22T00:02:50+00:00\",\"dateModified\":\"2025-03-29T08:47:05+00:00\",\"description\":\"ABConservation est l'association d\u00e9di\u00e9e \u00e0 la protection du binturong. D\u00e9couvrez son histoire au travers de nos podcasts.\",\"breadcrumb\":{\"@id\":\"https:\\\/\\\/www.abconservation.org\\\/lasso\\\/notre-histoire\\\/#breadcrumb\"},\"inLanguage\":\"fr-FR\",\"potentialAction\":[{\"@type\":\"ReadAction\",\"target\":[\"https:\\\/\\\/www.abconservation.org\\\/lasso\\\/notre-histoire\\\/\"]}]},{\"@type\":\"BreadcrumbList\",\"@id\":\"https:\\\/\\\/www.abconservation.org\\\/lasso\\\/notre-histoire\\\/#breadcrumb\",\"itemListElement\":[{\"@type\":\"ListItem\",\"position\":1,\"name\":\"ACCUEIL\",\"item\":\"https:\\\/\\\/www.abconservation.org\\\/\"},{\"@type\":\"ListItem\",\"position\":2,\"name\":\"L&rsquo;ASSO\",\"item\":\"https:\\\/\\\/www.abconservation.org\\\/lasso\\\/\"},{\"@type\":\"ListItem\",\"position\":3,\"name\":\"NOTRE HISTOIRE\"}]},{\"@type\":\"WebSite\",\"@id\":\"https:\\\/\\\/www.abconservation.org\\\/#website\",\"url\":\"https:\\\/\\\/www.abconservation.org\\\/\",\"name\":\"ABConservation\",\"description\":\"Etudier, sensibiliser, prot\u00e9ger\",\"publisher\":{\"@id\":\"https:\\\/\\\/www.abconservation.org\\\/#organization\"},\"potentialAction\":[{\"@type\":\"SearchAction\",\"target\":{\"@type\":\"EntryPoint\",\"urlTemplate\":\"https:\\\/\\\/www.abconservation.org\\\/?s={search_term_string}\"},\"query-input\":{\"@type\":\"PropertyValueSpecification\",\"valueRequired\":true,\"valueName\":\"search_term_string\"}}],\"inLanguage\":\"fr-FR\"},{\"@type\":\"Organization\",\"@id\":\"https:\\\/\\\/www.abconservation.org\\\/#organization\",\"name\":\"ABConservation\",\"url\":\"https:\\\/\\\/www.abconservation.org\\\/\",\"logo\":{\"@type\":\"ImageObject\",\"inLanguage\":\"fr-FR\",\"@id\":\"https:\\\/\\\/www.abconservation.org\\\/#\\\/schema\\\/logo\\\/image\\\/\",\"url\":\"https:\\\/\\\/www.abconservation.org\\\/wp-content\\\/uploads\\\/2024\\\/07\\\/cropped-abconservation-home3.png\",\"contentUrl\":\"https:\\\/\\\/www.abconservation.org\\\/wp-content\\\/uploads\\\/2024\\\/07\\\/cropped-abconservation-home3.png\",\"width\":485,\"height\":134,\"caption\":\"ABConservation\"},\"image\":{\"@id\":\"https:\\\/\\\/www.abconservation.org\\\/#\\\/schema\\\/logo\\\/image\\\/\"},\"sameAs\":[\"https:\\\/\\\/www.facebook.com\\\/ABConservation\",\"https:\\\/\\\/www.instagram.com\\\/abconservation\\\/\",\"https:\\\/\\\/www.youtube.com\\\/channel\\\/UCXU_mrwJG4tK6NPGMlWJdsA\",\"https:\\\/\\\/www.linkedin.com\\\/company\\\/arctictis-binturong-conservation\"]}]}<\/script>\n<!-- \/ Yoast SEO plugin. -->","yoast_head_json":{"title":"NOTRE HISTOIRE - ABConservation","description":"ABConservation est l'association d\u00e9di\u00e9e \u00e0 la protection du binturong. D\u00e9couvrez son histoire au travers de nos podcasts.","robots":{"index":"index","follow":"follow","max-snippet":"max-snippet:-1","max-image-preview":"max-image-preview:large","max-video-preview":"max-video-preview:-1"},"canonical":"https:\/\/www.abconservation.org\/fr\/lasso\/notre-histoire\/","og_locale":"fr_FR","og_type":"article","og_title":"NOTRE HISTOIRE - ABConservation","og_description":"ABConservation est l'association d\u00e9di\u00e9e \u00e0 la protection du binturong. D\u00e9couvrez son histoire au travers de nos podcasts.","og_url":"https:\/\/www.abconservation.org\/fr\/lasso\/notre-histoire\/","og_site_name":"ABConservation","article_publisher":"https:\/\/www.facebook.com\/ABConservation","article_modified_time":"2025-03-29T08:47:05+00:00","og_image":[{"width":1200,"height":675,"url":"https:\/\/www.abconservation.org\/wp-content\/uploads\/2025\/02\/defaut-v2.jpg","type":"image\/jpeg"}],"twitter_card":"summary_large_image","twitter_misc":{"Dur\u00e9e de lecture estim\u00e9e":"1 minute"},"schema":{"@context":"https:\/\/schema.org","@graph":[{"@type":"WebPage","@id":"https:\/\/www.abconservation.org\/lasso\/notre-histoire\/","url":"https:\/\/www.abconservation.org\/lasso\/notre-histoire\/","name":"NOTRE HISTOIRE - ABConservation","isPartOf":{"@id":"https:\/\/www.abconservation.org\/#website"},"datePublished":"2024-07-22T00:02:50+00:00","dateModified":"2025-03-29T08:47:05+00:00","description":"ABConservation est l'association d\u00e9di\u00e9e \u00e0 la protection du binturong. D\u00e9couvrez son histoire au travers de nos podcasts.","breadcrumb":{"@id":"https:\/\/www.abconservation.org\/lasso\/notre-histoire\/#breadcrumb"},"inLanguage":"fr-FR","potentialAction":[{"@type":"ReadAction","target":["https:\/\/www.abconservation.org\/lasso\/notre-histoire\/"]}]},{"@type":"BreadcrumbList","@id":"https:\/\/www.abconservation.org\/lasso\/notre-histoire\/#breadcrumb","itemListElement":[{"@type":"ListItem","position":1,"name":"ACCUEIL","item":"https:\/\/www.abconservation.org\/"},{"@type":"ListItem","position":2,"name":"L&rsquo;ASSO","item":"https:\/\/www.abconservation.org\/lasso\/"},{"@type":"ListItem","position":3,"name":"NOTRE HISTOIRE"}]},{"@type":"WebSite","@id":"https:\/\/www.abconservation.org\/#website","url":"https:\/\/www.abconservation.org\/","name":"ABConservation","description":"Etudier, sensibiliser, prot\u00e9ger","publisher":{"@id":"https:\/\/www.abconservation.org\/#organization"},"potentialAction":[{"@type":"SearchAction","target":{"@type":"EntryPoint","urlTemplate":"https:\/\/www.abconservation.org\/?s={search_term_string}"},"query-input":{"@type":"PropertyValueSpecification","valueRequired":true,"valueName":"search_term_string"}}],"inLanguage":"fr-FR"},{"@type":"Organization","@id":"https:\/\/www.abconservation.org\/#organization","name":"ABConservation","url":"https:\/\/www.abconservation.org\/","logo":{"@type":"ImageObject","inLanguage":"fr-FR","@id":"https:\/\/www.abconservation.org\/#\/schema\/logo\/image\/","url":"https:\/\/www.abconservation.org\/wp-content\/uploads\/2024\/07\/cropped-abconservation-home3.png","contentUrl":"https:\/\/www.abconservation.org\/wp-content\/uploads\/2024\/07\/cropped-abconservation-home3.png","width":485,"height":134,"caption":"ABConservation"},"image":{"@id":"https:\/\/www.abconservation.org\/#\/schema\/logo\/image\/"},"sameAs":["https:\/\/www.facebook.com\/ABConservation","https:\/\/www.instagram.com\/abconservation\/","https:\/\/www.youtube.com\/channel\/UCXU_mrwJG4tK6NPGMlWJdsA","https:\/\/www.linkedin.com\/company\/arctictis-binturong-conservation"]}]}},"_links":{"self":[{"href":"https:\/\/www.abconservation.org\/fr\/wp-json\/wp\/v2\/pages\/54","targetHints":{"allow":["GET"]}}],"collection":[{"href":"https:\/\/www.abconservation.org\/fr\/wp-json\/wp\/v2\/pages"}],"about":[{"href":"https:\/\/www.abconservation.org\/fr\/wp-json\/wp\/v2\/types\/page"}],"author":[{"embeddable":true,"href":"https:\/\/www.abconservation.org\/fr\/wp-json\/wp\/v2\/users\/1"}],"replies":[{"embeddable":true,"href":"https:\/\/www.abconservation.org\/fr\/wp-json\/wp\/v2\/comments?post=54"}],"version-history":[{"count":85,"href":"https:\/\/www.abconservation.org\/fr\/wp-json\/wp\/v2\/pages\/54\/revisions"}],"predecessor-version":[{"id":5873,"href":"https:\/\/www.abconservation.org\/fr\/wp-json\/wp\/v2\/pages\/54\/revisions\/5873"}],"up":[{"embeddable":true,"href":"https:\/\/www.abconservation.org\/fr\/wp-json\/wp\/v2\/pages\/38"}],"wp:attachment":[{"href":"https:\/\/www.abconservation.org\/fr\/wp-json\/wp\/v2\/media?parent=54"}],"curies":[{"name":"wp","href":"https:\/\/api.w.org\/{rel}","templated":true}]}}