{"id":471,"date":"2024-09-19T18:42:41","date_gmt":"2024-09-19T16:42:41","guid":{"rendered":"https:\/\/pab.abconservation.org\/?page_id=471"},"modified":"2025-05-28T07:48:32","modified_gmt":"2025-05-28T05:48:32","slug":"mentions-legales","status":"publish","type":"page","link":"https:\/\/www.abconservation.org\/fr\/mentions-legales\/","title":{"rendered":"MENTIONS LEGALES"},"content":{"rendered":"\t\t<div data-elementor-type=\"wp-page\" data-elementor-id=\"471\" class=\"elementor elementor-471\" data-elementor-post-type=\"page\">\n\t\t\t\t<div class=\"elementor-element elementor-element-1a8a8f63 e-flex e-con-boxed e-con e-parent\" data-id=\"1a8a8f63\" data-element_type=\"container\" data-e-type=\"container\" data-settings=\"{&quot;background_background&quot;:&quot;classic&quot;}\">\n\t\t\t\t\t<div class=\"e-con-inner\">\n\t\t\t\t<div class=\"elementor-element elementor-element-8a58bae elementor-widget elementor-widget-breadcrumbs\" data-id=\"8a58bae\" data-element_type=\"widget\" data-e-type=\"widget\" data-widget_type=\"breadcrumbs.default\">\n\t\t\t\t\t<p id=\"breadcrumbs\"><span><span><a href=\"https:\/\/www.abconservation.org\/\">ACCUEIL<\/a><\/span><\/span><\/p>\t\t\t\t<\/div>\n\t\t\t\t\t<\/div>\n\t\t\t\t<\/div>\n\t\t<div class=\"elementor-element elementor-element-4383b9b7 e-flex e-con-boxed e-con e-parent\" data-id=\"4383b9b7\" data-element_type=\"container\" data-e-type=\"container\" data-settings=\"{&quot;background_background&quot;:&quot;classic&quot;}\">\n\t\t\t\t\t<div class=\"e-con-inner\">\n\t\t\t\t<div class=\"elementor-element elementor-element-713096e8 elementor-widget elementor-widget-heading\" data-id=\"713096e8\" data-element_type=\"widget\" data-e-type=\"widget\" data-widget_type=\"heading.default\">\n\t\t\t\t\t<h1 class=\"elementor-heading-title elementor-size-default\">Mentions l\u00e9gales<\/h1>\t\t\t\t<\/div>\n\t\t\t\t<div class=\"elementor-element elementor-element-2767c4d4 elementor-widget-divider--view-line elementor-widget elementor-widget-divider\" data-id=\"2767c4d4\" data-element_type=\"widget\" data-e-type=\"widget\" data-widget_type=\"divider.default\">\n\t\t\t\t\t\t\t<div class=\"elementor-divider\">\n\t\t\t<span class=\"elementor-divider-separator\">\n\t\t\t\t\t\t<\/span>\n\t\t<\/div>\n\t\t\t\t\t\t<\/div>\n\t\t\t\t<div class=\"elementor-element elementor-element-3b6dffe8 elementor-widget elementor-widget-text-editor\" data-id=\"3b6dffe8\" data-element_type=\"widget\" data-e-type=\"widget\" data-widget_type=\"text-editor.default\">\n\t\t\t\t\t\t\t\t\t<p>Conform\u00e9ment aux dispositions des Articles 6-III et 19 de la Loi n\u00b02004-575 du 21 juin 2004 pour la Confiance dans l\u2019\u00e9conomie num\u00e9rique, dite L.C.E.N., il est port\u00e9 \u00e0 la connaissance des Utilisateurs du site https:\/\/abconservation.org les pr\u00e9sentes mentions l\u00e9gales.<br \/>La connexion et la navigation sur le site abconservation.org par l\u2019Utilisateur implique acceptation int\u00e9grale et sans r\u00e9serve des pr\u00e9sentes mentions l\u00e9gales.<br \/>Ces derni\u00e8res sont accessibles sur le site \u00e0 la rubrique \u00ab Mentions l\u00e9gales \u00bb.<\/p>\t\t\t\t\t\t\t\t<\/div>\n\t\t\t\t\t<\/div>\n\t\t\t\t<\/div>\n\t\t<div class=\"elementor-element elementor-element-4932f621 e-flex e-con-boxed e-con e-parent\" data-id=\"4932f621\" data-element_type=\"container\" data-e-type=\"container\" data-settings=\"{&quot;background_background&quot;:&quot;classic&quot;}\">\n\t\t\t\t\t<div class=\"e-con-inner\">\n\t\t\t\t<div class=\"elementor-element elementor-element-2ed3802c elementor-widget elementor-widget-heading\" data-id=\"2ed3802c\" data-element_type=\"widget\" data-e-type=\"widget\" data-widget_type=\"heading.default\">\n\t\t\t\t\t<h1 class=\"elementor-heading-title elementor-size-default\">L'EDITEUR<\/h1>\t\t\t\t<\/div>\n\t\t\t\t<div class=\"elementor-element elementor-element-73650969 elementor-widget-divider--view-line elementor-widget elementor-widget-divider\" data-id=\"73650969\" data-element_type=\"widget\" data-e-type=\"widget\" data-widget_type=\"divider.default\">\n\t\t\t\t\t\t\t<div class=\"elementor-divider\">\n\t\t\t<span class=\"elementor-divider-separator\">\n\t\t\t\t\t\t<\/span>\n\t\t<\/div>\n\t\t\t\t\t\t<\/div>\n\t\t\t\t<div class=\"elementor-element elementor-element-54904621 elementor-widget elementor-widget-text-editor\" data-id=\"54904621\" data-element_type=\"widget\" data-e-type=\"widget\" data-widget_type=\"text-editor.default\">\n\t\t\t\t\t\t\t\t\t<p>L&rsquo;\u00e9dition du site <b>https:\/\/abconservation.org<\/b> est assur\u00e9e par l&rsquo;association r\u00e9gie par la loi du 1er juillet 1901 et le d\u00e9cret du 16 ao\u00fbt 1901, ayant pour titre <b>Arctictis Binturong Conservation <\/b><i>(ABConservation)<\/i> dont le si\u00e8ge social est situ\u00e9 \u00e0 la <b>M\u00e9nagerie du jardin des plantes CP31 57 rue cuvier 75005 Paris<\/b>, adresse e-mail : <b>contact@abconservation.org<\/b>.<\/p><p>La Directrice de la publication est Pauline Kayser.<\/p>\t\t\t\t\t\t\t\t<\/div>\n\t\t\t\t\t<\/div>\n\t\t\t\t<\/div>\n\t\t<div class=\"elementor-element elementor-element-51b5d644 e-flex e-con-boxed e-con e-parent\" data-id=\"51b5d644\" data-element_type=\"container\" data-e-type=\"container\" data-settings=\"{&quot;background_background&quot;:&quot;classic&quot;}\">\n\t\t\t\t\t<div class=\"e-con-inner\">\n\t\t\t\t<div class=\"elementor-element elementor-element-35afdef3 elementor-widget elementor-widget-heading\" data-id=\"35afdef3\" data-element_type=\"widget\" data-e-type=\"widget\" data-widget_type=\"heading.default\">\n\t\t\t\t\t<h1 class=\"elementor-heading-title elementor-size-default\">L'HEBERGEUR<\/h1>\t\t\t\t<\/div>\n\t\t\t\t<div class=\"elementor-element elementor-element-1d32eda1 elementor-widget-divider--view-line elementor-widget elementor-widget-divider\" data-id=\"1d32eda1\" data-element_type=\"widget\" data-e-type=\"widget\" data-widget_type=\"divider.default\">\n\t\t\t\t\t\t\t<div class=\"elementor-divider\">\n\t\t\t<span class=\"elementor-divider-separator\">\n\t\t\t\t\t\t<\/span>\n\t\t<\/div>\n\t\t\t\t\t\t<\/div>\n\t\t\t\t<div class=\"elementor-element elementor-element-12392ae8 elementor-widget elementor-widget-text-editor\" data-id=\"12392ae8\" data-element_type=\"widget\" data-e-type=\"widget\" data-widget_type=\"text-editor.default\">\n\t\t\t\t\t\t\t\t\t<p>L&rsquo;h\u00e9bergeur du site https:\/\/abconservation.org est la Soci\u00e9t\u00e9 <b>OVH SAS<\/b>, dont le si\u00e8ge social est situ\u00e9 au <b>2 rue Kellerman &#8211; 59100 Roubaix &#8211; France<\/b>.<\/p>\t\t\t\t\t\t\t\t<\/div>\n\t\t\t\t\t<\/div>\n\t\t\t\t<\/div>\n\t\t<div class=\"elementor-element elementor-element-64656ce e-flex e-con-boxed e-con e-parent\" data-id=\"64656ce\" data-element_type=\"container\" data-e-type=\"container\" data-settings=\"{&quot;background_background&quot;:&quot;classic&quot;}\">\n\t\t\t\t\t<div class=\"e-con-inner\">\n\t\t\t\t<div class=\"elementor-element elementor-element-bb7bdac elementor-widget elementor-widget-heading\" data-id=\"bb7bdac\" data-element_type=\"widget\" data-e-type=\"widget\" data-widget_type=\"heading.default\">\n\t\t\t\t\t<h1 class=\"elementor-heading-title elementor-size-default\">L'ACCES AU SITE<\/h1>\t\t\t\t<\/div>\n\t\t\t\t<div class=\"elementor-element elementor-element-de98000 elementor-widget-divider--view-line elementor-widget elementor-widget-divider\" data-id=\"de98000\" data-element_type=\"widget\" data-e-type=\"widget\" data-widget_type=\"divider.default\">\n\t\t\t\t\t\t\t<div class=\"elementor-divider\">\n\t\t\t<span class=\"elementor-divider-separator\">\n\t\t\t\t\t\t<\/span>\n\t\t<\/div>\n\t\t\t\t\t\t<\/div>\n\t\t\t\t<div class=\"elementor-element elementor-element-bb9549b elementor-widget elementor-widget-text-editor\" data-id=\"bb9549b\" data-element_type=\"widget\" data-e-type=\"widget\" data-widget_type=\"text-editor.default\">\n\t\t\t\t\t\t\t\t\t<p>Le site est accessible par tout endroit, 7j\/7, 24h\/24 sauf cas de force majeure, interruption programm\u00e9e ou non et pouvant d\u00e9coulant d\u2019une n\u00e9cessit\u00e9 de maintenance.<br \/>En cas de modification, interruption ou suspension des services le site https:\/\/abconservation.org ne saurait \u00eatre tenu responsable.<\/p>\t\t\t\t\t\t\t\t<\/div>\n\t\t\t\t\t<\/div>\n\t\t\t\t<\/div>\n\t\t<div class=\"elementor-element elementor-element-3e8c908 e-flex e-con-boxed e-con e-parent\" data-id=\"3e8c908\" data-element_type=\"container\" data-e-type=\"container\" data-settings=\"{&quot;background_background&quot;:&quot;classic&quot;}\">\n\t\t\t\t\t<div class=\"e-con-inner\">\n\t\t\t\t<div class=\"elementor-element elementor-element-ce4bc74 elementor-widget elementor-widget-heading\" data-id=\"ce4bc74\" data-element_type=\"widget\" data-e-type=\"widget\" data-widget_type=\"heading.default\">\n\t\t\t\t\t<h1 class=\"elementor-heading-title elementor-size-default\">COLLECTE DES DONNEES<\/h1>\t\t\t\t<\/div>\n\t\t\t\t<div class=\"elementor-element elementor-element-cfaa927 elementor-widget-divider--view-line elementor-widget elementor-widget-divider\" data-id=\"cfaa927\" data-element_type=\"widget\" data-e-type=\"widget\" data-widget_type=\"divider.default\">\n\t\t\t\t\t\t\t<div class=\"elementor-divider\">\n\t\t\t<span class=\"elementor-divider-separator\">\n\t\t\t\t\t\t<\/span>\n\t\t<\/div>\n\t\t\t\t\t\t<\/div>\n\t\t\t\t<div class=\"elementor-element elementor-element-c979619 elementor-widget elementor-widget-text-editor\" data-id=\"c979619\" data-element_type=\"widget\" data-e-type=\"widget\" data-widget_type=\"text-editor.default\">\n\t\t\t\t\t\t\t\t\t<p>Le site est <b>exempt\u00e9 de d\u00e9claration \u00e0 la Commission Nationale Informatique et Libert\u00e9s<\/b> (CNIL) dans la mesure o\u00f9 il ne collecte aucune donn\u00e9e concernant les utilisateurs.<\/p>\t\t\t\t\t\t\t\t<\/div>\n\t\t\t\t\t<\/div>\n\t\t\t\t<\/div>\n\t\t<div class=\"elementor-element elementor-element-0e9bbf9 e-flex e-con-boxed e-con e-parent\" data-id=\"0e9bbf9\" data-element_type=\"container\" data-e-type=\"container\" data-settings=\"{&quot;background_background&quot;:&quot;classic&quot;}\">\n\t\t\t\t\t<div class=\"e-con-inner\">\n\t\t\t\t<div class=\"elementor-element elementor-element-6b1c717 elementor-widget elementor-widget-heading\" data-id=\"6b1c717\" data-element_type=\"widget\" data-e-type=\"widget\" data-widget_type=\"heading.default\">\n\t\t\t\t\t<h1 class=\"elementor-heading-title elementor-size-default\">COOKIES<\/h1>\t\t\t\t<\/div>\n\t\t\t\t<div class=\"elementor-element elementor-element-5f6c267 elementor-widget-divider--view-line elementor-widget elementor-widget-divider\" data-id=\"5f6c267\" data-element_type=\"widget\" data-e-type=\"widget\" data-widget_type=\"divider.default\">\n\t\t\t\t\t\t\t<div class=\"elementor-divider\">\n\t\t\t<span class=\"elementor-divider-separator\">\n\t\t\t\t\t\t<\/span>\n\t\t<\/div>\n\t\t\t\t\t\t<\/div>\n\t\t\t\t<div class=\"elementor-element elementor-element-2f38ae3 elementor-widget elementor-widget-text-editor\" data-id=\"2f38ae3\" data-element_type=\"widget\" data-e-type=\"widget\" data-widget_type=\"text-editor.default\">\n\t\t\t\t\t\t\t\t\t<p>Le site https:\/\/abconservation.org n&rsquo;utilise aucun cookie.<\/p>\t\t\t\t\t\t\t\t<\/div>\n\t\t\t\t\t<\/div>\n\t\t\t\t<\/div>\n\t\t<div class=\"elementor-element elementor-element-e5778ab e-flex e-con-boxed e-con e-parent\" data-id=\"e5778ab\" data-element_type=\"container\" data-e-type=\"container\" data-settings=\"{&quot;background_background&quot;:&quot;classic&quot;}\">\n\t\t\t\t\t<div class=\"e-con-inner\">\n\t\t\t\t<div class=\"elementor-element elementor-element-31e7e1e elementor-widget elementor-widget-heading\" data-id=\"31e7e1e\" data-element_type=\"widget\" data-e-type=\"widget\" data-widget_type=\"heading.default\">\n\t\t\t\t\t<h1 class=\"elementor-heading-title elementor-size-default\">PROPRIETE INTELLECTUELLE<\/h1>\t\t\t\t<\/div>\n\t\t\t\t<div class=\"elementor-element elementor-element-fcd3885 elementor-widget-divider--view-line elementor-widget elementor-widget-divider\" data-id=\"fcd3885\" data-element_type=\"widget\" data-e-type=\"widget\" data-widget_type=\"divider.default\">\n\t\t\t\t\t\t\t<div class=\"elementor-divider\">\n\t\t\t<span class=\"elementor-divider-separator\">\n\t\t\t\t\t\t<\/span>\n\t\t<\/div>\n\t\t\t\t\t\t<\/div>\n\t\t\t\t<div class=\"elementor-element elementor-element-1da9e1a elementor-widget elementor-widget-text-editor\" data-id=\"1da9e1a\" data-element_type=\"widget\" data-e-type=\"widget\" data-widget_type=\"text-editor.default\">\n\t\t\t\t\t\t\t\t\t<p>Toute utilisation, reproduction, diffusion, commercialisation, modification de toute ou partie du site https:\/\/abconservation.org, sans autorisation de l\u2019Editeur est prohib\u00e9e et pourra entra\u00eener des actions et poursuites judiciaires tels que notamment pr\u00e9vus par le Code de la propri\u00e9t\u00e9 intellectuelle et le Code civil.<\/p>\t\t\t\t\t\t\t\t<\/div>\n\t\t\t\t\t<\/div>\n\t\t\t\t<\/div>\n\t\t\t\t<\/div>\n\t\t","protected":false},"excerpt":{"rendered":"<p>Mentions l\u00e9gales Conform\u00e9ment aux dispositions des Articles 6-III et 19 de la Loi n\u00b02004-575 du 21 juin 2004 pour la Confiance dans l\u2019\u00e9conomie num\u00e9rique, dite L.C.E.N., il est port\u00e9 \u00e0 la connaissance des Utilisateurs du site https:\/\/abconservation.org les pr\u00e9sentes mentions l\u00e9gales.La connexion et la navigation sur le site abconservation.org par l\u2019Utilisateur implique acceptation int\u00e9grale et [&hellip;]<\/p>\n","protected":false},"author":1,"featured_media":0,"parent":0,"menu_order":98,"comment_status":"closed","ping_status":"closed","template":"elementor_header_footer","meta":{"footnotes":""},"class_list":["post-471","page","type-page","status-publish","hentry"],"yoast_head":"<!-- This site is optimized with the Yoast SEO plugin v27.4 - https:\/\/yoast.com\/product\/yoast-seo-wordpress\/ -->\n<title>MENTIONS LEGALES - ABConservation<\/title>\n<meta name=\"description\" content=\"ABConservation est l&#039;association d\u00e9di\u00e9e \u00e0 la protection du binturong. D\u00e9couvrez les mentions l\u00e9gales de l&#039;association.\" \/>\n<meta name=\"robots\" content=\"index, follow, max-snippet:-1, max-image-preview:large, max-video-preview:-1\" \/>\n<link rel=\"canonical\" href=\"https:\/\/www.abconservation.org\/fr\/mentions-legales\/\" \/>\n<meta property=\"og:locale\" content=\"fr_FR\" \/>\n<meta property=\"og:type\" content=\"article\" \/>\n<meta property=\"og:title\" content=\"MENTIONS LEGALES - ABConservation\" \/>\n<meta property=\"og:description\" content=\"ABConservation est l&#039;association d\u00e9di\u00e9e \u00e0 la protection du binturong. D\u00e9couvrez les mentions l\u00e9gales de l&#039;association.\" \/>\n<meta property=\"og:url\" content=\"https:\/\/www.abconservation.org\/fr\/mentions-legales\/\" \/>\n<meta property=\"og:site_name\" content=\"ABConservation\" \/>\n<meta property=\"article:publisher\" content=\"https:\/\/www.facebook.com\/ABConservation\" \/>\n<meta property=\"article:modified_time\" content=\"2025-05-28T05:48:32+00:00\" \/>\n<meta property=\"og:image\" content=\"https:\/\/www.abconservation.org\/wp-content\/uploads\/2025\/02\/defaut-v2.jpg\" \/>\n\t<meta property=\"og:image:width\" content=\"1200\" \/>\n\t<meta property=\"og:image:height\" content=\"675\" \/>\n\t<meta property=\"og:image:type\" content=\"image\/jpeg\" \/>\n<meta name=\"twitter:card\" content=\"summary_large_image\" \/>\n<meta name=\"twitter:label1\" content=\"Dur\u00e9e de lecture estim\u00e9e\" \/>\n\t<meta name=\"twitter:data1\" content=\"2 minutes\" \/>\n<script type=\"application\/ld+json\" class=\"yoast-schema-graph\">{\"@context\":\"https:\\\/\\\/schema.org\",\"@graph\":[{\"@type\":\"WebPage\",\"@id\":\"https:\\\/\\\/www.abconservation.org\\\/mentions-legales\\\/\",\"url\":\"https:\\\/\\\/www.abconservation.org\\\/mentions-legales\\\/\",\"name\":\"MENTIONS LEGALES - ABConservation\",\"isPartOf\":{\"@id\":\"https:\\\/\\\/www.abconservation.org\\\/#website\"},\"datePublished\":\"2024-09-19T16:42:41+00:00\",\"dateModified\":\"2025-05-28T05:48:32+00:00\",\"description\":\"ABConservation est l'association d\u00e9di\u00e9e \u00e0 la protection du binturong. D\u00e9couvrez les mentions l\u00e9gales de l'association.\",\"breadcrumb\":{\"@id\":\"https:\\\/\\\/www.abconservation.org\\\/mentions-legales\\\/#breadcrumb\"},\"inLanguage\":\"fr-FR\",\"potentialAction\":[{\"@type\":\"ReadAction\",\"target\":[\"https:\\\/\\\/www.abconservation.org\\\/mentions-legales\\\/\"]}]},{\"@type\":\"BreadcrumbList\",\"@id\":\"https:\\\/\\\/www.abconservation.org\\\/mentions-legales\\\/#breadcrumb\",\"itemListElement\":[{\"@type\":\"ListItem\",\"position\":1,\"name\":\"ACCUEIL\",\"item\":\"https:\\\/\\\/www.abconservation.org\\\/\"},{\"@type\":\"ListItem\",\"position\":2,\"name\":\"MENTIONS LEGALES\"}]},{\"@type\":\"WebSite\",\"@id\":\"https:\\\/\\\/www.abconservation.org\\\/#website\",\"url\":\"https:\\\/\\\/www.abconservation.org\\\/\",\"name\":\"ABConservation\",\"description\":\"Etudier, sensibiliser, prot\u00e9ger\",\"publisher\":{\"@id\":\"https:\\\/\\\/www.abconservation.org\\\/#organization\"},\"potentialAction\":[{\"@type\":\"SearchAction\",\"target\":{\"@type\":\"EntryPoint\",\"urlTemplate\":\"https:\\\/\\\/www.abconservation.org\\\/?s={search_term_string}\"},\"query-input\":{\"@type\":\"PropertyValueSpecification\",\"valueRequired\":true,\"valueName\":\"search_term_string\"}}],\"inLanguage\":\"fr-FR\"},{\"@type\":\"Organization\",\"@id\":\"https:\\\/\\\/www.abconservation.org\\\/#organization\",\"name\":\"ABConservation\",\"url\":\"https:\\\/\\\/www.abconservation.org\\\/\",\"logo\":{\"@type\":\"ImageObject\",\"inLanguage\":\"fr-FR\",\"@id\":\"https:\\\/\\\/www.abconservation.org\\\/#\\\/schema\\\/logo\\\/image\\\/\",\"url\":\"https:\\\/\\\/www.abconservation.org\\\/wp-content\\\/uploads\\\/2024\\\/07\\\/cropped-abconservation-home3.png\",\"contentUrl\":\"https:\\\/\\\/www.abconservation.org\\\/wp-content\\\/uploads\\\/2024\\\/07\\\/cropped-abconservation-home3.png\",\"width\":485,\"height\":134,\"caption\":\"ABConservation\"},\"image\":{\"@id\":\"https:\\\/\\\/www.abconservation.org\\\/#\\\/schema\\\/logo\\\/image\\\/\"},\"sameAs\":[\"https:\\\/\\\/www.facebook.com\\\/ABConservation\",\"https:\\\/\\\/www.instagram.com\\\/abconservation\\\/\",\"https:\\\/\\\/www.youtube.com\\\/channel\\\/UCXU_mrwJG4tK6NPGMlWJdsA\",\"https:\\\/\\\/www.linkedin.com\\\/company\\\/arctictis-binturong-conservation\"]}]}<\/script>\n<!-- \/ Yoast SEO plugin. -->","yoast_head_json":{"title":"MENTIONS LEGALES - ABConservation","description":"ABConservation est l'association d\u00e9di\u00e9e \u00e0 la protection du binturong. D\u00e9couvrez les mentions l\u00e9gales de l'association.","robots":{"index":"index","follow":"follow","max-snippet":"max-snippet:-1","max-image-preview":"max-image-preview:large","max-video-preview":"max-video-preview:-1"},"canonical":"https:\/\/www.abconservation.org\/fr\/mentions-legales\/","og_locale":"fr_FR","og_type":"article","og_title":"MENTIONS LEGALES - ABConservation","og_description":"ABConservation est l'association d\u00e9di\u00e9e \u00e0 la protection du binturong. D\u00e9couvrez les mentions l\u00e9gales de l'association.","og_url":"https:\/\/www.abconservation.org\/fr\/mentions-legales\/","og_site_name":"ABConservation","article_publisher":"https:\/\/www.facebook.com\/ABConservation","article_modified_time":"2025-05-28T05:48:32+00:00","og_image":[{"width":1200,"height":675,"url":"https:\/\/www.abconservation.org\/wp-content\/uploads\/2025\/02\/defaut-v2.jpg","type":"image\/jpeg"}],"twitter_card":"summary_large_image","twitter_misc":{"Dur\u00e9e de lecture estim\u00e9e":"2 minutes"},"schema":{"@context":"https:\/\/schema.org","@graph":[{"@type":"WebPage","@id":"https:\/\/www.abconservation.org\/mentions-legales\/","url":"https:\/\/www.abconservation.org\/mentions-legales\/","name":"MENTIONS LEGALES - ABConservation","isPartOf":{"@id":"https:\/\/www.abconservation.org\/#website"},"datePublished":"2024-09-19T16:42:41+00:00","dateModified":"2025-05-28T05:48:32+00:00","description":"ABConservation est l'association d\u00e9di\u00e9e \u00e0 la protection du binturong. D\u00e9couvrez les mentions l\u00e9gales de l'association.","breadcrumb":{"@id":"https:\/\/www.abconservation.org\/mentions-legales\/#breadcrumb"},"inLanguage":"fr-FR","potentialAction":[{"@type":"ReadAction","target":["https:\/\/www.abconservation.org\/mentions-legales\/"]}]},{"@type":"BreadcrumbList","@id":"https:\/\/www.abconservation.org\/mentions-legales\/#breadcrumb","itemListElement":[{"@type":"ListItem","position":1,"name":"ACCUEIL","item":"https:\/\/www.abconservation.org\/"},{"@type":"ListItem","position":2,"name":"MENTIONS LEGALES"}]},{"@type":"WebSite","@id":"https:\/\/www.abconservation.org\/#website","url":"https:\/\/www.abconservation.org\/","name":"ABConservation","description":"Etudier, sensibiliser, prot\u00e9ger","publisher":{"@id":"https:\/\/www.abconservation.org\/#organization"},"potentialAction":[{"@type":"SearchAction","target":{"@type":"EntryPoint","urlTemplate":"https:\/\/www.abconservation.org\/?s={search_term_string}"},"query-input":{"@type":"PropertyValueSpecification","valueRequired":true,"valueName":"search_term_string"}}],"inLanguage":"fr-FR"},{"@type":"Organization","@id":"https:\/\/www.abconservation.org\/#organization","name":"ABConservation","url":"https:\/\/www.abconservation.org\/","logo":{"@type":"ImageObject","inLanguage":"fr-FR","@id":"https:\/\/www.abconservation.org\/#\/schema\/logo\/image\/","url":"https:\/\/www.abconservation.org\/wp-content\/uploads\/2024\/07\/cropped-abconservation-home3.png","contentUrl":"https:\/\/www.abconservation.org\/wp-content\/uploads\/2024\/07\/cropped-abconservation-home3.png","width":485,"height":134,"caption":"ABConservation"},"image":{"@id":"https:\/\/www.abconservation.org\/#\/schema\/logo\/image\/"},"sameAs":["https:\/\/www.facebook.com\/ABConservation","https:\/\/www.instagram.com\/abconservation\/","https:\/\/www.youtube.com\/channel\/UCXU_mrwJG4tK6NPGMlWJdsA","https:\/\/www.linkedin.com\/company\/arctictis-binturong-conservation"]}]}},"_links":{"self":[{"href":"https:\/\/www.abconservation.org\/fr\/wp-json\/wp\/v2\/pages\/471","targetHints":{"allow":["GET"]}}],"collection":[{"href":"https:\/\/www.abconservation.org\/fr\/wp-json\/wp\/v2\/pages"}],"about":[{"href":"https:\/\/www.abconservation.org\/fr\/wp-json\/wp\/v2\/types\/page"}],"author":[{"embeddable":true,"href":"https:\/\/www.abconservation.org\/fr\/wp-json\/wp\/v2\/users\/1"}],"replies":[{"embeddable":true,"href":"https:\/\/www.abconservation.org\/fr\/wp-json\/wp\/v2\/comments?post=471"}],"version-history":[{"count":17,"href":"https:\/\/www.abconservation.org\/fr\/wp-json\/wp\/v2\/pages\/471\/revisions"}],"predecessor-version":[{"id":6090,"href":"https:\/\/www.abconservation.org\/fr\/wp-json\/wp\/v2\/pages\/471\/revisions\/6090"}],"wp:attachment":[{"href":"https:\/\/www.abconservation.org\/fr\/wp-json\/wp\/v2\/media?parent=471"}],"curies":[{"name":"wp","href":"https:\/\/api.w.org\/{rel}","templated":true}]}}