{"id":406,"date":"2024-09-19T17:41:13","date_gmt":"2024-09-19T15:41:13","guid":{"rendered":"https:\/\/pab.abconservation.org\/?page_id=406"},"modified":"2025-12-07T23:38:27","modified_gmt":"2025-12-07T22:38:27","slug":"nos-articles","status":"publish","type":"page","link":"https:\/\/www.abconservation.org\/fr\/nos-articles\/","title":{"rendered":"NOS ARTICLES"},"content":{"rendered":"\t\t<div data-elementor-type=\"wp-page\" data-elementor-id=\"406\" class=\"elementor elementor-406\" data-elementor-post-type=\"page\">\n\t\t\t\t<div class=\"elementor-element elementor-element-d9f24c5 e-con-full e-flex e-con e-parent\" data-id=\"d9f24c5\" data-element_type=\"container\" data-e-type=\"container\" data-settings=\"{&quot;background_background&quot;:&quot;classic&quot;}\">\n\t\t<div class=\"elementor-element elementor-element-2430af9c e-flex e-con-boxed e-con e-child\" data-id=\"2430af9c\" data-element_type=\"container\" data-e-type=\"container\">\n\t\t\t\t\t<div class=\"e-con-inner\">\n\t\t\t\t<div class=\"elementor-element elementor-element-7d94b4c9 elementor-widget elementor-widget-heading\" data-id=\"7d94b4c9\" data-element_type=\"widget\" data-e-type=\"widget\" data-widget_type=\"heading.default\">\n\t\t\t\t\t<h2 class=\"elementor-heading-title elementor-size-default\">Nos articles<\/h2>\t\t\t\t<\/div>\n\t\t\t\t\t<\/div>\n\t\t\t\t<\/div>\n\t\t<div class=\"elementor-element elementor-element-3fc8bfb1 e-flex e-con-boxed e-con e-child\" data-id=\"3fc8bfb1\" data-element_type=\"container\" data-e-type=\"container\">\n\t\t\t\t\t<div class=\"e-con-inner\">\n\t\t\t\t\t<\/div>\n\t\t\t\t<\/div>\n\t\t\t\t<\/div>\n\t\t<div class=\"elementor-element elementor-element-1b2d625e e-flex e-con-boxed e-con e-parent\" data-id=\"1b2d625e\" data-element_type=\"container\" data-e-type=\"container\" data-settings=\"{&quot;background_background&quot;:&quot;classic&quot;}\">\n\t\t\t\t\t<div class=\"e-con-inner\">\n\t\t\t\t<div class=\"elementor-element elementor-element-7e9e9706 elementor-widget elementor-widget-breadcrumbs\" data-id=\"7e9e9706\" data-element_type=\"widget\" data-e-type=\"widget\" data-widget_type=\"breadcrumbs.default\">\n\t\t\t\t\t<p id=\"breadcrumbs\"><span><span><a href=\"https:\/\/www.abconservation.org\/\">ACCUEIL<\/a><\/span><\/span><\/p>\t\t\t\t<\/div>\n\t\t\t\t\t<\/div>\n\t\t\t\t<\/div>\n\t\t<div class=\"elementor-element elementor-element-25470a2b e-flex e-con-boxed e-con e-parent\" data-id=\"25470a2b\" data-element_type=\"container\" data-e-type=\"container\">\n\t\t\t\t\t<div class=\"e-con-inner\">\n\t\t\t\t<div class=\"elementor-element elementor-element-2ccc64eb elementor-grid-3 elementor-grid-tablet-2 elementor-grid-mobile-1 elementor-posts--thumbnail-top elementor-card-shadow-yes elementor-posts__hover-gradient elementor-widget elementor-widget-posts\" data-id=\"2ccc64eb\" data-element_type=\"widget\" data-e-type=\"widget\" data-settings=\"{&quot;pagination_type&quot;:&quot;numbers&quot;,&quot;cards_columns&quot;:&quot;3&quot;,&quot;cards_columns_tablet&quot;:&quot;2&quot;,&quot;cards_columns_mobile&quot;:&quot;1&quot;,&quot;cards_row_gap&quot;:{&quot;unit&quot;:&quot;px&quot;,&quot;size&quot;:35,&quot;sizes&quot;:[]},&quot;cards_row_gap_tablet&quot;:{&quot;unit&quot;:&quot;px&quot;,&quot;size&quot;:&quot;&quot;,&quot;sizes&quot;:[]},&quot;cards_row_gap_mobile&quot;:{&quot;unit&quot;:&quot;px&quot;,&quot;size&quot;:&quot;&quot;,&quot;sizes&quot;:[]}}\" data-widget_type=\"posts.cards\">\n\t\t\t\t<div class=\"elementor-widget-container\">\n\t\t\t\t\t\t\t<div class=\"elementor-posts-container elementor-posts elementor-posts--skin-cards elementor-grid\" role=\"list\">\n\t\t\t\t<article class=\"elementor-post elementor-grid-item post-6863 post type-post status-publish format-standard has-post-thumbnail hentry category-non-classe\" role=\"listitem\">\n\t\t\t<div class=\"elementor-post__card\">\n\t\t\t\t<a class=\"elementor-post__thumbnail__link\" href=\"https:\/\/www.abconservation.org\/fr\/2025\/09\/30\/nouvelles-du-terrain-palawan-septembre-2025\/\" tabindex=\"-1\" ><div class=\"elementor-post__thumbnail\"><img fetchpriority=\"high\" decoding=\"async\" width=\"529\" height=\"662\" src=\"https:\/\/www.abconservation.org\/wp-content\/uploads\/2025\/12\/4-2-v2.webp\" class=\"attachment-full size-full wp-image-7020\" alt=\"\" srcset=\"https:\/\/www.abconservation.org\/wp-content\/uploads\/2025\/12\/4-2-v2.webp 529w, https:\/\/www.abconservation.org\/wp-content\/uploads\/2025\/12\/4-2-v2-240x300.webp 240w, https:\/\/www.abconservation.org\/wp-content\/uploads\/2025\/12\/4-2-v2-10x12.webp 10w\" sizes=\"(max-width: 529px) 100vw, 529px\" \/><\/div><\/a>\n\t\t\t\t<div class=\"elementor-post__text\">\n\t\t\t\t<h3 class=\"elementor-post__title\">\n\t\t\t<a href=\"https:\/\/www.abconservation.org\/fr\/2025\/09\/30\/nouvelles-du-terrain-palawan-septembre-2025\/\" >\n\t\t\t\tNouvelles du terrain (Palawan) &#8211; Septembre 2025\t\t\t<\/a>\n\t\t<\/h3>\n\t\t\t\t<div class=\"elementor-post__excerpt\">\n\t\t\t<p>Il est temps de conclure le mois de septembre et de vous raconter ce que nos \u00e9quipes scientifiques et de terrain ont accompli. \ud83d\udc3e<\/p>\n\t\t<\/div>\n\t\t\n\t\t<a class=\"elementor-post__read-more\" href=\"https:\/\/www.abconservation.org\/fr\/2025\/09\/30\/nouvelles-du-terrain-palawan-septembre-2025\/\" aria-label=\"En savoir plus sur Nouvelles du terrain (Palawan) &#8211; Septembre 2025\" tabindex=\"-1\" >\n\t\t\tLire la suite &gt;&gt;\t\t<\/a>\n\n\t\t\t\t<\/div>\n\t\t\t\t<div class=\"elementor-post__meta-data\">\n\t\t\t\t\t<span class=\"elementor-post-date\">\n\t\t\t30 septembre 2025\t\t<\/span>\n\t\t\t\t<\/div>\n\t\t\t\t\t<\/div>\n\t\t<\/article>\n\t\t\t\t<article class=\"elementor-post elementor-grid-item post-6861 post type-post status-publish format-standard has-post-thumbnail hentry category-non-classe\" role=\"listitem\">\n\t\t\t<div class=\"elementor-post__card\">\n\t\t\t\t<a class=\"elementor-post__thumbnail__link\" href=\"https:\/\/www.abconservation.org\/fr\/2025\/07\/31\/nouvelles-du-terrain-palawan-juillet-2025\/\" tabindex=\"-1\" ><div class=\"elementor-post__thumbnail\"><img decoding=\"async\" width=\"529\" height=\"662\" src=\"https:\/\/www.abconservation.org\/wp-content\/uploads\/2025\/12\/31_07-News-from-the-field_20250730_114356_0001-v2.webp\" class=\"attachment-full size-full wp-image-7003\" alt=\"\" srcset=\"https:\/\/www.abconservation.org\/wp-content\/uploads\/2025\/12\/31_07-News-from-the-field_20250730_114356_0001-v2.webp 529w, https:\/\/www.abconservation.org\/wp-content\/uploads\/2025\/12\/31_07-News-from-the-field_20250730_114356_0001-v2-240x300.webp 240w, https:\/\/www.abconservation.org\/wp-content\/uploads\/2025\/12\/31_07-News-from-the-field_20250730_114356_0001-v2-10x12.webp 10w\" sizes=\"(max-width: 529px) 100vw, 529px\" \/><\/div><\/a>\n\t\t\t\t<div class=\"elementor-post__text\">\n\t\t\t\t<h3 class=\"elementor-post__title\">\n\t\t\t<a href=\"https:\/\/www.abconservation.org\/fr\/2025\/07\/31\/nouvelles-du-terrain-palawan-juillet-2025\/\" >\n\t\t\t\tNouvelles du terrain (Palawan) &#8211; Juillet 2025\t\t\t<\/a>\n\t\t<\/h3>\n\t\t\t\t<div class=\"elementor-post__excerpt\">\n\t\t\t<p>Les travaux de terrain ont \u00e9t\u00e9 ralentis ce mois-ci en raison des conditions m\u00e9t\u00e9orologiques aux Philippines. Sur notre site d\u2019\u00e9tude principal, l\u2019\u00e9quipe a poursuivi la construction de pi\u00e8ges suppl\u00e9mentaires pour le projet de radiopistage.<\/p>\n\t\t<\/div>\n\t\t\n\t\t<a class=\"elementor-post__read-more\" href=\"https:\/\/www.abconservation.org\/fr\/2025\/07\/31\/nouvelles-du-terrain-palawan-juillet-2025\/\" aria-label=\"En savoir plus sur Nouvelles du terrain (Palawan) &#8211; Juillet 2025\" tabindex=\"-1\" >\n\t\t\tLire la suite &gt;&gt;\t\t<\/a>\n\n\t\t\t\t<\/div>\n\t\t\t\t<div class=\"elementor-post__meta-data\">\n\t\t\t\t\t<span class=\"elementor-post-date\">\n\t\t\t31 juillet 2025\t\t<\/span>\n\t\t\t\t<\/div>\n\t\t\t\t\t<\/div>\n\t\t<\/article>\n\t\t\t\t<article class=\"elementor-post elementor-grid-item post-6376 post type-post status-publish format-standard has-post-thumbnail hentry category-non-classe\" role=\"listitem\">\n\t\t\t<div class=\"elementor-post__card\">\n\t\t\t\t<a class=\"elementor-post__thumbnail__link\" href=\"https:\/\/www.abconservation.org\/fr\/2025\/06\/30\/remerciement-des-benevoles\/\" tabindex=\"-1\" ><div class=\"elementor-post__thumbnail\"><img decoding=\"async\" width=\"883\" height=\"589\" src=\"https:\/\/www.abconservation.org\/wp-content\/uploads\/2025\/06\/IMG_9686-scaled-v2.webp\" class=\"attachment-full size-full wp-image-7082\" alt=\"\" srcset=\"https:\/\/www.abconservation.org\/wp-content\/uploads\/2025\/06\/IMG_9686-scaled-v2.webp 883w, https:\/\/www.abconservation.org\/wp-content\/uploads\/2025\/06\/IMG_9686-scaled-v2-300x200.webp 300w, https:\/\/www.abconservation.org\/wp-content\/uploads\/2025\/06\/IMG_9686-scaled-v2-768x512.webp 768w, https:\/\/www.abconservation.org\/wp-content\/uploads\/2025\/06\/IMG_9686-scaled-v2-18x12.webp 18w\" sizes=\"(max-width: 883px) 100vw, 883px\" \/><\/div><\/a>\n\t\t\t\t<div class=\"elementor-post__text\">\n\t\t\t\t<h3 class=\"elementor-post__title\">\n\t\t\t<a href=\"https:\/\/www.abconservation.org\/fr\/2025\/06\/30\/remerciement-des-benevoles\/\" >\n\t\t\t\tRemerciement des b\u00e9n\u00e9voles\t\t\t<\/a>\n\t\t<\/h3>\n\t\t\t\t<div class=\"elementor-post__excerpt\">\n\t\t\t<p>\ud83c\udf3f Un immense merci \u00e0 nos b\u00e9n\u00e9voles ! \ud83c\udf3f Cette ann\u00e9e ABConservation f\u00eate ses 11 ans et c\u2019est gr\u00e2ce \u00e0 eux. Qu\u2019ils soient aux Philippines, en France ou au Royaume-Uni, ils sont les piliers d\u2019ABConservation.<\/p>\n\t\t<\/div>\n\t\t\n\t\t<a class=\"elementor-post__read-more\" href=\"https:\/\/www.abconservation.org\/fr\/2025\/06\/30\/remerciement-des-benevoles\/\" aria-label=\"En savoir plus sur Remerciement des b\u00e9n\u00e9voles\" tabindex=\"-1\" >\n\t\t\tLire la suite &gt;&gt;\t\t<\/a>\n\n\t\t\t\t<\/div>\n\t\t\t\t<div class=\"elementor-post__meta-data\">\n\t\t\t\t\t<span class=\"elementor-post-date\">\n\t\t\t30 juin 2025\t\t<\/span>\n\t\t\t\t<\/div>\n\t\t\t\t\t<\/div>\n\t\t<\/article>\n\t\t\t\t<article class=\"elementor-post elementor-grid-item post-6859 post type-post status-publish format-standard has-post-thumbnail hentry category-non-classe\" role=\"listitem\">\n\t\t\t<div class=\"elementor-post__card\">\n\t\t\t\t<a class=\"elementor-post__thumbnail__link\" href=\"https:\/\/www.abconservation.org\/fr\/2025\/06\/30\/nouvelles-du-terrain-palawan-juin-2025\/\" tabindex=\"-1\" ><div class=\"elementor-post__thumbnail\"><img loading=\"lazy\" decoding=\"async\" width=\"707\" height=\"395\" src=\"https:\/\/www.abconservation.org\/wp-content\/uploads\/2025\/06\/vignette-juin-2025-v2.webp\" class=\"attachment-full size-full wp-image-7000\" alt=\"\" srcset=\"https:\/\/www.abconservation.org\/wp-content\/uploads\/2025\/06\/vignette-juin-2025-v2.webp 707w, https:\/\/www.abconservation.org\/wp-content\/uploads\/2025\/06\/vignette-juin-2025-v2-300x168.webp 300w, https:\/\/www.abconservation.org\/wp-content\/uploads\/2025\/06\/vignette-juin-2025-v2-18x10.webp 18w\" sizes=\"(max-width: 707px) 100vw, 707px\" \/><\/div><\/a>\n\t\t\t\t<div class=\"elementor-post__text\">\n\t\t\t\t<h3 class=\"elementor-post__title\">\n\t\t\t<a href=\"https:\/\/www.abconservation.org\/fr\/2025\/06\/30\/nouvelles-du-terrain-palawan-juin-2025\/\" >\n\t\t\t\tNouvelles du terrain (Palawan) &#8211; Juin 2025\t\t\t<\/a>\n\t\t<\/h3>\n\t\t\t\t<div class=\"elementor-post__excerpt\">\n\t\t\t<p>Le mois dernier, nous vous avions annonc\u00e9 que notre \u00e9quipe avait r\u00e9cup\u00e9r\u00e9 les images prises entre mars et mai sur notre site d\u2019\u00e9tude secondaire. Apr\u00e8s un premier examen des donn\u00e9es, voici ce que nous avons d\u00e9couvert : de nombreuses photos et vid\u00e9os de notre cher Binturong !<\/p>\n\t\t<\/div>\n\t\t\n\t\t<a class=\"elementor-post__read-more\" href=\"https:\/\/www.abconservation.org\/fr\/2025\/06\/30\/nouvelles-du-terrain-palawan-juin-2025\/\" aria-label=\"En savoir plus sur Nouvelles du terrain (Palawan) &#8211; Juin 2025\" tabindex=\"-1\" >\n\t\t\tLire la suite &gt;&gt;\t\t<\/a>\n\n\t\t\t\t<\/div>\n\t\t\t\t<div class=\"elementor-post__meta-data\">\n\t\t\t\t\t<span class=\"elementor-post-date\">\n\t\t\t30 juin 2025\t\t<\/span>\n\t\t\t\t<\/div>\n\t\t\t\t\t<\/div>\n\t\t<\/article>\n\t\t\t\t<article class=\"elementor-post elementor-grid-item post-6102 post type-post status-publish format-standard has-post-thumbnail hentry category-non-classe\" role=\"listitem\">\n\t\t\t<div class=\"elementor-post__card\">\n\t\t\t\t<a class=\"elementor-post__thumbnail__link\" href=\"https:\/\/www.abconservation.org\/fr\/2025\/06\/27\/binturongs-are-not-pets\/\" tabindex=\"-1\" ><div class=\"elementor-post__thumbnail\"><img loading=\"lazy\" decoding=\"async\" width=\"687\" height=\"387\" src=\"https:\/\/www.abconservation.org\/wp-content\/uploads\/2025\/06\/source_-KSDAE-KLHK.webp\" class=\"attachment-full size-full wp-image-7041\" alt=\"\" srcset=\"https:\/\/www.abconservation.org\/wp-content\/uploads\/2025\/06\/source_-KSDAE-KLHK.webp 687w, https:\/\/www.abconservation.org\/wp-content\/uploads\/2025\/06\/source_-KSDAE-KLHK-300x169.webp 300w, https:\/\/www.abconservation.org\/wp-content\/uploads\/2025\/06\/source_-KSDAE-KLHK-18x10.webp 18w\" sizes=\"(max-width: 687px) 100vw, 687px\" \/><\/div><\/a>\n\t\t\t\t<div class=\"elementor-post__text\">\n\t\t\t\t<h3 class=\"elementor-post__title\">\n\t\t\t<a href=\"https:\/\/www.abconservation.org\/fr\/2025\/06\/27\/binturongs-are-not-pets\/\" >\n\t\t\t\tBinturongs are not pets\t\t\t<\/a>\n\t\t<\/h3>\n\t\t\t\t<div class=\"elementor-post__excerpt\">\n\t\t\t<p>Les binturongs ne sont pas des animaux de compagnie ! <\/p>\n<p>Vous avez peut-\u00eatre d\u00e9j\u00e0 vu passer des photos et\/ou vid\u00e9os de binturongs en cage, en train de jouer avec chiens ou chats, \u00eatre port\u00e9s sur les \u00e9paules ou encore nourris \u00e0 la main&#8230; Ce n&rsquo;est pas mignon car ce n&rsquo;est pas naturel !<\/p>\n\t\t<\/div>\n\t\t\n\t\t<a class=\"elementor-post__read-more\" href=\"https:\/\/www.abconservation.org\/fr\/2025\/06\/27\/binturongs-are-not-pets\/\" aria-label=\"En savoir plus sur Binturongs are not pets\" tabindex=\"-1\" >\n\t\t\tLire la suite &gt;&gt;\t\t<\/a>\n\n\t\t\t\t<\/div>\n\t\t\t\t<div class=\"elementor-post__meta-data\">\n\t\t\t\t\t<span class=\"elementor-post-date\">\n\t\t\t27 juin 2025\t\t<\/span>\n\t\t\t\t<\/div>\n\t\t\t\t\t<\/div>\n\t\t<\/article>\n\t\t\t\t<article class=\"elementor-post elementor-grid-item post-6857 post type-post status-publish format-standard has-post-thumbnail hentry category-non-classe\" role=\"listitem\">\n\t\t\t<div class=\"elementor-post__card\">\n\t\t\t\t<a class=\"elementor-post__thumbnail__link\" href=\"https:\/\/www.abconservation.org\/fr\/2025\/05\/29\/nouvelles-du-terrain-palawan-mai-2025\/\" tabindex=\"-1\" ><div class=\"elementor-post__thumbnail\"><img loading=\"lazy\" decoding=\"async\" width=\"661\" height=\"662\" src=\"https:\/\/www.abconservation.org\/wp-content\/uploads\/2025\/12\/WhatsApp-Image-2025-06-27-at-04.17.11-v2.webp\" class=\"attachment-full size-full wp-image-6979\" alt=\"\" srcset=\"https:\/\/www.abconservation.org\/wp-content\/uploads\/2025\/12\/WhatsApp-Image-2025-06-27-at-04.17.11-v2.webp 661w, https:\/\/www.abconservation.org\/wp-content\/uploads\/2025\/12\/WhatsApp-Image-2025-06-27-at-04.17.11-v2-300x300.webp 300w, https:\/\/www.abconservation.org\/wp-content\/uploads\/2025\/12\/WhatsApp-Image-2025-06-27-at-04.17.11-v2-150x150.webp 150w, https:\/\/www.abconservation.org\/wp-content\/uploads\/2025\/12\/WhatsApp-Image-2025-06-27-at-04.17.11-v2-12x12.webp 12w\" sizes=\"(max-width: 661px) 100vw, 661px\" \/><\/div><\/a>\n\t\t\t\t<div class=\"elementor-post__text\">\n\t\t\t\t<h3 class=\"elementor-post__title\">\n\t\t\t<a href=\"https:\/\/www.abconservation.org\/fr\/2025\/05\/29\/nouvelles-du-terrain-palawan-mai-2025\/\" >\n\t\t\t\tNouvelles du terrain (Palawan) &#8211; Mai 2025\t\t\t<\/a>\n\t\t<\/h3>\n\t\t\t\t<div class=\"elementor-post__excerpt\">\n\t\t\t<p>Au cours de ce mois de mai, nous avons re\u00e7u la visite de 4 \u00e9tudiantes d&rsquo;AgroParisTech, membres de l&rsquo;association Sur les Traces de Darwin. L&rsquo;\u00e9quipe de terrain, quant \u00e0 elle, a commenc\u00e9 la construction d&rsquo;un pi\u00e8ge suppl\u00e9mentaire afin d&rsquo;augmenter nos chances de lancer bient\u00f4t l&rsquo;\u00e9tude de radiopistage. Au bureau, les analyses de donn\u00e9es se poursuivent.<\/p>\n\t\t<\/div>\n\t\t\n\t\t<a class=\"elementor-post__read-more\" href=\"https:\/\/www.abconservation.org\/fr\/2025\/05\/29\/nouvelles-du-terrain-palawan-mai-2025\/\" aria-label=\"En savoir plus sur Nouvelles du terrain (Palawan) &#8211; Mai 2025\" tabindex=\"-1\" >\n\t\t\tLire la suite &gt;&gt;\t\t<\/a>\n\n\t\t\t\t<\/div>\n\t\t\t\t<div class=\"elementor-post__meta-data\">\n\t\t\t\t\t<span class=\"elementor-post-date\">\n\t\t\t29 mai 2025\t\t<\/span>\n\t\t\t\t<\/div>\n\t\t\t\t\t<\/div>\n\t\t<\/article>\n\t\t\t\t<\/div>\n\t\t\n\t\t\t\t<div class=\"e-load-more-anchor\" data-page=\"1\" data-max-page=\"3\" data-next-page=\"https:\/\/www.abconservation.org\/fr\/wp-json\/wp\/v2\/pages\/406\/page\/2\/\"><\/div>\n\t\t\t\t<nav class=\"elementor-pagination\" aria-label=\"Pagination\">\n\t\t\t<span aria-current=\"page\" class=\"page-numbers current\"><span class=\"elementor-screen-only\">Page<\/span>1<\/span>\n<a class=\"page-numbers\" href=\"https:\/\/www.abconservation.org\/fr\/wp-json\/wp\/v2\/pages\/406\/page\/2\/\"><span class=\"elementor-screen-only\">Page<\/span>2<\/a>\n<a class=\"page-numbers\" href=\"https:\/\/www.abconservation.org\/fr\/wp-json\/wp\/v2\/pages\/406\/page\/3\/\"><span class=\"elementor-screen-only\">Page<\/span>3<\/a>\t\t<\/nav>\n\t\t\t\t\t\t<\/div>\n\t\t\t\t<\/div>\n\t\t\t\t\t<\/div>\n\t\t\t\t<\/div>\n\t\t\t\t<\/div>\n\t\t","protected":false},"excerpt":{"rendered":"<p>Nos articles<\/p>\n","protected":false},"author":1,"featured_media":0,"parent":0,"menu_order":0,"comment_status":"closed","ping_status":"closed","template":"elementor_header_footer","meta":{"footnotes":""},"class_list":["post-406","page","type-page","status-publish","hentry"],"yoast_head":"<!-- This site is optimized with the Yoast SEO plugin v27.5 - https:\/\/yoast.com\/product\/yoast-seo-wordpress\/ -->\n<title>NOS ARTICLES - ABConservation<\/title>\n<meta name=\"description\" content=\"ABConservation est l&#039;association d\u00e9di\u00e9e \u00e0 la protection du binturong. Retrouvez les articles d&#039;ABConservation.\" \/>\n<meta name=\"robots\" content=\"index, follow, max-snippet:-1, max-image-preview:large, max-video-preview:-1\" \/>\n<link rel=\"canonical\" href=\"https:\/\/www.abconservation.org\/fr\/nos-articles\/\" \/>\n<meta property=\"og:locale\" content=\"fr_FR\" \/>\n<meta property=\"og:type\" content=\"article\" \/>\n<meta property=\"og:title\" content=\"NOS ARTICLES - ABConservation\" \/>\n<meta property=\"og:description\" content=\"ABConservation est l&#039;association d\u00e9di\u00e9e \u00e0 la protection du binturong. Retrouvez les articles d&#039;ABConservation.\" \/>\n<meta property=\"og:url\" content=\"https:\/\/www.abconservation.org\/fr\/nos-articles\/\" \/>\n<meta property=\"og:site_name\" content=\"ABConservation\" \/>\n<meta property=\"article:publisher\" content=\"https:\/\/www.facebook.com\/ABConservation\" \/>\n<meta property=\"article:modified_time\" content=\"2025-12-07T22:38:27+00:00\" \/>\n<meta property=\"og:image\" content=\"https:\/\/www.abconservation.org\/wp-content\/uploads\/2025\/02\/defaut-v2.jpg\" \/>\n\t<meta property=\"og:image:width\" content=\"1200\" \/>\n\t<meta property=\"og:image:height\" content=\"675\" \/>\n\t<meta property=\"og:image:type\" content=\"image\/jpeg\" \/>\n<meta name=\"twitter:card\" content=\"summary_large_image\" \/>\n<meta name=\"twitter:label1\" content=\"Dur\u00e9e de lecture estim\u00e9e\" \/>\n\t<meta name=\"twitter:data1\" content=\"4 minutes\" \/>\n<script type=\"application\/ld+json\" class=\"yoast-schema-graph\">{\"@context\":\"https:\\\/\\\/schema.org\",\"@graph\":[{\"@type\":\"WebPage\",\"@id\":\"https:\\\/\\\/www.abconservation.org\\\/fr\\\/nos-articles\\\/\",\"url\":\"https:\\\/\\\/www.abconservation.org\\\/fr\\\/nos-articles\\\/\",\"name\":\"NOS ARTICLES - ABConservation\",\"isPartOf\":{\"@id\":\"https:\\\/\\\/www.abconservation.org\\\/#website\"},\"datePublished\":\"2024-09-19T15:41:13+00:00\",\"dateModified\":\"2025-12-07T22:38:27+00:00\",\"description\":\"ABConservation est l'association d\u00e9di\u00e9e \u00e0 la protection du binturong. Retrouvez les articles d'ABConservation.\",\"breadcrumb\":{\"@id\":\"https:\\\/\\\/www.abconservation.org\\\/fr\\\/nos-articles\\\/#breadcrumb\"},\"inLanguage\":\"fr-FR\",\"potentialAction\":[{\"@type\":\"ReadAction\",\"target\":[\"https:\\\/\\\/www.abconservation.org\\\/fr\\\/nos-articles\\\/\"]}]},{\"@type\":\"BreadcrumbList\",\"@id\":\"https:\\\/\\\/www.abconservation.org\\\/fr\\\/nos-articles\\\/#breadcrumb\",\"itemListElement\":[{\"@type\":\"ListItem\",\"position\":1,\"name\":\"ACCUEIL\",\"item\":\"https:\\\/\\\/www.abconservation.org\\\/\"},{\"@type\":\"ListItem\",\"position\":2,\"name\":\"NOS ARTICLES\"}]},{\"@type\":\"WebSite\",\"@id\":\"https:\\\/\\\/www.abconservation.org\\\/#website\",\"url\":\"https:\\\/\\\/www.abconservation.org\\\/\",\"name\":\"ABConservation\",\"description\":\"Etudier, sensibiliser, prot\u00e9ger\",\"publisher\":{\"@id\":\"https:\\\/\\\/www.abconservation.org\\\/#organization\"},\"potentialAction\":[{\"@type\":\"SearchAction\",\"target\":{\"@type\":\"EntryPoint\",\"urlTemplate\":\"https:\\\/\\\/www.abconservation.org\\\/?s={search_term_string}\"},\"query-input\":{\"@type\":\"PropertyValueSpecification\",\"valueRequired\":true,\"valueName\":\"search_term_string\"}}],\"inLanguage\":\"fr-FR\"},{\"@type\":\"Organization\",\"@id\":\"https:\\\/\\\/www.abconservation.org\\\/#organization\",\"name\":\"ABConservation\",\"url\":\"https:\\\/\\\/www.abconservation.org\\\/\",\"logo\":{\"@type\":\"ImageObject\",\"inLanguage\":\"fr-FR\",\"@id\":\"https:\\\/\\\/www.abconservation.org\\\/#\\\/schema\\\/logo\\\/image\\\/\",\"url\":\"https:\\\/\\\/www.abconservation.org\\\/wp-content\\\/uploads\\\/2024\\\/07\\\/cropped-abconservation-home3.png\",\"contentUrl\":\"https:\\\/\\\/www.abconservation.org\\\/wp-content\\\/uploads\\\/2024\\\/07\\\/cropped-abconservation-home3.png\",\"width\":485,\"height\":134,\"caption\":\"ABConservation\"},\"image\":{\"@id\":\"https:\\\/\\\/www.abconservation.org\\\/#\\\/schema\\\/logo\\\/image\\\/\"},\"sameAs\":[\"https:\\\/\\\/www.facebook.com\\\/ABConservation\",\"https:\\\/\\\/www.instagram.com\\\/abconservation\\\/\",\"https:\\\/\\\/www.youtube.com\\\/channel\\\/UCXU_mrwJG4tK6NPGMlWJdsA\",\"https:\\\/\\\/www.linkedin.com\\\/company\\\/arctictis-binturong-conservation\"]}]}<\/script>\n<!-- \/ Yoast SEO plugin. -->","yoast_head_json":{"title":"NOS ARTICLES - ABConservation","description":"ABConservation est l'association d\u00e9di\u00e9e \u00e0 la protection du binturong. Retrouvez les articles d'ABConservation.","robots":{"index":"index","follow":"follow","max-snippet":"max-snippet:-1","max-image-preview":"max-image-preview:large","max-video-preview":"max-video-preview:-1"},"canonical":"https:\/\/www.abconservation.org\/fr\/nos-articles\/","og_locale":"fr_FR","og_type":"article","og_title":"NOS ARTICLES - ABConservation","og_description":"ABConservation est l'association d\u00e9di\u00e9e \u00e0 la protection du binturong. Retrouvez les articles d'ABConservation.","og_url":"https:\/\/www.abconservation.org\/fr\/nos-articles\/","og_site_name":"ABConservation","article_publisher":"https:\/\/www.facebook.com\/ABConservation","article_modified_time":"2025-12-07T22:38:27+00:00","og_image":[{"width":1200,"height":675,"url":"https:\/\/www.abconservation.org\/wp-content\/uploads\/2025\/02\/defaut-v2.jpg","type":"image\/jpeg"}],"twitter_card":"summary_large_image","twitter_misc":{"Dur\u00e9e de lecture estim\u00e9e":"4 minutes"},"schema":{"@context":"https:\/\/schema.org","@graph":[{"@type":"WebPage","@id":"https:\/\/www.abconservation.org\/fr\/nos-articles\/","url":"https:\/\/www.abconservation.org\/fr\/nos-articles\/","name":"NOS ARTICLES - ABConservation","isPartOf":{"@id":"https:\/\/www.abconservation.org\/#website"},"datePublished":"2024-09-19T15:41:13+00:00","dateModified":"2025-12-07T22:38:27+00:00","description":"ABConservation est l'association d\u00e9di\u00e9e \u00e0 la protection du binturong. Retrouvez les articles d'ABConservation.","breadcrumb":{"@id":"https:\/\/www.abconservation.org\/fr\/nos-articles\/#breadcrumb"},"inLanguage":"fr-FR","potentialAction":[{"@type":"ReadAction","target":["https:\/\/www.abconservation.org\/fr\/nos-articles\/"]}]},{"@type":"BreadcrumbList","@id":"https:\/\/www.abconservation.org\/fr\/nos-articles\/#breadcrumb","itemListElement":[{"@type":"ListItem","position":1,"name":"ACCUEIL","item":"https:\/\/www.abconservation.org\/"},{"@type":"ListItem","position":2,"name":"NOS ARTICLES"}]},{"@type":"WebSite","@id":"https:\/\/www.abconservation.org\/#website","url":"https:\/\/www.abconservation.org\/","name":"ABConservation","description":"Etudier, sensibiliser, prot\u00e9ger","publisher":{"@id":"https:\/\/www.abconservation.org\/#organization"},"potentialAction":[{"@type":"SearchAction","target":{"@type":"EntryPoint","urlTemplate":"https:\/\/www.abconservation.org\/?s={search_term_string}"},"query-input":{"@type":"PropertyValueSpecification","valueRequired":true,"valueName":"search_term_string"}}],"inLanguage":"fr-FR"},{"@type":"Organization","@id":"https:\/\/www.abconservation.org\/#organization","name":"ABConservation","url":"https:\/\/www.abconservation.org\/","logo":{"@type":"ImageObject","inLanguage":"fr-FR","@id":"https:\/\/www.abconservation.org\/#\/schema\/logo\/image\/","url":"https:\/\/www.abconservation.org\/wp-content\/uploads\/2024\/07\/cropped-abconservation-home3.png","contentUrl":"https:\/\/www.abconservation.org\/wp-content\/uploads\/2024\/07\/cropped-abconservation-home3.png","width":485,"height":134,"caption":"ABConservation"},"image":{"@id":"https:\/\/www.abconservation.org\/#\/schema\/logo\/image\/"},"sameAs":["https:\/\/www.facebook.com\/ABConservation","https:\/\/www.instagram.com\/abconservation\/","https:\/\/www.youtube.com\/channel\/UCXU_mrwJG4tK6NPGMlWJdsA","https:\/\/www.linkedin.com\/company\/arctictis-binturong-conservation"]}]}},"_links":{"self":[{"href":"https:\/\/www.abconservation.org\/fr\/wp-json\/wp\/v2\/pages\/406","targetHints":{"allow":["GET"]}}],"collection":[{"href":"https:\/\/www.abconservation.org\/fr\/wp-json\/wp\/v2\/pages"}],"about":[{"href":"https:\/\/www.abconservation.org\/fr\/wp-json\/wp\/v2\/types\/page"}],"author":[{"embeddable":true,"href":"https:\/\/www.abconservation.org\/fr\/wp-json\/wp\/v2\/users\/1"}],"replies":[{"embeddable":true,"href":"https:\/\/www.abconservation.org\/fr\/wp-json\/wp\/v2\/comments?post=406"}],"version-history":[{"count":16,"href":"https:\/\/www.abconservation.org\/fr\/wp-json\/wp\/v2\/pages\/406\/revisions"}],"predecessor-version":[{"id":7252,"href":"https:\/\/www.abconservation.org\/fr\/wp-json\/wp\/v2\/pages\/406\/revisions\/7252"}],"wp:attachment":[{"href":"https:\/\/www.abconservation.org\/fr\/wp-json\/wp\/v2\/media?parent=406"}],"curies":[{"name":"wp","href":"https:\/\/api.w.org\/{rel}","templated":true}]}}