{"id":3131,"date":"2025-01-26T10:05:42","date_gmt":"2025-01-26T09:05:42","guid":{"rendered":"https:\/\/pab.abconservation.org\/?page_id=3131"},"modified":"2025-02-20T23:48:14","modified_gmt":"2025-02-20T22:48:14","slug":"lencrichissement-du-milieu-en-captivite","status":"publish","type":"page","link":"https:\/\/www.abconservation.org\/fr\/prestations\/nos-animations\/lencrichissement-du-milieu-en-captivite\/","title":{"rendered":"L&rsquo;ENRICHISSEMENT DU MILIEU EN CAPTIVITE"},"content":{"rendered":"\t\t<div data-elementor-type=\"wp-page\" data-elementor-id=\"3131\" class=\"elementor elementor-3131\" data-elementor-post-type=\"page\">\n\t\t\t\t<div class=\"elementor-element elementor-element-752fc26 e-flex e-con-boxed e-con e-parent\" data-id=\"752fc26\" data-element_type=\"container\" data-e-type=\"container\" data-settings=\"{&quot;animation&quot;:&quot;none&quot;}\">\n\t\t\t\t\t<div class=\"e-con-inner\">\n\t\t<div class=\"elementor-element elementor-element-77f1f980 e-con-full e-flex e-con e-child\" data-id=\"77f1f980\" data-element_type=\"container\" data-e-type=\"container\">\n\t\t\t\t<div class=\"elementor-element elementor-element-22db7ab2 elementor-widget elementor-widget-breadcrumbs\" data-id=\"22db7ab2\" data-element_type=\"widget\" data-e-type=\"widget\" data-widget_type=\"breadcrumbs.default\">\n\t\t\t\t\t<p id=\"breadcrumbs\"><span><span><a href=\"https:\/\/www.abconservation.org\/\">ACCUEIL<\/a><\/span><\/span><\/p>\t\t\t\t<\/div>\n\t\t\t\t<div class=\"elementor-element elementor-element-2f12fe4 elementor-widget elementor-widget-heading\" data-id=\"2f12fe4\" data-element_type=\"widget\" data-e-type=\"widget\" data-widget_type=\"heading.default\">\n\t\t\t\t\t<h1 class=\"elementor-heading-title elementor-size-default\">L'enrichissement du milieu en captivit\u00e9<\/h1>\t\t\t\t<\/div>\n\t\t\t\t<div class=\"elementor-element elementor-element-7f67e8a5 elementor-widget-divider--view-line elementor-widget elementor-widget-divider\" data-id=\"7f67e8a5\" data-element_type=\"widget\" data-e-type=\"widget\" data-widget_type=\"divider.default\">\n\t\t\t\t\t\t\t<div class=\"elementor-divider\">\n\t\t\t<span class=\"elementor-divider-separator\">\n\t\t\t\t\t\t<\/span>\n\t\t<\/div>\n\t\t\t\t\t\t<\/div>\n\t\t<div class=\"elementor-element elementor-element-591e21d1 e-con-full e-flex e-con e-child\" data-id=\"591e21d1\" data-element_type=\"container\" data-e-type=\"container\">\n\t\t\t\t<div class=\"elementor-element elementor-element-29dda9c7 elementor-view-default elementor-widget elementor-widget-icon\" data-id=\"29dda9c7\" data-element_type=\"widget\" data-e-type=\"widget\" data-widget_type=\"icon.default\">\n\t\t\t\t\t\t\t<div class=\"elementor-icon-wrapper\">\n\t\t\t<div class=\"elementor-icon\">\n\t\t\t<svg aria-hidden=\"true\" class=\"e-font-icon-svg e-fas-tag\" viewBox=\"0 0 512 512\" xmlns=\"http:\/\/www.w3.org\/2000\/svg\"><path d=\"M0 252.118V48C0 21.49 21.49 0 48 0h204.118a48 48 0 0 1 33.941 14.059l211.882 211.882c18.745 18.745 18.745 49.137 0 67.882L293.823 497.941c-18.745 18.745-49.137 18.745-67.882 0L14.059 286.059A48 48 0 0 1 0 252.118zM112 64c-26.51 0-48 21.49-48 48s21.49 48 48 48 48-21.49 48-48-21.49-48-48-48z\"><\/path><\/svg>\t\t\t<\/div>\n\t\t<\/div>\n\t\t\t\t\t\t<\/div>\n\t\t<div class=\"elementor-element elementor-element-68aca6e9 e-con-full e-flex e-con e-child\" data-id=\"68aca6e9\" data-element_type=\"container\" data-e-type=\"container\">\n\t\t\t\t<div class=\"elementor-element elementor-element-65ef26d3 elementor-widget elementor-widget-text-editor\" data-id=\"65ef26d3\" data-element_type=\"widget\" data-e-type=\"widget\" data-widget_type=\"text-editor.default\">\n\t\t\t\t\t\t\t\t\t<p>Atelier pour les scolaires et \/ ou conf\u00e9rence<\/p>\t\t\t\t\t\t\t\t<\/div>\n\t\t\t\t<\/div>\n\t\t\t\t<\/div>\n\t\t<div class=\"elementor-element elementor-element-637a98f8 e-con-full e-flex e-con e-child\" data-id=\"637a98f8\" data-element_type=\"container\" data-e-type=\"container\">\n\t\t\t\t<div class=\"elementor-element elementor-element-14f3b267 elementor-view-default elementor-widget elementor-widget-icon\" data-id=\"14f3b267\" data-element_type=\"widget\" data-e-type=\"widget\" data-widget_type=\"icon.default\">\n\t\t\t\t\t\t\t<div class=\"elementor-icon-wrapper\">\n\t\t\t<div class=\"elementor-icon\">\n\t\t\t<svg aria-hidden=\"true\" class=\"e-font-icon-svg e-fas-user-friends\" viewBox=\"0 0 640 512\" xmlns=\"http:\/\/www.w3.org\/2000\/svg\"><path d=\"M192 256c61.9 0 112-50.1 112-112S253.9 32 192 32 80 82.1 80 144s50.1 112 112 112zm76.8 32h-8.3c-20.8 10-43.9 16-68.5 16s-47.6-6-68.5-16h-8.3C51.6 288 0 339.6 0 403.2V432c0 26.5 21.5 48 48 48h288c26.5 0 48-21.5 48-48v-28.8c0-63.6-51.6-115.2-115.2-115.2zM480 256c53 0 96-43 96-96s-43-96-96-96-96 43-96 96 43 96 96 96zm48 32h-3.8c-13.9 4.8-28.6 8-44.2 8s-30.3-3.2-44.2-8H432c-20.4 0-39.2 5.9-55.7 15.4 24.4 26.3 39.7 61.2 39.7 99.8v38.4c0 2.2-.5 4.3-.6 6.4H592c26.5 0 48-21.5 48-48 0-61.9-50.1-112-112-112z\"><\/path><\/svg>\t\t\t<\/div>\n\t\t<\/div>\n\t\t\t\t\t\t<\/div>\n\t\t<div class=\"elementor-element elementor-element-d1e7404 e-con-full e-flex e-con e-child\" data-id=\"d1e7404\" data-element_type=\"container\" data-e-type=\"container\">\n\t\t\t\t<div class=\"elementor-element elementor-element-3640aaf9 elementor-widget elementor-widget-text-editor\" data-id=\"3640aaf9\" data-element_type=\"widget\" data-e-type=\"widget\" data-widget_type=\"text-editor.default\">\n\t\t\t\t\t\t\t\t\t<p>Tous public &#8211; Adultes, Enseignement sup\u00e9rieur, Familles, Scolaire \u2013 Cycle 3 et 4<\/p>\t\t\t\t\t\t\t\t<\/div>\n\t\t\t\t<\/div>\n\t\t\t\t<\/div>\n\t\t<div class=\"elementor-element elementor-element-f61e7af e-con-full e-flex e-con e-child\" data-id=\"f61e7af\" data-element_type=\"container\" data-e-type=\"container\">\n\t\t\t\t<div class=\"elementor-element elementor-element-3ca8501b elementor-view-default elementor-widget elementor-widget-icon\" data-id=\"3ca8501b\" data-element_type=\"widget\" data-e-type=\"widget\" data-widget_type=\"icon.default\">\n\t\t\t\t\t\t\t<div class=\"elementor-icon-wrapper\">\n\t\t\t<div class=\"elementor-icon\">\n\t\t\t<svg aria-hidden=\"true\" class=\"e-font-icon-svg e-fas-less-than-equal\" viewBox=\"0 0 448 512\" xmlns=\"http:\/\/www.w3.org\/2000\/svg\"><path d=\"M54.98 214.2l301.41 119.87c18.39 6.03 38.71-2.54 45.38-19.15l12.09-30.08c6.68-16.61-2.82-34.97-21.21-41l-175.44-68.05 175.56-68.09c18.29-6 27.74-24.27 21.1-40.79l-12.03-29.92c-6.64-16.53-26.86-25.06-45.15-19.06L54.98 137.89C41.21 142.41 32 154.5 32 168.07v15.96c0 13.56 9.21 25.65 22.98 30.17zM424 400H24c-13.25 0-24 10.74-24 24v48c0 13.25 10.75 24 24 24h400c13.25 0 24-10.75 24-24v-48c0-13.26-10.75-24-24-24z\"><\/path><\/svg>\t\t\t<\/div>\n\t\t<\/div>\n\t\t\t\t\t\t<\/div>\n\t\t<div class=\"elementor-element elementor-element-2dd8eda e-con-full e-flex e-con e-child\" data-id=\"2dd8eda\" data-element_type=\"container\" data-e-type=\"container\">\n\t\t\t\t<div class=\"elementor-element elementor-element-5854be00 elementor-widget elementor-widget-text-editor\" data-id=\"5854be00\" data-element_type=\"widget\" data-e-type=\"widget\" data-widget_type=\"text-editor.default\">\n\t\t\t\t\t\t\t\t\t<p>20 personnes<\/p>\t\t\t\t\t\t\t\t<\/div>\n\t\t\t\t<\/div>\n\t\t\t\t<\/div>\n\t\t<div class=\"elementor-element elementor-element-3c5f2df4 e-con-full e-flex e-con e-child\" data-id=\"3c5f2df4\" data-element_type=\"container\" data-e-type=\"container\">\n\t\t\t\t<div class=\"elementor-element elementor-element-5f09f43c elementor-view-default elementor-widget elementor-widget-icon\" data-id=\"5f09f43c\" data-element_type=\"widget\" data-e-type=\"widget\" data-widget_type=\"icon.default\">\n\t\t\t\t\t\t\t<div class=\"elementor-icon-wrapper\">\n\t\t\t<div class=\"elementor-icon\">\n\t\t\t<svg aria-hidden=\"true\" class=\"e-font-icon-svg e-fas-clock\" viewBox=\"0 0 512 512\" xmlns=\"http:\/\/www.w3.org\/2000\/svg\"><path d=\"M256,8C119,8,8,119,8,256S119,504,256,504,504,393,504,256,393,8,256,8Zm92.49,313h0l-20,25a16,16,0,0,1-22.49,2.5h0l-67-49.72a40,40,0,0,1-15-31.23V112a16,16,0,0,1,16-16h32a16,16,0,0,1,16,16V256l58,42.5A16,16,0,0,1,348.49,321Z\"><\/path><\/svg>\t\t\t<\/div>\n\t\t<\/div>\n\t\t\t\t\t\t<\/div>\n\t\t<div class=\"elementor-element elementor-element-29de4181 e-con-full e-flex e-con e-child\" data-id=\"29de4181\" data-element_type=\"container\" data-e-type=\"container\">\n\t\t\t\t<div class=\"elementor-element elementor-element-1dd5b887 elementor-widget elementor-widget-text-editor\" data-id=\"1dd5b887\" data-element_type=\"widget\" data-e-type=\"widget\" data-widget_type=\"text-editor.default\">\n\t\t\t\t\t\t\t\t\t<p>1h30 \u00e0 3h00 selon les niveaux<\/p>\t\t\t\t\t\t\t\t<\/div>\n\t\t\t\t<\/div>\n\t\t\t\t<\/div>\n\t\t\t\t<\/div>\n\t\t<div class=\"elementor-element elementor-element-3991db5b e-con-full e-flex e-con e-child\" data-id=\"3991db5b\" data-element_type=\"container\" data-e-type=\"container\">\n\t\t\t\t<div class=\"elementor-element elementor-element-22f93238 elementor-widget elementor-widget-image\" data-id=\"22f93238\" data-element_type=\"widget\" data-e-type=\"widget\" data-widget_type=\"image.default\">\n\t\t\t\t\t\t\t\t\t\t\t\t\t\t\t<img fetchpriority=\"high\" decoding=\"async\" width=\"700\" height=\"465\" src=\"https:\/\/www.abconservation.org\/wp-content\/uploads\/2025\/02\/Lenrichissement-du-milieu-en-captivite-e1738900527395.jpg\" class=\"attachment-large size-large wp-image-3786\" alt=\"\" srcset=\"https:\/\/www.abconservation.org\/wp-content\/uploads\/2025\/02\/Lenrichissement-du-milieu-en-captivite-e1738900527395.jpg 700w, https:\/\/www.abconservation.org\/wp-content\/uploads\/2025\/02\/Lenrichissement-du-milieu-en-captivite-e1738900527395-300x199.jpg 300w, https:\/\/www.abconservation.org\/wp-content\/uploads\/2025\/02\/Lenrichissement-du-milieu-en-captivite-e1738900527395-18x12.jpg 18w\" sizes=\"(max-width: 700px) 100vw, 700px\" \/>\t\t\t\t\t\t\t\t\t\t\t\t\t\t\t<\/div>\n\t\t\t\t<\/div>\n\t\t\t\t\t<\/div>\n\t\t\t\t<\/div>\n\t\t<div class=\"elementor-element elementor-element-2c4cc1be e-flex e-con-boxed e-con e-parent\" data-id=\"2c4cc1be\" data-element_type=\"container\" data-e-type=\"container\" data-settings=\"{&quot;background_background&quot;:&quot;classic&quot;}\">\n\t\t\t\t\t<div class=\"e-con-inner\">\n\t\t\t\t<div class=\"elementor-element elementor-element-46e363d0 elementor-widget elementor-widget-heading\" data-id=\"46e363d0\" data-element_type=\"widget\" data-e-type=\"widget\" data-widget_type=\"heading.default\">\n\t\t\t\t\t<h3 class=\"elementor-heading-title elementor-size-default\">Objectifs<\/h3>\t\t\t\t<\/div>\n\t\t\t\t<div class=\"elementor-element elementor-element-25aac19b elementor-widget-divider--view-line elementor-widget elementor-widget-divider\" data-id=\"25aac19b\" data-element_type=\"widget\" data-e-type=\"widget\" data-widget_type=\"divider.default\">\n\t\t\t\t\t\t\t<div class=\"elementor-divider\">\n\t\t\t<span class=\"elementor-divider-separator\">\n\t\t\t\t\t\t<\/span>\n\t\t<\/div>\n\t\t\t\t\t\t<\/div>\n\t\t<div class=\"elementor-element elementor-element-271b1f40 e-con-full e-flex e-con e-child\" data-id=\"271b1f40\" data-element_type=\"container\" data-e-type=\"container\">\n\t\t\t\t<div class=\"elementor-element elementor-element-7f91714d elementor-widget elementor-widget-text-editor\" data-id=\"7f91714d\" data-element_type=\"widget\" data-e-type=\"widget\" data-widget_type=\"text-editor.default\">\n\t\t\t\t\t\t\t\t\t<p>A travers la notion de bien-\u00eatre animal en captivit\u00e9, la d\u00e9finition et pr\u00e9sentation des types d\u2019enrichissement, vous d\u00e9couvrirez les bases en mati\u00e8re d\u2019enrichissement du milieu.<\/p>\t\t\t\t\t\t\t\t<\/div>\n\t\t\t\t<\/div>\n\t\t\t\t\t<\/div>\n\t\t\t\t<\/div>\n\t\t<div class=\"elementor-element elementor-element-315bef8c e-flex e-con-boxed e-con e-parent\" data-id=\"315bef8c\" data-element_type=\"container\" data-e-type=\"container\" data-settings=\"{&quot;background_background&quot;:&quot;classic&quot;}\">\n\t\t\t\t\t<div class=\"e-con-inner\">\n\t\t\t\t<div class=\"elementor-element elementor-element-330b6b96 elementor-widget elementor-widget-heading\" data-id=\"330b6b96\" data-element_type=\"widget\" data-e-type=\"widget\" data-widget_type=\"heading.default\">\n\t\t\t\t\t<h3 class=\"elementor-heading-title elementor-size-default\">Quelques notions et comp\u00e9tences abord\u00e9es :<\/h3>\t\t\t\t<\/div>\n\t\t\t\t<div class=\"elementor-element elementor-element-29ac4026 elementor-widget-divider--view-line elementor-widget elementor-widget-divider\" data-id=\"29ac4026\" data-element_type=\"widget\" data-e-type=\"widget\" data-widget_type=\"divider.default\">\n\t\t\t\t\t\t\t<div class=\"elementor-divider\">\n\t\t\t<span class=\"elementor-divider-separator\">\n\t\t\t\t\t\t<\/span>\n\t\t<\/div>\n\t\t\t\t\t\t<\/div>\n\t\t<div class=\"elementor-element elementor-element-790e8071 e-con-full e-flex e-con e-child\" data-id=\"790e8071\" data-element_type=\"container\" data-e-type=\"container\">\n\t\t\t\t<div class=\"elementor-element elementor-element-daa55f elementor-widget elementor-widget-text-editor\" data-id=\"daa55f\" data-element_type=\"widget\" data-e-type=\"widget\" data-widget_type=\"text-editor.default\">\n\t\t\t\t\t\t\t\t\t<ul><li>Le bien-\u00eatre animal<\/li><li>Comportement naturel et facteurs de risque de la captivit\u00e9<\/li><li>Mise en place et \u00e9valuation des enrichissements utilis\u00e9s<\/li><\/ul>\t\t\t\t\t\t\t\t<\/div>\n\t\t\t\t<\/div>\n\t\t\t\t<div class=\"elementor-element elementor-element-b889397 elementor-align-center elementor-widget elementor-widget-button\" data-id=\"b889397\" data-element_type=\"widget\" data-e-type=\"widget\" data-widget_type=\"button.default\">\n\t\t\t\t\t\t\t\t\t\t<a class=\"elementor-button elementor-button-link elementor-size-sm\" href=\"mailto:contact@abconservation.org\">\n\t\t\t\t\t\t<span class=\"elementor-button-content-wrapper\">\n\t\t\t\t\t\t<span class=\"elementor-button-icon\">\n\t\t\t\t<svg aria-hidden=\"true\" class=\"e-font-icon-svg e-fas-paper-plane\" viewBox=\"0 0 512 512\" xmlns=\"http:\/\/www.w3.org\/2000\/svg\"><path d=\"M476 3.2L12.5 270.6c-18.1 10.4-15.8 35.6 2.2 43.2L121 358.4l287.3-253.2c5.5-4.9 13.3 2.6 8.6 8.3L176 407v80.5c0 23.6 28.5 32.9 42.5 15.8L282 426l124.6 52.2c14.2 6 30.4-2.9 33-18.2l72-432C515 7.8 493.3-6.8 476 3.2z\"><\/path><\/svg>\t\t\t<\/span>\n\t\t\t\t\t\t\t\t\t<span class=\"elementor-button-text\">NOUS CONTACTER<\/span>\n\t\t\t\t\t<\/span>\n\t\t\t\t\t<\/a>\n\t\t\t\t\t\t\t\t<\/div>\n\t\t\t\t\t<\/div>\n\t\t\t\t<\/div>\n\t\t\t\t<\/div>\n\t\t","protected":false},"excerpt":{"rendered":"<p>L&rsquo;enrichissement du milieu en captivit\u00e9 Atelier pour les scolaires et \/ ou conf\u00e9rence Tous public &#8211; Adultes, Enseignement sup\u00e9rieur, Familles, Scolaire \u2013 Cycle 3 et 4 20 personnes 1h30 \u00e0 3h00 selon les niveaux Objectifs A travers la notion de bien-\u00eatre animal en captivit\u00e9, la d\u00e9finition et pr\u00e9sentation des types d\u2019enrichissement, vous d\u00e9couvrirez les bases [&hellip;]<\/p>\n","protected":false},"author":1,"featured_media":0,"parent":2568,"menu_order":3,"comment_status":"closed","ping_status":"closed","template":"elementor_header_footer","meta":{"footnotes":""},"class_list":["post-3131","page","type-page","status-publish","hentry"],"yoast_head":"<!-- This site is optimized with the Yoast SEO plugin v27.5 - https:\/\/yoast.com\/product\/yoast-seo-wordpress\/ -->\n<title>L&#039;ENRICHISSEMENT DU MILIEU EN CAPTIVITE - ABConservation<\/title>\n<meta name=\"robots\" content=\"index, follow, max-snippet:-1, max-image-preview:large, max-video-preview:-1\" \/>\n<link rel=\"canonical\" href=\"https:\/\/www.abconservation.org\/fr\/prestations\/nos-animations\/lencrichissement-du-milieu-en-captivite\/\" \/>\n<meta property=\"og:locale\" content=\"fr_FR\" \/>\n<meta property=\"og:type\" content=\"article\" \/>\n<meta property=\"og:title\" content=\"L&#039;ENRICHISSEMENT DU MILIEU EN CAPTIVITE - ABConservation\" \/>\n<meta property=\"og:description\" content=\"L&rsquo;enrichissement du milieu en captivit\u00e9 Atelier pour les scolaires et \/ ou conf\u00e9rence Tous public &#8211; Adultes, Enseignement sup\u00e9rieur, Familles, Scolaire \u2013 Cycle 3 et 4 20 personnes 1h30 \u00e0 3h00 selon les niveaux Objectifs A travers la notion de bien-\u00eatre animal en captivit\u00e9, la d\u00e9finition et pr\u00e9sentation des types d\u2019enrichissement, vous d\u00e9couvrirez les bases [&hellip;]\" \/>\n<meta property=\"og:url\" content=\"https:\/\/www.abconservation.org\/fr\/prestations\/nos-animations\/lencrichissement-du-milieu-en-captivite\/\" \/>\n<meta property=\"og:site_name\" content=\"ABConservation\" \/>\n<meta property=\"article:publisher\" content=\"https:\/\/www.facebook.com\/ABConservation\" \/>\n<meta property=\"article:modified_time\" content=\"2025-02-20T22:48:14+00:00\" \/>\n<meta property=\"og:image\" content=\"https:\/\/www.abconservation.org\/wp-content\/uploads\/2025\/02\/Lenrichissement-du-milieu-en-captivite-e1738900527395.jpg\" \/>\n\t<meta property=\"og:image:width\" content=\"700\" \/>\n\t<meta property=\"og:image:height\" content=\"465\" \/>\n\t<meta property=\"og:image:type\" content=\"image\/jpeg\" \/>\n<meta name=\"twitter:card\" content=\"summary_large_image\" \/>\n<script type=\"application\/ld+json\" class=\"yoast-schema-graph\">{\"@context\":\"https:\\\/\\\/schema.org\",\"@graph\":[{\"@type\":\"WebPage\",\"@id\":\"https:\\\/\\\/www.abconservation.org\\\/prestations\\\/nos-animations\\\/lencrichissement-du-milieu-en-captivite\\\/\",\"url\":\"https:\\\/\\\/www.abconservation.org\\\/prestations\\\/nos-animations\\\/lencrichissement-du-milieu-en-captivite\\\/\",\"name\":\"L'ENRICHISSEMENT DU MILIEU EN CAPTIVITE - ABConservation\",\"isPartOf\":{\"@id\":\"https:\\\/\\\/www.abconservation.org\\\/#website\"},\"primaryImageOfPage\":{\"@id\":\"https:\\\/\\\/www.abconservation.org\\\/prestations\\\/nos-animations\\\/lencrichissement-du-milieu-en-captivite\\\/#primaryimage\"},\"image\":{\"@id\":\"https:\\\/\\\/www.abconservation.org\\\/prestations\\\/nos-animations\\\/lencrichissement-du-milieu-en-captivite\\\/#primaryimage\"},\"thumbnailUrl\":\"https:\\\/\\\/www.abconservation.org\\\/wp-content\\\/uploads\\\/2025\\\/02\\\/Lenrichissement-du-milieu-en-captivite-e1738900527395.jpg\",\"datePublished\":\"2025-01-26T09:05:42+00:00\",\"dateModified\":\"2025-02-20T22:48:14+00:00\",\"breadcrumb\":{\"@id\":\"https:\\\/\\\/www.abconservation.org\\\/prestations\\\/nos-animations\\\/lencrichissement-du-milieu-en-captivite\\\/#breadcrumb\"},\"inLanguage\":\"fr-FR\",\"potentialAction\":[{\"@type\":\"ReadAction\",\"target\":[\"https:\\\/\\\/www.abconservation.org\\\/prestations\\\/nos-animations\\\/lencrichissement-du-milieu-en-captivite\\\/\"]}]},{\"@type\":\"ImageObject\",\"inLanguage\":\"fr-FR\",\"@id\":\"https:\\\/\\\/www.abconservation.org\\\/prestations\\\/nos-animations\\\/lencrichissement-du-milieu-en-captivite\\\/#primaryimage\",\"url\":\"https:\\\/\\\/www.abconservation.org\\\/wp-content\\\/uploads\\\/2025\\\/02\\\/Lenrichissement-du-milieu-en-captivite-e1738900527395.jpg\",\"contentUrl\":\"https:\\\/\\\/www.abconservation.org\\\/wp-content\\\/uploads\\\/2025\\\/02\\\/Lenrichissement-du-milieu-en-captivite-e1738900527395.jpg\"},{\"@type\":\"BreadcrumbList\",\"@id\":\"https:\\\/\\\/www.abconservation.org\\\/prestations\\\/nos-animations\\\/lencrichissement-du-milieu-en-captivite\\\/#breadcrumb\",\"itemListElement\":[{\"@type\":\"ListItem\",\"position\":1,\"name\":\"ACCUEIL\",\"item\":\"https:\\\/\\\/www.abconservation.org\\\/\"},{\"@type\":\"ListItem\",\"position\":2,\"name\":\"PRESTATIONS\",\"item\":\"https:\\\/\\\/www.abconservation.org\\\/prestations\\\/\"},{\"@type\":\"ListItem\",\"position\":3,\"name\":\"NOS ANIMATIONS\",\"item\":\"https:\\\/\\\/www.abconservation.org\\\/prestations\\\/nos-animations\\\/\"},{\"@type\":\"ListItem\",\"position\":4,\"name\":\"L&rsquo;ENRICHISSEMENT DU MILIEU EN CAPTIVITE\"}]},{\"@type\":\"WebSite\",\"@id\":\"https:\\\/\\\/www.abconservation.org\\\/#website\",\"url\":\"https:\\\/\\\/www.abconservation.org\\\/\",\"name\":\"ABConservation\",\"description\":\"Etudier, sensibiliser, prot\u00e9ger\",\"publisher\":{\"@id\":\"https:\\\/\\\/www.abconservation.org\\\/#organization\"},\"potentialAction\":[{\"@type\":\"SearchAction\",\"target\":{\"@type\":\"EntryPoint\",\"urlTemplate\":\"https:\\\/\\\/www.abconservation.org\\\/?s={search_term_string}\"},\"query-input\":{\"@type\":\"PropertyValueSpecification\",\"valueRequired\":true,\"valueName\":\"search_term_string\"}}],\"inLanguage\":\"fr-FR\"},{\"@type\":\"Organization\",\"@id\":\"https:\\\/\\\/www.abconservation.org\\\/#organization\",\"name\":\"ABConservation\",\"url\":\"https:\\\/\\\/www.abconservation.org\\\/\",\"logo\":{\"@type\":\"ImageObject\",\"inLanguage\":\"fr-FR\",\"@id\":\"https:\\\/\\\/www.abconservation.org\\\/#\\\/schema\\\/logo\\\/image\\\/\",\"url\":\"https:\\\/\\\/www.abconservation.org\\\/wp-content\\\/uploads\\\/2024\\\/07\\\/cropped-abconservation-home3.png\",\"contentUrl\":\"https:\\\/\\\/www.abconservation.org\\\/wp-content\\\/uploads\\\/2024\\\/07\\\/cropped-abconservation-home3.png\",\"width\":485,\"height\":134,\"caption\":\"ABConservation\"},\"image\":{\"@id\":\"https:\\\/\\\/www.abconservation.org\\\/#\\\/schema\\\/logo\\\/image\\\/\"},\"sameAs\":[\"https:\\\/\\\/www.facebook.com\\\/ABConservation\",\"https:\\\/\\\/www.instagram.com\\\/abconservation\\\/\",\"https:\\\/\\\/www.youtube.com\\\/channel\\\/UCXU_mrwJG4tK6NPGMlWJdsA\",\"https:\\\/\\\/www.linkedin.com\\\/company\\\/arctictis-binturong-conservation\"]}]}<\/script>\n<!-- \/ Yoast SEO plugin. -->","yoast_head_json":{"title":"L'ENRICHISSEMENT DU MILIEU EN CAPTIVITE - ABConservation","robots":{"index":"index","follow":"follow","max-snippet":"max-snippet:-1","max-image-preview":"max-image-preview:large","max-video-preview":"max-video-preview:-1"},"canonical":"https:\/\/www.abconservation.org\/fr\/prestations\/nos-animations\/lencrichissement-du-milieu-en-captivite\/","og_locale":"fr_FR","og_type":"article","og_title":"L'ENRICHISSEMENT DU MILIEU EN CAPTIVITE - ABConservation","og_description":"L&rsquo;enrichissement du milieu en captivit\u00e9 Atelier pour les scolaires et \/ ou conf\u00e9rence Tous public &#8211; Adultes, Enseignement sup\u00e9rieur, Familles, Scolaire \u2013 Cycle 3 et 4 20 personnes 1h30 \u00e0 3h00 selon les niveaux Objectifs A travers la notion de bien-\u00eatre animal en captivit\u00e9, la d\u00e9finition et pr\u00e9sentation des types d\u2019enrichissement, vous d\u00e9couvrirez les bases [&hellip;]","og_url":"https:\/\/www.abconservation.org\/fr\/prestations\/nos-animations\/lencrichissement-du-milieu-en-captivite\/","og_site_name":"ABConservation","article_publisher":"https:\/\/www.facebook.com\/ABConservation","article_modified_time":"2025-02-20T22:48:14+00:00","og_image":[{"width":700,"height":465,"url":"https:\/\/www.abconservation.org\/wp-content\/uploads\/2025\/02\/Lenrichissement-du-milieu-en-captivite-e1738900527395.jpg","type":"image\/jpeg"}],"twitter_card":"summary_large_image","schema":{"@context":"https:\/\/schema.org","@graph":[{"@type":"WebPage","@id":"https:\/\/www.abconservation.org\/prestations\/nos-animations\/lencrichissement-du-milieu-en-captivite\/","url":"https:\/\/www.abconservation.org\/prestations\/nos-animations\/lencrichissement-du-milieu-en-captivite\/","name":"L'ENRICHISSEMENT DU MILIEU EN CAPTIVITE - ABConservation","isPartOf":{"@id":"https:\/\/www.abconservation.org\/#website"},"primaryImageOfPage":{"@id":"https:\/\/www.abconservation.org\/prestations\/nos-animations\/lencrichissement-du-milieu-en-captivite\/#primaryimage"},"image":{"@id":"https:\/\/www.abconservation.org\/prestations\/nos-animations\/lencrichissement-du-milieu-en-captivite\/#primaryimage"},"thumbnailUrl":"https:\/\/www.abconservation.org\/wp-content\/uploads\/2025\/02\/Lenrichissement-du-milieu-en-captivite-e1738900527395.jpg","datePublished":"2025-01-26T09:05:42+00:00","dateModified":"2025-02-20T22:48:14+00:00","breadcrumb":{"@id":"https:\/\/www.abconservation.org\/prestations\/nos-animations\/lencrichissement-du-milieu-en-captivite\/#breadcrumb"},"inLanguage":"fr-FR","potentialAction":[{"@type":"ReadAction","target":["https:\/\/www.abconservation.org\/prestations\/nos-animations\/lencrichissement-du-milieu-en-captivite\/"]}]},{"@type":"ImageObject","inLanguage":"fr-FR","@id":"https:\/\/www.abconservation.org\/prestations\/nos-animations\/lencrichissement-du-milieu-en-captivite\/#primaryimage","url":"https:\/\/www.abconservation.org\/wp-content\/uploads\/2025\/02\/Lenrichissement-du-milieu-en-captivite-e1738900527395.jpg","contentUrl":"https:\/\/www.abconservation.org\/wp-content\/uploads\/2025\/02\/Lenrichissement-du-milieu-en-captivite-e1738900527395.jpg"},{"@type":"BreadcrumbList","@id":"https:\/\/www.abconservation.org\/prestations\/nos-animations\/lencrichissement-du-milieu-en-captivite\/#breadcrumb","itemListElement":[{"@type":"ListItem","position":1,"name":"ACCUEIL","item":"https:\/\/www.abconservation.org\/"},{"@type":"ListItem","position":2,"name":"PRESTATIONS","item":"https:\/\/www.abconservation.org\/prestations\/"},{"@type":"ListItem","position":3,"name":"NOS ANIMATIONS","item":"https:\/\/www.abconservation.org\/prestations\/nos-animations\/"},{"@type":"ListItem","position":4,"name":"L&rsquo;ENRICHISSEMENT DU MILIEU EN CAPTIVITE"}]},{"@type":"WebSite","@id":"https:\/\/www.abconservation.org\/#website","url":"https:\/\/www.abconservation.org\/","name":"ABConservation","description":"Etudier, sensibiliser, prot\u00e9ger","publisher":{"@id":"https:\/\/www.abconservation.org\/#organization"},"potentialAction":[{"@type":"SearchAction","target":{"@type":"EntryPoint","urlTemplate":"https:\/\/www.abconservation.org\/?s={search_term_string}"},"query-input":{"@type":"PropertyValueSpecification","valueRequired":true,"valueName":"search_term_string"}}],"inLanguage":"fr-FR"},{"@type":"Organization","@id":"https:\/\/www.abconservation.org\/#organization","name":"ABConservation","url":"https:\/\/www.abconservation.org\/","logo":{"@type":"ImageObject","inLanguage":"fr-FR","@id":"https:\/\/www.abconservation.org\/#\/schema\/logo\/image\/","url":"https:\/\/www.abconservation.org\/wp-content\/uploads\/2024\/07\/cropped-abconservation-home3.png","contentUrl":"https:\/\/www.abconservation.org\/wp-content\/uploads\/2024\/07\/cropped-abconservation-home3.png","width":485,"height":134,"caption":"ABConservation"},"image":{"@id":"https:\/\/www.abconservation.org\/#\/schema\/logo\/image\/"},"sameAs":["https:\/\/www.facebook.com\/ABConservation","https:\/\/www.instagram.com\/abconservation\/","https:\/\/www.youtube.com\/channel\/UCXU_mrwJG4tK6NPGMlWJdsA","https:\/\/www.linkedin.com\/company\/arctictis-binturong-conservation"]}]}},"_links":{"self":[{"href":"https:\/\/www.abconservation.org\/fr\/wp-json\/wp\/v2\/pages\/3131","targetHints":{"allow":["GET"]}}],"collection":[{"href":"https:\/\/www.abconservation.org\/fr\/wp-json\/wp\/v2\/pages"}],"about":[{"href":"https:\/\/www.abconservation.org\/fr\/wp-json\/wp\/v2\/types\/page"}],"author":[{"embeddable":true,"href":"https:\/\/www.abconservation.org\/fr\/wp-json\/wp\/v2\/users\/1"}],"replies":[{"embeddable":true,"href":"https:\/\/www.abconservation.org\/fr\/wp-json\/wp\/v2\/comments?post=3131"}],"version-history":[{"count":23,"href":"https:\/\/www.abconservation.org\/fr\/wp-json\/wp\/v2\/pages\/3131\/revisions"}],"predecessor-version":[{"id":4974,"href":"https:\/\/www.abconservation.org\/fr\/wp-json\/wp\/v2\/pages\/3131\/revisions\/4974"}],"up":[{"embeddable":true,"href":"https:\/\/www.abconservation.org\/fr\/wp-json\/wp\/v2\/pages\/2568"}],"wp:attachment":[{"href":"https:\/\/www.abconservation.org\/fr\/wp-json\/wp\/v2\/media?parent=3131"}],"curies":[{"name":"wp","href":"https:\/\/api.w.org\/{rel}","templated":true}]}}