{"id":3127,"date":"2025-01-26T10:04:17","date_gmt":"2025-01-26T09:04:17","guid":{"rendered":"https:\/\/pab.abconservation.org\/?page_id=3127"},"modified":"2025-02-20T23:46:00","modified_gmt":"2025-02-20T22:46:00","slug":"compte-a-rebours-pour-les-binturongs","status":"publish","type":"page","link":"https:\/\/www.abconservation.org\/fr\/prestations\/nos-animations\/compte-a-rebours-pour-les-binturongs\/","title":{"rendered":"COMPTE A REBOURS POUR LES BINTURONGS"},"content":{"rendered":"\t\t<div data-elementor-type=\"wp-page\" data-elementor-id=\"3127\" class=\"elementor elementor-3127\" data-elementor-post-type=\"page\">\n\t\t\t\t<div class=\"elementor-element elementor-element-7633c03a e-flex e-con-boxed e-con e-parent\" data-id=\"7633c03a\" data-element_type=\"container\" data-e-type=\"container\" data-settings=\"{&quot;animation&quot;:&quot;none&quot;}\">\n\t\t\t\t\t<div class=\"e-con-inner\">\n\t\t<div class=\"elementor-element elementor-element-4cc4ff92 e-con-full e-flex e-con e-child\" data-id=\"4cc4ff92\" data-element_type=\"container\" data-e-type=\"container\">\n\t\t\t\t<div class=\"elementor-element elementor-element-485940df elementor-widget elementor-widget-breadcrumbs\" data-id=\"485940df\" data-element_type=\"widget\" data-e-type=\"widget\" data-widget_type=\"breadcrumbs.default\">\n\t\t\t\t\t<p id=\"breadcrumbs\"><span><span><a href=\"https:\/\/www.abconservation.org\/\">ACCUEIL<\/a><\/span><\/span><\/p>\t\t\t\t<\/div>\n\t\t\t\t<div class=\"elementor-element elementor-element-4926f1ac elementor-widget elementor-widget-heading\" data-id=\"4926f1ac\" data-element_type=\"widget\" data-e-type=\"widget\" data-widget_type=\"heading.default\">\n\t\t\t\t\t<h1 class=\"elementor-heading-title elementor-size-default\">Compte \u00e0 rebours pour les binturongs<\/h1>\t\t\t\t<\/div>\n\t\t\t\t<div class=\"elementor-element elementor-element-2f1964e8 elementor-widget-divider--view-line elementor-widget elementor-widget-divider\" data-id=\"2f1964e8\" data-element_type=\"widget\" data-e-type=\"widget\" data-widget_type=\"divider.default\">\n\t\t\t\t\t\t\t<div class=\"elementor-divider\">\n\t\t\t<span class=\"elementor-divider-separator\">\n\t\t\t\t\t\t<\/span>\n\t\t<\/div>\n\t\t\t\t\t\t<\/div>\n\t\t<div class=\"elementor-element elementor-element-2b016ac2 e-con-full e-flex e-con e-child\" data-id=\"2b016ac2\" data-element_type=\"container\" data-e-type=\"container\">\n\t\t\t\t<div class=\"elementor-element elementor-element-3b6141c1 elementor-view-default elementor-widget elementor-widget-icon\" data-id=\"3b6141c1\" data-element_type=\"widget\" data-e-type=\"widget\" data-widget_type=\"icon.default\">\n\t\t\t\t\t\t\t<div class=\"elementor-icon-wrapper\">\n\t\t\t<div class=\"elementor-icon\">\n\t\t\t<svg aria-hidden=\"true\" class=\"e-font-icon-svg e-fas-tag\" viewBox=\"0 0 512 512\" xmlns=\"http:\/\/www.w3.org\/2000\/svg\"><path d=\"M0 252.118V48C0 21.49 21.49 0 48 0h204.118a48 48 0 0 1 33.941 14.059l211.882 211.882c18.745 18.745 18.745 49.137 0 67.882L293.823 497.941c-18.745 18.745-49.137 18.745-67.882 0L14.059 286.059A48 48 0 0 1 0 252.118zM112 64c-26.51 0-48 21.49-48 48s21.49 48 48 48 48-21.49 48-48-21.49-48-48-48z\"><\/path><\/svg>\t\t\t<\/div>\n\t\t<\/div>\n\t\t\t\t\t\t<\/div>\n\t\t<div class=\"elementor-element elementor-element-5ac1e74d e-con-full e-flex e-con e-child\" data-id=\"5ac1e74d\" data-element_type=\"container\" data-e-type=\"container\">\n\t\t\t\t<div class=\"elementor-element elementor-element-19679b6b elementor-widget elementor-widget-text-editor\" data-id=\"19679b6b\" data-element_type=\"widget\" data-e-type=\"widget\" data-widget_type=\"text-editor.default\">\n\t\t\t\t\t\t\t\t\t<p>Escape game p\u00e9dagogique<\/p>\t\t\t\t\t\t\t\t<\/div>\n\t\t\t\t<\/div>\n\t\t\t\t<\/div>\n\t\t<div class=\"elementor-element elementor-element-121dd8d1 e-con-full e-flex e-con e-child\" data-id=\"121dd8d1\" data-element_type=\"container\" data-e-type=\"container\">\n\t\t\t\t<div class=\"elementor-element elementor-element-65fd657 elementor-view-default elementor-widget elementor-widget-icon\" data-id=\"65fd657\" data-element_type=\"widget\" data-e-type=\"widget\" data-widget_type=\"icon.default\">\n\t\t\t\t\t\t\t<div class=\"elementor-icon-wrapper\">\n\t\t\t<div class=\"elementor-icon\">\n\t\t\t<svg aria-hidden=\"true\" class=\"e-font-icon-svg e-fas-user-friends\" viewBox=\"0 0 640 512\" xmlns=\"http:\/\/www.w3.org\/2000\/svg\"><path d=\"M192 256c61.9 0 112-50.1 112-112S253.9 32 192 32 80 82.1 80 144s50.1 112 112 112zm76.8 32h-8.3c-20.8 10-43.9 16-68.5 16s-47.6-6-68.5-16h-8.3C51.6 288 0 339.6 0 403.2V432c0 26.5 21.5 48 48 48h288c26.5 0 48-21.5 48-48v-28.8c0-63.6-51.6-115.2-115.2-115.2zM480 256c53 0 96-43 96-96s-43-96-96-96-96 43-96 96 43 96 96 96zm48 32h-3.8c-13.9 4.8-28.6 8-44.2 8s-30.3-3.2-44.2-8H432c-20.4 0-39.2 5.9-55.7 15.4 24.4 26.3 39.7 61.2 39.7 99.8v38.4c0 2.2-.5 4.3-.6 6.4H592c26.5 0 48-21.5 48-48 0-61.9-50.1-112-112-112z\"><\/path><\/svg>\t\t\t<\/div>\n\t\t<\/div>\n\t\t\t\t\t\t<\/div>\n\t\t<div class=\"elementor-element elementor-element-22b7ee0a e-con-full e-flex e-con e-child\" data-id=\"22b7ee0a\" data-element_type=\"container\" data-e-type=\"container\">\n\t\t\t\t<div class=\"elementor-element elementor-element-404beff2 elementor-widget elementor-widget-text-editor\" data-id=\"404beff2\" data-element_type=\"widget\" data-e-type=\"widget\" data-widget_type=\"text-editor.default\">\n\t\t\t\t\t\t\t\t\t<p>Tous public \u00e0 partir de 12 ans, Grandes \u00e9coles Enseignement sup\u00e9rieur, Entreprises, Adultes, Familles, Scolaire \u2013 Lyc\u00e9e<\/p>\t\t\t\t\t\t\t\t<\/div>\n\t\t\t\t<\/div>\n\t\t\t\t<\/div>\n\t\t<div class=\"elementor-element elementor-element-43b2343d e-con-full e-flex e-con e-child\" data-id=\"43b2343d\" data-element_type=\"container\" data-e-type=\"container\">\n\t\t\t\t<div class=\"elementor-element elementor-element-1660c3bc elementor-view-default elementor-widget elementor-widget-icon\" data-id=\"1660c3bc\" data-element_type=\"widget\" data-e-type=\"widget\" data-widget_type=\"icon.default\">\n\t\t\t\t\t\t\t<div class=\"elementor-icon-wrapper\">\n\t\t\t<div class=\"elementor-icon\">\n\t\t\t<svg aria-hidden=\"true\" class=\"e-font-icon-svg e-fas-less-than-equal\" viewBox=\"0 0 448 512\" xmlns=\"http:\/\/www.w3.org\/2000\/svg\"><path d=\"M54.98 214.2l301.41 119.87c18.39 6.03 38.71-2.54 45.38-19.15l12.09-30.08c6.68-16.61-2.82-34.97-21.21-41l-175.44-68.05 175.56-68.09c18.29-6 27.74-24.27 21.1-40.79l-12.03-29.92c-6.64-16.53-26.86-25.06-45.15-19.06L54.98 137.89C41.21 142.41 32 154.5 32 168.07v15.96c0 13.56 9.21 25.65 22.98 30.17zM424 400H24c-13.25 0-24 10.74-24 24v48c0 13.25 10.75 24 24 24h400c13.25 0 24-10.75 24-24v-48c0-13.26-10.75-24-24-24z\"><\/path><\/svg>\t\t\t<\/div>\n\t\t<\/div>\n\t\t\t\t\t\t<\/div>\n\t\t<div class=\"elementor-element elementor-element-4200c0eb e-con-full e-flex e-con e-child\" data-id=\"4200c0eb\" data-element_type=\"container\" data-e-type=\"container\">\n\t\t\t\t<div class=\"elementor-element elementor-element-6d4f2a44 elementor-widget elementor-widget-text-editor\" data-id=\"6d4f2a44\" data-element_type=\"widget\" data-e-type=\"widget\" data-widget_type=\"text-editor.default\">\n\t\t\t\t\t\t\t\t\t<p>2 \u00e0 7 personnes par session<\/p>\t\t\t\t\t\t\t\t<\/div>\n\t\t\t\t<\/div>\n\t\t\t\t<\/div>\n\t\t<div class=\"elementor-element elementor-element-46c7988d e-con-full e-flex e-con e-child\" data-id=\"46c7988d\" data-element_type=\"container\" data-e-type=\"container\">\n\t\t\t\t<div class=\"elementor-element elementor-element-777a80e4 elementor-view-default elementor-widget elementor-widget-icon\" data-id=\"777a80e4\" data-element_type=\"widget\" data-e-type=\"widget\" data-widget_type=\"icon.default\">\n\t\t\t\t\t\t\t<div class=\"elementor-icon-wrapper\">\n\t\t\t<div class=\"elementor-icon\">\n\t\t\t<svg aria-hidden=\"true\" class=\"e-font-icon-svg e-fas-clock\" viewBox=\"0 0 512 512\" xmlns=\"http:\/\/www.w3.org\/2000\/svg\"><path d=\"M256,8C119,8,8,119,8,256S119,504,256,504,504,393,504,256,393,8,256,8Zm92.49,313h0l-20,25a16,16,0,0,1-22.49,2.5h0l-67-49.72a40,40,0,0,1-15-31.23V112a16,16,0,0,1,16-16h32a16,16,0,0,1,16,16V256l58,42.5A16,16,0,0,1,348.49,321Z\"><\/path><\/svg>\t\t\t<\/div>\n\t\t<\/div>\n\t\t\t\t\t\t<\/div>\n\t\t<div class=\"elementor-element elementor-element-7770ee65 e-con-full e-flex e-con e-child\" data-id=\"7770ee65\" data-element_type=\"container\" data-e-type=\"container\">\n\t\t\t\t<div class=\"elementor-element elementor-element-4a1bfb27 elementor-widget elementor-widget-text-editor\" data-id=\"4a1bfb27\" data-element_type=\"widget\" data-e-type=\"widget\" data-widget_type=\"text-editor.default\">\n\t\t\t\t\t\t\t\t\t<p>1 h \/ session (+ temps de pr\u00e9paration et rangement)<\/p>\t\t\t\t\t\t\t\t<\/div>\n\t\t\t\t<\/div>\n\t\t\t\t<\/div>\n\t\t\t\t<\/div>\n\t\t<div class=\"elementor-element elementor-element-ea52cb9 e-con-full e-flex e-con e-child\" data-id=\"ea52cb9\" data-element_type=\"container\" data-e-type=\"container\">\n\t\t\t\t<div class=\"elementor-element elementor-element-1aaddcec elementor-widget elementor-widget-image\" data-id=\"1aaddcec\" data-element_type=\"widget\" data-e-type=\"widget\" data-widget_type=\"image.default\">\n\t\t\t\t\t\t\t\t\t\t\t\t\t\t\t<img fetchpriority=\"high\" decoding=\"async\" width=\"652\" height=\"433\" src=\"https:\/\/www.abconservation.org\/wp-content\/uploads\/2025\/02\/Escape-game-pedagogique-e1738901804146.jpg\" class=\"attachment-large size-large wp-image-3796\" alt=\"\" srcset=\"https:\/\/www.abconservation.org\/wp-content\/uploads\/2025\/02\/Escape-game-pedagogique-e1738901804146.jpg 652w, https:\/\/www.abconservation.org\/wp-content\/uploads\/2025\/02\/Escape-game-pedagogique-e1738901804146-300x199.jpg 300w, https:\/\/www.abconservation.org\/wp-content\/uploads\/2025\/02\/Escape-game-pedagogique-e1738901804146-18x12.jpg 18w\" sizes=\"(max-width: 652px) 100vw, 652px\" \/>\t\t\t\t\t\t\t\t\t\t\t\t\t\t\t<\/div>\n\t\t\t\t<\/div>\n\t\t\t\t\t<\/div>\n\t\t\t\t<\/div>\n\t\t<div class=\"elementor-element elementor-element-4ea1b3d6 e-flex e-con-boxed e-con e-parent\" data-id=\"4ea1b3d6\" data-element_type=\"container\" data-e-type=\"container\" data-settings=\"{&quot;background_background&quot;:&quot;classic&quot;}\">\n\t\t\t\t\t<div class=\"e-con-inner\">\n\t\t\t\t<div class=\"elementor-element elementor-element-2361f5c8 elementor-widget elementor-widget-heading\" data-id=\"2361f5c8\" data-element_type=\"widget\" data-e-type=\"widget\" data-widget_type=\"heading.default\">\n\t\t\t\t\t<h3 class=\"elementor-heading-title elementor-size-default\">Objectifs<\/h3>\t\t\t\t<\/div>\n\t\t\t\t<div class=\"elementor-element elementor-element-75312ab2 elementor-widget-divider--view-line elementor-widget elementor-widget-divider\" data-id=\"75312ab2\" data-element_type=\"widget\" data-e-type=\"widget\" data-widget_type=\"divider.default\">\n\t\t\t\t\t\t\t<div class=\"elementor-divider\">\n\t\t\t<span class=\"elementor-divider-separator\">\n\t\t\t\t\t\t<\/span>\n\t\t<\/div>\n\t\t\t\t\t\t<\/div>\n\t\t<div class=\"elementor-element elementor-element-568e2f8e e-con-full e-flex e-con e-child\" data-id=\"568e2f8e\" data-element_type=\"container\" data-e-type=\"container\">\n\t\t\t\t<div class=\"elementor-element elementor-element-7cad507c elementor-widget elementor-widget-text-editor\" data-id=\"7cad507c\" data-element_type=\"widget\" data-e-type=\"widget\" data-widget_type=\"text-editor.default\">\n\t\t\t\t\t\t\t\t\t<p>Au travers d\u2019un scenario autour de notre animal totem (le binturong) et de notre travail de recherche, nous aborderons diff\u00e9rents sujets li\u00e9s aux probl\u00e8mes environnementaux : la destruction du milieu, la pollution plastique, le changement climatique et la disparition des esp\u00e8ces. Gr\u00e2ce \u00e0 cet escape game p\u00e9dagogique, les participants pourront, de mani\u00e8re ludique, d\u00e9couvrir ou approfondir ces th\u00e9matiques et devenir acteurs de leur citoyennet\u00e9.<\/p>\t\t\t\t\t\t\t\t<\/div>\n\t\t\t\t<\/div>\n\t\t\t\t\t<\/div>\n\t\t\t\t<\/div>\n\t\t<div class=\"elementor-element elementor-element-f473dcc e-flex e-con-boxed e-con e-parent\" data-id=\"f473dcc\" data-element_type=\"container\" data-e-type=\"container\" data-settings=\"{&quot;background_background&quot;:&quot;classic&quot;}\">\n\t\t\t\t\t<div class=\"e-con-inner\">\n\t\t\t\t<div class=\"elementor-element elementor-element-8a9ec24 elementor-widget elementor-widget-heading\" data-id=\"8a9ec24\" data-element_type=\"widget\" data-e-type=\"widget\" data-widget_type=\"heading.default\">\n\t\t\t\t\t<h3 class=\"elementor-heading-title elementor-size-default\">Quelques notions et comp\u00e9tences abord\u00e9es :<\/h3>\t\t\t\t<\/div>\n\t\t\t\t<div class=\"elementor-element elementor-element-1b83f8c elementor-widget-divider--view-line elementor-widget elementor-widget-divider\" data-id=\"1b83f8c\" data-element_type=\"widget\" data-e-type=\"widget\" data-widget_type=\"divider.default\">\n\t\t\t\t\t\t\t<div class=\"elementor-divider\">\n\t\t\t<span class=\"elementor-divider-separator\">\n\t\t\t\t\t\t<\/span>\n\t\t<\/div>\n\t\t\t\t\t\t<\/div>\n\t\t<div class=\"elementor-element elementor-element-c27ef4a e-con-full e-flex e-con e-child\" data-id=\"c27ef4a\" data-element_type=\"container\" data-e-type=\"container\">\n\t\t\t\t<div class=\"elementor-element elementor-element-5828090 elementor-widget elementor-widget-text-editor\" data-id=\"5828090\" data-element_type=\"widget\" data-e-type=\"widget\" data-widget_type=\"text-editor.default\">\n\t\t\t\t\t\t\t\t\t<ul><li>D\u00e9couvrir les menaces pesant sur la biodiversit\u00e9<\/li><li>Mettre en \u00e9vidence l\u2019impact de l\u2019Homme sur la biodiversit\u00e9, enjeux environnementaux<\/li><li>Identifier les moyens d\u2019actions que nous pouvons mettre en place<\/li><li>Collaboration, \u00e9coute et prise de parole<\/li><\/ul>\t\t\t\t\t\t\t\t<\/div>\n\t\t\t\t<\/div>\n\t\t\t\t<div class=\"elementor-element elementor-element-27688a5 elementor-align-center elementor-widget elementor-widget-button\" data-id=\"27688a5\" data-element_type=\"widget\" data-e-type=\"widget\" data-widget_type=\"button.default\">\n\t\t\t\t\t\t\t\t\t\t<a class=\"elementor-button elementor-button-link elementor-size-sm\" href=\"mailto:contact@abconservation.org\">\n\t\t\t\t\t\t<span class=\"elementor-button-content-wrapper\">\n\t\t\t\t\t\t<span class=\"elementor-button-icon\">\n\t\t\t\t<svg aria-hidden=\"true\" class=\"e-font-icon-svg e-fas-paper-plane\" viewBox=\"0 0 512 512\" xmlns=\"http:\/\/www.w3.org\/2000\/svg\"><path d=\"M476 3.2L12.5 270.6c-18.1 10.4-15.8 35.6 2.2 43.2L121 358.4l287.3-253.2c5.5-4.9 13.3 2.6 8.6 8.3L176 407v80.5c0 23.6 28.5 32.9 42.5 15.8L282 426l124.6 52.2c14.2 6 30.4-2.9 33-18.2l72-432C515 7.8 493.3-6.8 476 3.2z\"><\/path><\/svg>\t\t\t<\/span>\n\t\t\t\t\t\t\t\t\t<span class=\"elementor-button-text\">NOUS CONTACTER<\/span>\n\t\t\t\t\t<\/span>\n\t\t\t\t\t<\/a>\n\t\t\t\t\t\t\t\t<\/div>\n\t\t\t\t\t<\/div>\n\t\t\t\t<\/div>\n\t\t\t\t<\/div>\n\t\t","protected":false},"excerpt":{"rendered":"<p>Compte \u00e0 rebours pour les binturongs Escape game p\u00e9dagogique Tous public \u00e0 partir de 12 ans, Grandes \u00e9coles Enseignement sup\u00e9rieur, Entreprises, Adultes, Familles, Scolaire \u2013 Lyc\u00e9e 2 \u00e0 7 personnes par session 1 h \/ session (+ temps de pr\u00e9paration et rangement) Objectifs Au travers d\u2019un scenario autour de notre animal totem (le binturong) et [&hellip;]<\/p>\n","protected":false},"author":1,"featured_media":0,"parent":2568,"menu_order":1,"comment_status":"closed","ping_status":"closed","template":"elementor_header_footer","meta":{"footnotes":""},"class_list":["post-3127","page","type-page","status-publish","hentry"],"yoast_head":"<!-- This site is optimized with the Yoast SEO plugin v27.5 - https:\/\/yoast.com\/product\/yoast-seo-wordpress\/ -->\n<title>COMPTE A REBOURS POUR LES BINTURONGS - ABConservation<\/title>\n<meta name=\"robots\" content=\"index, follow, max-snippet:-1, max-image-preview:large, max-video-preview:-1\" \/>\n<link rel=\"canonical\" href=\"https:\/\/www.abconservation.org\/fr\/prestations\/nos-animations\/compte-a-rebours-pour-les-binturongs\/\" \/>\n<meta property=\"og:locale\" content=\"fr_FR\" \/>\n<meta property=\"og:type\" content=\"article\" \/>\n<meta property=\"og:title\" content=\"COMPTE A REBOURS POUR LES BINTURONGS - ABConservation\" \/>\n<meta property=\"og:description\" content=\"Compte \u00e0 rebours pour les binturongs Escape game p\u00e9dagogique Tous public \u00e0 partir de 12 ans, Grandes \u00e9coles Enseignement sup\u00e9rieur, Entreprises, Adultes, Familles, Scolaire \u2013 Lyc\u00e9e 2 \u00e0 7 personnes par session 1 h \/ session (+ temps de pr\u00e9paration et rangement) Objectifs Au travers d\u2019un scenario autour de notre animal totem (le binturong) et [&hellip;]\" \/>\n<meta property=\"og:url\" content=\"https:\/\/www.abconservation.org\/fr\/prestations\/nos-animations\/compte-a-rebours-pour-les-binturongs\/\" \/>\n<meta property=\"og:site_name\" content=\"ABConservation\" \/>\n<meta property=\"article:publisher\" content=\"https:\/\/www.facebook.com\/ABConservation\" \/>\n<meta property=\"article:modified_time\" content=\"2025-02-20T22:46:00+00:00\" \/>\n<meta property=\"og:image\" content=\"https:\/\/www.abconservation.org\/wp-content\/uploads\/2025\/02\/Escape-game-pedagogique-e1738901804146.jpg\" \/>\n\t<meta property=\"og:image:width\" content=\"652\" \/>\n\t<meta property=\"og:image:height\" content=\"433\" \/>\n\t<meta property=\"og:image:type\" content=\"image\/jpeg\" \/>\n<meta name=\"twitter:card\" content=\"summary_large_image\" \/>\n<script type=\"application\/ld+json\" class=\"yoast-schema-graph\">{\"@context\":\"https:\\\/\\\/schema.org\",\"@graph\":[{\"@type\":\"WebPage\",\"@id\":\"https:\\\/\\\/www.abconservation.org\\\/prestations\\\/nos-animations\\\/compte-a-rebours-pour-les-binturongs\\\/\",\"url\":\"https:\\\/\\\/www.abconservation.org\\\/prestations\\\/nos-animations\\\/compte-a-rebours-pour-les-binturongs\\\/\",\"name\":\"COMPTE A REBOURS POUR LES BINTURONGS - ABConservation\",\"isPartOf\":{\"@id\":\"https:\\\/\\\/www.abconservation.org\\\/#website\"},\"primaryImageOfPage\":{\"@id\":\"https:\\\/\\\/www.abconservation.org\\\/prestations\\\/nos-animations\\\/compte-a-rebours-pour-les-binturongs\\\/#primaryimage\"},\"image\":{\"@id\":\"https:\\\/\\\/www.abconservation.org\\\/prestations\\\/nos-animations\\\/compte-a-rebours-pour-les-binturongs\\\/#primaryimage\"},\"thumbnailUrl\":\"https:\\\/\\\/www.abconservation.org\\\/wp-content\\\/uploads\\\/2025\\\/02\\\/Escape-game-pedagogique-e1738901804146.jpg\",\"datePublished\":\"2025-01-26T09:04:17+00:00\",\"dateModified\":\"2025-02-20T22:46:00+00:00\",\"breadcrumb\":{\"@id\":\"https:\\\/\\\/www.abconservation.org\\\/prestations\\\/nos-animations\\\/compte-a-rebours-pour-les-binturongs\\\/#breadcrumb\"},\"inLanguage\":\"fr-FR\",\"potentialAction\":[{\"@type\":\"ReadAction\",\"target\":[\"https:\\\/\\\/www.abconservation.org\\\/prestations\\\/nos-animations\\\/compte-a-rebours-pour-les-binturongs\\\/\"]}]},{\"@type\":\"ImageObject\",\"inLanguage\":\"fr-FR\",\"@id\":\"https:\\\/\\\/www.abconservation.org\\\/prestations\\\/nos-animations\\\/compte-a-rebours-pour-les-binturongs\\\/#primaryimage\",\"url\":\"https:\\\/\\\/www.abconservation.org\\\/wp-content\\\/uploads\\\/2025\\\/02\\\/Escape-game-pedagogique-e1738901804146.jpg\",\"contentUrl\":\"https:\\\/\\\/www.abconservation.org\\\/wp-content\\\/uploads\\\/2025\\\/02\\\/Escape-game-pedagogique-e1738901804146.jpg\"},{\"@type\":\"BreadcrumbList\",\"@id\":\"https:\\\/\\\/www.abconservation.org\\\/prestations\\\/nos-animations\\\/compte-a-rebours-pour-les-binturongs\\\/#breadcrumb\",\"itemListElement\":[{\"@type\":\"ListItem\",\"position\":1,\"name\":\"ACCUEIL\",\"item\":\"https:\\\/\\\/www.abconservation.org\\\/\"},{\"@type\":\"ListItem\",\"position\":2,\"name\":\"PRESTATIONS\",\"item\":\"https:\\\/\\\/www.abconservation.org\\\/prestations\\\/\"},{\"@type\":\"ListItem\",\"position\":3,\"name\":\"NOS ANIMATIONS\",\"item\":\"https:\\\/\\\/www.abconservation.org\\\/prestations\\\/nos-animations\\\/\"},{\"@type\":\"ListItem\",\"position\":4,\"name\":\"COMPTE A REBOURS POUR LES BINTURONGS\"}]},{\"@type\":\"WebSite\",\"@id\":\"https:\\\/\\\/www.abconservation.org\\\/#website\",\"url\":\"https:\\\/\\\/www.abconservation.org\\\/\",\"name\":\"ABConservation\",\"description\":\"Etudier, sensibiliser, prot\u00e9ger\",\"publisher\":{\"@id\":\"https:\\\/\\\/www.abconservation.org\\\/#organization\"},\"potentialAction\":[{\"@type\":\"SearchAction\",\"target\":{\"@type\":\"EntryPoint\",\"urlTemplate\":\"https:\\\/\\\/www.abconservation.org\\\/?s={search_term_string}\"},\"query-input\":{\"@type\":\"PropertyValueSpecification\",\"valueRequired\":true,\"valueName\":\"search_term_string\"}}],\"inLanguage\":\"fr-FR\"},{\"@type\":\"Organization\",\"@id\":\"https:\\\/\\\/www.abconservation.org\\\/#organization\",\"name\":\"ABConservation\",\"url\":\"https:\\\/\\\/www.abconservation.org\\\/\",\"logo\":{\"@type\":\"ImageObject\",\"inLanguage\":\"fr-FR\",\"@id\":\"https:\\\/\\\/www.abconservation.org\\\/#\\\/schema\\\/logo\\\/image\\\/\",\"url\":\"https:\\\/\\\/www.abconservation.org\\\/wp-content\\\/uploads\\\/2024\\\/07\\\/cropped-abconservation-home3.png\",\"contentUrl\":\"https:\\\/\\\/www.abconservation.org\\\/wp-content\\\/uploads\\\/2024\\\/07\\\/cropped-abconservation-home3.png\",\"width\":485,\"height\":134,\"caption\":\"ABConservation\"},\"image\":{\"@id\":\"https:\\\/\\\/www.abconservation.org\\\/#\\\/schema\\\/logo\\\/image\\\/\"},\"sameAs\":[\"https:\\\/\\\/www.facebook.com\\\/ABConservation\",\"https:\\\/\\\/www.instagram.com\\\/abconservation\\\/\",\"https:\\\/\\\/www.youtube.com\\\/channel\\\/UCXU_mrwJG4tK6NPGMlWJdsA\",\"https:\\\/\\\/www.linkedin.com\\\/company\\\/arctictis-binturong-conservation\"]}]}<\/script>\n<!-- \/ Yoast SEO plugin. -->","yoast_head_json":{"title":"COMPTE A REBOURS POUR LES BINTURONGS - ABConservation","robots":{"index":"index","follow":"follow","max-snippet":"max-snippet:-1","max-image-preview":"max-image-preview:large","max-video-preview":"max-video-preview:-1"},"canonical":"https:\/\/www.abconservation.org\/fr\/prestations\/nos-animations\/compte-a-rebours-pour-les-binturongs\/","og_locale":"fr_FR","og_type":"article","og_title":"COMPTE A REBOURS POUR LES BINTURONGS - ABConservation","og_description":"Compte \u00e0 rebours pour les binturongs Escape game p\u00e9dagogique Tous public \u00e0 partir de 12 ans, Grandes \u00e9coles Enseignement sup\u00e9rieur, Entreprises, Adultes, Familles, Scolaire \u2013 Lyc\u00e9e 2 \u00e0 7 personnes par session 1 h \/ session (+ temps de pr\u00e9paration et rangement) Objectifs Au travers d\u2019un scenario autour de notre animal totem (le binturong) et [&hellip;]","og_url":"https:\/\/www.abconservation.org\/fr\/prestations\/nos-animations\/compte-a-rebours-pour-les-binturongs\/","og_site_name":"ABConservation","article_publisher":"https:\/\/www.facebook.com\/ABConservation","article_modified_time":"2025-02-20T22:46:00+00:00","og_image":[{"width":652,"height":433,"url":"https:\/\/www.abconservation.org\/wp-content\/uploads\/2025\/02\/Escape-game-pedagogique-e1738901804146.jpg","type":"image\/jpeg"}],"twitter_card":"summary_large_image","schema":{"@context":"https:\/\/schema.org","@graph":[{"@type":"WebPage","@id":"https:\/\/www.abconservation.org\/prestations\/nos-animations\/compte-a-rebours-pour-les-binturongs\/","url":"https:\/\/www.abconservation.org\/prestations\/nos-animations\/compte-a-rebours-pour-les-binturongs\/","name":"COMPTE A REBOURS POUR LES BINTURONGS - ABConservation","isPartOf":{"@id":"https:\/\/www.abconservation.org\/#website"},"primaryImageOfPage":{"@id":"https:\/\/www.abconservation.org\/prestations\/nos-animations\/compte-a-rebours-pour-les-binturongs\/#primaryimage"},"image":{"@id":"https:\/\/www.abconservation.org\/prestations\/nos-animations\/compte-a-rebours-pour-les-binturongs\/#primaryimage"},"thumbnailUrl":"https:\/\/www.abconservation.org\/wp-content\/uploads\/2025\/02\/Escape-game-pedagogique-e1738901804146.jpg","datePublished":"2025-01-26T09:04:17+00:00","dateModified":"2025-02-20T22:46:00+00:00","breadcrumb":{"@id":"https:\/\/www.abconservation.org\/prestations\/nos-animations\/compte-a-rebours-pour-les-binturongs\/#breadcrumb"},"inLanguage":"fr-FR","potentialAction":[{"@type":"ReadAction","target":["https:\/\/www.abconservation.org\/prestations\/nos-animations\/compte-a-rebours-pour-les-binturongs\/"]}]},{"@type":"ImageObject","inLanguage":"fr-FR","@id":"https:\/\/www.abconservation.org\/prestations\/nos-animations\/compte-a-rebours-pour-les-binturongs\/#primaryimage","url":"https:\/\/www.abconservation.org\/wp-content\/uploads\/2025\/02\/Escape-game-pedagogique-e1738901804146.jpg","contentUrl":"https:\/\/www.abconservation.org\/wp-content\/uploads\/2025\/02\/Escape-game-pedagogique-e1738901804146.jpg"},{"@type":"BreadcrumbList","@id":"https:\/\/www.abconservation.org\/prestations\/nos-animations\/compte-a-rebours-pour-les-binturongs\/#breadcrumb","itemListElement":[{"@type":"ListItem","position":1,"name":"ACCUEIL","item":"https:\/\/www.abconservation.org\/"},{"@type":"ListItem","position":2,"name":"PRESTATIONS","item":"https:\/\/www.abconservation.org\/prestations\/"},{"@type":"ListItem","position":3,"name":"NOS ANIMATIONS","item":"https:\/\/www.abconservation.org\/prestations\/nos-animations\/"},{"@type":"ListItem","position":4,"name":"COMPTE A REBOURS POUR LES BINTURONGS"}]},{"@type":"WebSite","@id":"https:\/\/www.abconservation.org\/#website","url":"https:\/\/www.abconservation.org\/","name":"ABConservation","description":"Etudier, sensibiliser, prot\u00e9ger","publisher":{"@id":"https:\/\/www.abconservation.org\/#organization"},"potentialAction":[{"@type":"SearchAction","target":{"@type":"EntryPoint","urlTemplate":"https:\/\/www.abconservation.org\/?s={search_term_string}"},"query-input":{"@type":"PropertyValueSpecification","valueRequired":true,"valueName":"search_term_string"}}],"inLanguage":"fr-FR"},{"@type":"Organization","@id":"https:\/\/www.abconservation.org\/#organization","name":"ABConservation","url":"https:\/\/www.abconservation.org\/","logo":{"@type":"ImageObject","inLanguage":"fr-FR","@id":"https:\/\/www.abconservation.org\/#\/schema\/logo\/image\/","url":"https:\/\/www.abconservation.org\/wp-content\/uploads\/2024\/07\/cropped-abconservation-home3.png","contentUrl":"https:\/\/www.abconservation.org\/wp-content\/uploads\/2024\/07\/cropped-abconservation-home3.png","width":485,"height":134,"caption":"ABConservation"},"image":{"@id":"https:\/\/www.abconservation.org\/#\/schema\/logo\/image\/"},"sameAs":["https:\/\/www.facebook.com\/ABConservation","https:\/\/www.instagram.com\/abconservation\/","https:\/\/www.youtube.com\/channel\/UCXU_mrwJG4tK6NPGMlWJdsA","https:\/\/www.linkedin.com\/company\/arctictis-binturong-conservation"]}]}},"_links":{"self":[{"href":"https:\/\/www.abconservation.org\/fr\/wp-json\/wp\/v2\/pages\/3127","targetHints":{"allow":["GET"]}}],"collection":[{"href":"https:\/\/www.abconservation.org\/fr\/wp-json\/wp\/v2\/pages"}],"about":[{"href":"https:\/\/www.abconservation.org\/fr\/wp-json\/wp\/v2\/types\/page"}],"author":[{"embeddable":true,"href":"https:\/\/www.abconservation.org\/fr\/wp-json\/wp\/v2\/users\/1"}],"replies":[{"embeddable":true,"href":"https:\/\/www.abconservation.org\/fr\/wp-json\/wp\/v2\/comments?post=3127"}],"version-history":[{"count":26,"href":"https:\/\/www.abconservation.org\/fr\/wp-json\/wp\/v2\/pages\/3127\/revisions"}],"predecessor-version":[{"id":4968,"href":"https:\/\/www.abconservation.org\/fr\/wp-json\/wp\/v2\/pages\/3127\/revisions\/4968"}],"up":[{"embeddable":true,"href":"https:\/\/www.abconservation.org\/fr\/wp-json\/wp\/v2\/pages\/2568"}],"wp:attachment":[{"href":"https:\/\/www.abconservation.org\/fr\/wp-json\/wp\/v2\/media?parent=3127"}],"curies":[{"name":"wp","href":"https:\/\/api.w.org\/{rel}","templated":true}]}}