{"id":659,"date":"2024-09-24T13:15:11","date_gmt":"2024-09-24T11:15:11","guid":{"rendered":"https:\/\/pab.abconservation.org\/?page_id=659"},"modified":"2026-03-06T09:06:50","modified_gmt":"2026-03-06T08:06:50","slug":"annual-balance-sheets","status":"publish","type":"page","link":"https:\/\/www.abconservation.org\/en\/doc\/annual-balance-sheets\/","title":{"rendered":"ANNUAL BALANCE SHEETS"},"content":{"rendered":"<div data-elementor-type=\"wp-page\" data-elementor-id=\"659\" class=\"elementor elementor-659\" data-elementor-post-type=\"page\">\n\t\t\t\t<div class=\"elementor-element elementor-element-79df6fbd e-con-full e-flex e-con e-parent\" data-id=\"79df6fbd\" data-element_type=\"container\" data-e-type=\"container\" data-settings=\"{&quot;background_background&quot;:&quot;classic&quot;}\">\n\t\t<div class=\"elementor-element elementor-element-3a455572 e-flex e-con-boxed e-con e-child\" data-id=\"3a455572\" data-element_type=\"container\" data-e-type=\"container\">\n\t\t\t\t\t<div class=\"e-con-inner\">\n\t\t\t\t<div class=\"elementor-element elementor-element-63fd4a8a elementor-widget elementor-widget-heading\" data-id=\"63fd4a8a\" data-element_type=\"widget\" data-e-type=\"widget\" data-widget_type=\"heading.default\">\n\t\t\t\t\t<h2 class=\"elementor-heading-title elementor-size-default\">Annual reports<\/h2>\t\t\t\t<\/div>\n\t\t\t\t<div class=\"elementor-element elementor-element-5b41dc03 elementor-widget-divider--view-line elementor-widget elementor-widget-divider\" data-id=\"5b41dc03\" data-element_type=\"widget\" data-e-type=\"widget\" data-widget_type=\"divider.default\">\n\t\t\t\t\t\t\t<div class=\"elementor-divider\">\n\t\t\t<span class=\"elementor-divider-separator\">\n\t\t\t\t\t\t<\/span>\n\t\t<\/div>\n\t\t\t\t\t\t<\/div>\n\t\t\t\t<div class=\"elementor-element elementor-element-57d881de elementor-widget elementor-widget-text-editor\" data-id=\"57d881de\" data-element_type=\"widget\" data-e-type=\"widget\" data-widget_type=\"text-editor.default\">\n\t\t\t\t\t\t\t\t\t<p>Find all the digital versions of our annual reviews.<\/p>\t\t\t\t\t\t\t\t<\/div>\n\t\t\t\t\t<\/div>\n\t\t\t\t<\/div>\n\t\t<div class=\"elementor-element elementor-element-791a1856 e-flex e-con-boxed e-con e-child\" data-id=\"791a1856\" data-element_type=\"container\" data-e-type=\"container\">\n\t\t\t\t\t<div class=\"e-con-inner\">\n\t\t\t\t\t<\/div>\n\t\t\t\t<\/div>\n\t\t\t\t<\/div>\n\t\t<div class=\"elementor-element elementor-element-1e103ee9 e-flex e-con-boxed e-con e-parent\" data-id=\"1e103ee9\" data-element_type=\"container\" data-e-type=\"container\" data-settings=\"{&quot;background_background&quot;:&quot;classic&quot;}\">\n\t\t\t\t\t<div class=\"e-con-inner\">\n\t\t\t\t<div class=\"elementor-element elementor-element-45e35eb4 elementor-widget elementor-widget-breadcrumbs\" data-id=\"45e35eb4\" data-element_type=\"widget\" data-e-type=\"widget\" data-widget_type=\"breadcrumbs.default\">\n\t\t\t\t\t<p id=\"breadcrumbs\"><span><span><a href=\"https:\/\/www.abconservation.org\/en\/\">HOME<\/a><\/span><\/span><\/p>\t\t\t\t<\/div>\n\t\t\t\t\t<\/div>\n\t\t\t\t<\/div>\n\t\t<div class=\"elementor-element elementor-element-2afc9a64 e-flex e-con-boxed e-con e-parent\" data-id=\"2afc9a64\" data-element_type=\"container\" data-e-type=\"container\" data-settings=\"{&quot;background_background&quot;:&quot;classic&quot;}\">\n\t\t\t\t\t<div class=\"e-con-inner\">\n\t\t<div class=\"elementor-element elementor-element-598670bc e-con-full e-flex e-con e-child\" data-id=\"598670bc\" data-element_type=\"container\" data-e-type=\"container\">\n\t\t<div class=\"elementor-element elementor-element-146c702a e-con-full e-flex e-con e-child\" data-id=\"146c702a\" data-element_type=\"container\" data-e-type=\"container\">\n\t\t\t\t<div class=\"elementor-element elementor-element-79501de4 elementor-widget elementor-widget-image\" data-id=\"79501de4\" data-element_type=\"widget\" data-e-type=\"widget\" data-widget_type=\"image.default\">\n\t\t\t\t\t\t\t\t\t\t\t\t\t\t\t<img fetchpriority=\"high\" decoding=\"async\" width=\"709\" height=\"1024\" src=\"https:\/\/www.abconservation.org\/wp-content\/uploads\/2026\/03\/Bilan-annuel-2025_ABConservation-709x1024.png\" class=\"attachment-large size-large wp-image-7520\" alt=\"\" srcset=\"https:\/\/www.abconservation.org\/wp-content\/uploads\/2026\/03\/Bilan-annuel-2025_ABConservation-709x1024.png 709w, https:\/\/www.abconservation.org\/wp-content\/uploads\/2026\/03\/Bilan-annuel-2025_ABConservation-208x300.png 208w, https:\/\/www.abconservation.org\/wp-content\/uploads\/2026\/03\/Bilan-annuel-2025_ABConservation-8x12.png 8w, https:\/\/www.abconservation.org\/wp-content\/uploads\/2026\/03\/Bilan-annuel-2025_ABConservation.png 720w\" sizes=\"(max-width: 709px) 100vw, 709px\" \/>\t\t\t\t\t\t\t\t\t\t\t\t\t\t\t<\/div>\n\t\t\t\t<div class=\"elementor-element elementor-element-363f9378 elementor-widget elementor-widget-heading\" data-id=\"363f9378\" data-element_type=\"widget\" data-e-type=\"widget\" data-widget_type=\"heading.default\">\n\t\t\t\t\t<h3 class=\"elementor-heading-title elementor-size-default\">2025 Annual report<\/h3>\t\t\t\t<\/div>\n\t\t\t\t<div class=\"elementor-element elementor-element-f95ea16 elementor-align-center elementor-widget elementor-widget-button\" data-id=\"f95ea16\" data-element_type=\"widget\" data-e-type=\"widget\" data-widget_type=\"button.default\">\n\t\t\t\t\t\t\t\t\t\t<a class=\"elementor-button elementor-button-link elementor-size-sm\" href=\"https:\/\/drive.google.com\/file\/d\/1aYc-_aNEKZ-BSNZ3XN0bQJFsT_Ks1Zbd\/view?usp=drive_link\" target=\"_blank\">\n\t\t\t\t\t\t<span class=\"elementor-button-content-wrapper\">\n\t\t\t\t\t\t<span class=\"elementor-button-icon\">\n\t\t\t\t<svg aria-hidden=\"true\" class=\"e-font-icon-svg e-fas-file-download\" viewbox=\"0 0 384 512\" xmlns=\"http:\/\/www.w3.org\/2000\/svg\"><path d=\"M224 136V0H24C10.7 0 0 10.7 0 24v464c0 13.3 10.7 24 24 24h336c13.3 0 24-10.7 24-24V160H248c-13.2 0-24-10.8-24-24zm76.45 211.36l-96.42 95.7c-6.65 6.61-17.39 6.61-24.04 0l-96.42-95.7C73.42 337.29 80.54 320 94.82 320H160v-80c0-8.84 7.16-16 16-16h32c8.84 0 16 7.16 16 16v80h65.18c14.28 0 21.4 17.29 11.27 27.36zM377 105L279.1 7c-4.5-4.5-10.6-7-17-7H256v128h128v-6.1c0-6.3-2.5-12.4-7-16.9z\"><\/path><\/svg>\t\t\t<\/span>\n\t\t\t\t\t\t\t\t\t<span class=\"elementor-button-text\">DOWNLOAD (PDF)<\/span>\n\t\t\t\t\t<\/span>\n\t\t\t\t\t<\/a>\n\t\t\t\t\t\t\t\t<\/div>\n\t\t\t\t<div class=\"elementor-element elementor-element-946f2b0 elementor-align-center elementor-widget elementor-widget-button\" data-id=\"946f2b0\" data-element_type=\"widget\" data-e-type=\"widget\" data-widget_type=\"button.default\">\n\t\t\t\t\t\t\t\t\t\t<a class=\"elementor-button elementor-button-link elementor-size-sm\" href=\"https:\/\/drive.google.com\/file\/d\/1tt8Ox9-bMQtuI2kKCAHlFB6oA8xSJ0sy\/view?usp=drive_link\" target=\"_blank\">\n\t\t\t\t\t\t<span class=\"elementor-button-content-wrapper\">\n\t\t\t\t\t\t<span class=\"elementor-button-icon\">\n\t\t\t\t<svg aria-hidden=\"true\" class=\"e-font-icon-svg e-fas-file-download\" viewbox=\"0 0 384 512\" xmlns=\"http:\/\/www.w3.org\/2000\/svg\"><path d=\"M224 136V0H24C10.7 0 0 10.7 0 24v464c0 13.3 10.7 24 24 24h336c13.3 0 24-10.7 24-24V160H248c-13.2 0-24-10.8-24-24zm76.45 211.36l-96.42 95.7c-6.65 6.61-17.39 6.61-24.04 0l-96.42-95.7C73.42 337.29 80.54 320 94.82 320H160v-80c0-8.84 7.16-16 16-16h32c8.84 0 16 7.16 16 16v80h65.18c14.28 0 21.4 17.29 11.27 27.36zM377 105L279.1 7c-4.5-4.5-10.6-7-17-7H256v128h128v-6.1c0-6.3-2.5-12.4-7-16.9z\"><\/path><\/svg>\t\t\t<\/span>\n\t\t\t\t\t\t\t\t\t<span class=\"elementor-button-text\">DOWNLOAD (PDF)<\/span>\n\t\t\t\t\t<\/span>\n\t\t\t\t\t<\/a>\n\t\t\t\t\t\t\t\t<\/div>\n\t\t\t\t<\/div>\n\t\t<div class=\"elementor-element elementor-element-5b43108 e-con-full e-flex e-con e-child\" data-id=\"5b43108\" data-element_type=\"container\" data-e-type=\"container\">\n\t\t\t\t<div class=\"elementor-element elementor-element-532a418 elementor-widget elementor-widget-image\" data-id=\"532a418\" data-element_type=\"widget\" data-e-type=\"widget\" data-widget_type=\"image.default\">\n\t\t\t\t\t\t\t\t\t\t\t\t\t\t\t<img decoding=\"async\" width=\"640\" height=\"360\" src=\"https:\/\/www.abconservation.org\/wp-content\/uploads\/2025\/12\/ABConservation-Bilan-Annuel-2024-v1.webp\" class=\"attachment-large size-large wp-image-7256\" alt=\"\" srcset=\"https:\/\/www.abconservation.org\/wp-content\/uploads\/2025\/12\/ABConservation-Bilan-Annuel-2024-v1.webp 640w, https:\/\/www.abconservation.org\/wp-content\/uploads\/2025\/12\/ABConservation-Bilan-Annuel-2024-v1-300x169.webp 300w, https:\/\/www.abconservation.org\/wp-content\/uploads\/2025\/12\/ABConservation-Bilan-Annuel-2024-v1-18x10.webp 18w\" sizes=\"(max-width: 640px) 100vw, 640px\" \/>\t\t\t\t\t\t\t\t\t\t\t\t\t\t\t<\/div>\n\t\t\t\t<div class=\"elementor-element elementor-element-5caf92c elementor-widget elementor-widget-heading\" data-id=\"5caf92c\" data-element_type=\"widget\" data-e-type=\"widget\" data-widget_type=\"heading.default\">\n\t\t\t\t\t<h3 class=\"elementor-heading-title elementor-size-default\">2024 Annual report<\/h3>\t\t\t\t<\/div>\n\t\t\t\t<div class=\"elementor-element elementor-element-1cd9d06 elementor-align-center elementor-widget elementor-widget-button\" data-id=\"1cd9d06\" data-element_type=\"widget\" data-e-type=\"widget\" data-widget_type=\"button.default\">\n\t\t\t\t\t\t\t\t\t\t<a class=\"elementor-button elementor-button-link elementor-size-sm\" href=\"https:\/\/drive.google.com\/file\/d\/1t0nMk8_qxLZU-W0pry2_6rIFX1PZs_rF\/view?usp=drive_link\" target=\"_blank\">\n\t\t\t\t\t\t<span class=\"elementor-button-content-wrapper\">\n\t\t\t\t\t\t<span class=\"elementor-button-icon\">\n\t\t\t\t<svg aria-hidden=\"true\" class=\"e-font-icon-svg e-fas-file-download\" viewbox=\"0 0 384 512\" xmlns=\"http:\/\/www.w3.org\/2000\/svg\"><path d=\"M224 136V0H24C10.7 0 0 10.7 0 24v464c0 13.3 10.7 24 24 24h336c13.3 0 24-10.7 24-24V160H248c-13.2 0-24-10.8-24-24zm76.45 211.36l-96.42 95.7c-6.65 6.61-17.39 6.61-24.04 0l-96.42-95.7C73.42 337.29 80.54 320 94.82 320H160v-80c0-8.84 7.16-16 16-16h32c8.84 0 16 7.16 16 16v80h65.18c14.28 0 21.4 17.29 11.27 27.36zM377 105L279.1 7c-4.5-4.5-10.6-7-17-7H256v128h128v-6.1c0-6.3-2.5-12.4-7-16.9z\"><\/path><\/svg>\t\t\t<\/span>\n\t\t\t\t\t\t\t\t\t<span class=\"elementor-button-text\">DOWNLOAD (PDF)<\/span>\n\t\t\t\t\t<\/span>\n\t\t\t\t\t<\/a>\n\t\t\t\t\t\t\t\t<\/div>\n\t\t\t\t<\/div>\n\t\t<div class=\"elementor-element elementor-element-38a278e4 e-con-full e-flex e-con e-child\" data-id=\"38a278e4\" data-element_type=\"container\" data-e-type=\"container\">\n\t\t\t\t<div class=\"elementor-element elementor-element-32cee8a elementor-widget elementor-widget-image\" data-id=\"32cee8a\" data-element_type=\"widget\" data-e-type=\"widget\" data-widget_type=\"image.default\">\n\t\t\t\t\t\t\t\t\t\t\t\t\t\t\t<img decoding=\"async\" width=\"283\" height=\"160\" src=\"https:\/\/www.abconservation.org\/wp-content\/uploads\/2025\/01\/bilanAnnuel2023-v1.jpg\" class=\"attachment-large size-large wp-image-2912\" alt=\"\" srcset=\"https:\/\/www.abconservation.org\/wp-content\/uploads\/2025\/01\/bilanAnnuel2023-v1.jpg 283w, https:\/\/www.abconservation.org\/wp-content\/uploads\/2025\/01\/bilanAnnuel2023-v1-18x10.jpg 18w\" sizes=\"(max-width: 283px) 100vw, 283px\" \/>\t\t\t\t\t\t\t\t\t\t\t\t\t\t\t<\/div>\n\t\t\t\t<div class=\"elementor-element elementor-element-27610bec elementor-widget elementor-widget-heading\" data-id=\"27610bec\" data-element_type=\"widget\" data-e-type=\"widget\" data-widget_type=\"heading.default\">\n\t\t\t\t\t<h3 class=\"elementor-heading-title elementor-size-default\">2023 Annual report<\/h3>\t\t\t\t<\/div>\n\t\t\t\t<div class=\"elementor-element elementor-element-38f13ff elementor-align-center elementor-widget elementor-widget-button\" data-id=\"38f13ff\" data-element_type=\"widget\" data-e-type=\"widget\" data-widget_type=\"button.default\">\n\t\t\t\t\t\t\t\t\t\t<a class=\"elementor-button elementor-button-link elementor-size-sm\" href=\"https:\/\/www.abconservation.org\/\/wp-content\/bilansAnnuels\/annualReport2023-en.pdf\" target=\"_blank\">\n\t\t\t\t\t\t<span class=\"elementor-button-content-wrapper\">\n\t\t\t\t\t\t<span class=\"elementor-button-icon\">\n\t\t\t\t<svg aria-hidden=\"true\" class=\"e-font-icon-svg e-fas-file-download\" viewbox=\"0 0 384 512\" xmlns=\"http:\/\/www.w3.org\/2000\/svg\"><path d=\"M224 136V0H24C10.7 0 0 10.7 0 24v464c0 13.3 10.7 24 24 24h336c13.3 0 24-10.7 24-24V160H248c-13.2 0-24-10.8-24-24zm76.45 211.36l-96.42 95.7c-6.65 6.61-17.39 6.61-24.04 0l-96.42-95.7C73.42 337.29 80.54 320 94.82 320H160v-80c0-8.84 7.16-16 16-16h32c8.84 0 16 7.16 16 16v80h65.18c14.28 0 21.4 17.29 11.27 27.36zM377 105L279.1 7c-4.5-4.5-10.6-7-17-7H256v128h128v-6.1c0-6.3-2.5-12.4-7-16.9z\"><\/path><\/svg>\t\t\t<\/span>\n\t\t\t\t\t\t\t\t\t<span class=\"elementor-button-text\">DOWNLOAD (PDF)<\/span>\n\t\t\t\t\t<\/span>\n\t\t\t\t\t<\/a>\n\t\t\t\t\t\t\t\t<\/div>\n\t\t\t\t<\/div>\n\t\t<div class=\"elementor-element elementor-element-62bf6642 e-con-full e-flex e-con e-child\" data-id=\"62bf6642\" data-element_type=\"container\" data-e-type=\"container\">\n\t\t\t\t<div class=\"elementor-element elementor-element-650ea4ae elementor-widget elementor-widget-image\" data-id=\"650ea4ae\" data-element_type=\"widget\" data-e-type=\"widget\" data-widget_type=\"image.default\">\n\t\t\t\t\t\t\t\t\t\t\t\t\t\t\t<img loading=\"lazy\" decoding=\"async\" width=\"283\" height=\"160\" src=\"https:\/\/www.abconservation.org\/wp-content\/uploads\/2025\/01\/bilanAnnuel2022-v2.jpg\" class=\"attachment-large size-large wp-image-2913\" alt=\"\" srcset=\"https:\/\/www.abconservation.org\/wp-content\/uploads\/2025\/01\/bilanAnnuel2022-v2.jpg 283w, https:\/\/www.abconservation.org\/wp-content\/uploads\/2025\/01\/bilanAnnuel2022-v2-18x10.jpg 18w\" sizes=\"(max-width: 283px) 100vw, 283px\" \/>\t\t\t\t\t\t\t\t\t\t\t\t\t\t\t<\/div>\n\t\t\t\t<div class=\"elementor-element elementor-element-704b4e91 elementor-widget elementor-widget-heading\" data-id=\"704b4e91\" data-element_type=\"widget\" data-e-type=\"widget\" data-widget_type=\"heading.default\">\n\t\t\t\t\t<h3 class=\"elementor-heading-title elementor-size-default\">2022 Annual report<\/h3>\t\t\t\t<\/div>\n\t\t\t\t<div class=\"elementor-element elementor-element-3a2cd7ff elementor-align-center elementor-widget elementor-widget-button\" data-id=\"3a2cd7ff\" data-element_type=\"widget\" data-e-type=\"widget\" data-widget_type=\"button.default\">\n\t\t\t\t\t\t\t\t\t\t<a class=\"elementor-button elementor-button-link elementor-size-sm\" href=\"https:\/\/www.abconservation.org\/\/wp-content\/bilansAnnuels\/annualReport2022-en.pdf\" target=\"_blank\">\n\t\t\t\t\t\t<span class=\"elementor-button-content-wrapper\">\n\t\t\t\t\t\t<span class=\"elementor-button-icon\">\n\t\t\t\t<svg aria-hidden=\"true\" class=\"e-font-icon-svg e-fas-file-download\" viewbox=\"0 0 384 512\" xmlns=\"http:\/\/www.w3.org\/2000\/svg\"><path d=\"M224 136V0H24C10.7 0 0 10.7 0 24v464c0 13.3 10.7 24 24 24h336c13.3 0 24-10.7 24-24V160H248c-13.2 0-24-10.8-24-24zm76.45 211.36l-96.42 95.7c-6.65 6.61-17.39 6.61-24.04 0l-96.42-95.7C73.42 337.29 80.54 320 94.82 320H160v-80c0-8.84 7.16-16 16-16h32c8.84 0 16 7.16 16 16v80h65.18c14.28 0 21.4 17.29 11.27 27.36zM377 105L279.1 7c-4.5-4.5-10.6-7-17-7H256v128h128v-6.1c0-6.3-2.5-12.4-7-16.9z\"><\/path><\/svg>\t\t\t<\/span>\n\t\t\t\t\t\t\t\t\t<span class=\"elementor-button-text\">DOWNLOAD (PDF)<\/span>\n\t\t\t\t\t<\/span>\n\t\t\t\t\t<\/a>\n\t\t\t\t\t\t\t\t<\/div>\n\t\t\t\t<\/div>\n\t\t\t\t<\/div>\n\t\t\t\t\t<\/div>\n\t\t\t\t<\/div>\n\t\t\t\t<\/div>","protected":false},"excerpt":{"rendered":"<p>Annual Reports\nFind all digital versions of our annual reports.\n2025 Annual Report\nDOWNLOAD (PDF)\n2024 Annual Report\nDOWNLOAD (PDF)\n2023 Annual Report\nDOWNLOAD (PDF)\n2022 Annual Report\nDOWNLOAD (PDF)<\/p>","protected":false},"author":1,"featured_media":0,"parent":52,"menu_order":2,"comment_status":"closed","ping_status":"closed","template":"elementor_header_footer","meta":{"footnotes":""},"class_list":["post-659","page","type-page","status-publish","hentry"],"yoast_head":"<!-- This site is optimized with the Yoast SEO plugin v27.5 - https:\/\/yoast.com\/product\/yoast-seo-wordpress\/ -->\n<title>BILANS ANNUELS - ABConservation<\/title>\n<meta name=\"description\" content=\"ABConservation est l&#039;association d\u00e9di\u00e9e \u00e0 la protection du binturong. D\u00e9couvrez les bialn annuels de l&#039;association.\" \/>\n<meta name=\"robots\" content=\"index, follow, max-snippet:-1, max-image-preview:large, max-video-preview:-1\" \/>\n<link rel=\"canonical\" href=\"https:\/\/www.abconservation.org\/en\/doc\/annual-balance-sheets\/\" \/>\n<meta property=\"og:locale\" content=\"en_US\" \/>\n<meta property=\"og:type\" content=\"article\" \/>\n<meta property=\"og:title\" content=\"BILANS ANNUELS - ABConservation\" \/>\n<meta property=\"og:description\" content=\"ABConservation est l&#039;association d\u00e9di\u00e9e \u00e0 la protection du binturong. D\u00e9couvrez les bialn annuels de l&#039;association.\" \/>\n<meta property=\"og:url\" content=\"https:\/\/www.abconservation.org\/en\/doc\/annual-balance-sheets\/\" \/>\n<meta property=\"og:site_name\" content=\"ABConservation\" \/>\n<meta property=\"article:publisher\" content=\"https:\/\/www.facebook.com\/ABConservation\" \/>\n<meta property=\"article:modified_time\" content=\"2026-03-06T08:06:50+00:00\" \/>\n<meta property=\"og:image\" content=\"https:\/\/www.abconservation.org\/wp-content\/uploads\/2026\/03\/Bilan-annuel-2025_ABConservation.png\" \/>\n\t<meta property=\"og:image:width\" content=\"720\" \/>\n\t<meta property=\"og:image:height\" content=\"1040\" \/>\n\t<meta property=\"og:image:type\" content=\"image\/png\" \/>\n<meta name=\"twitter:card\" content=\"summary_large_image\" \/>\n<meta name=\"twitter:label1\" content=\"Est. reading time\" \/>\n\t<meta name=\"twitter:data1\" content=\"1 minute\" \/>\n<script type=\"application\/ld+json\" class=\"yoast-schema-graph\">{\"@context\":\"https:\\\/\\\/schema.org\",\"@graph\":[{\"@type\":\"WebPage\",\"@id\":\"https:\\\/\\\/www.abconservation.org\\\/doc\\\/bilans-annuels\\\/\",\"url\":\"https:\\\/\\\/www.abconservation.org\\\/doc\\\/bilans-annuels\\\/\",\"name\":\"BILANS ANNUELS - ABConservation\",\"isPartOf\":{\"@id\":\"https:\\\/\\\/www.abconservation.org\\\/#website\"},\"primaryImageOfPage\":{\"@id\":\"https:\\\/\\\/www.abconservation.org\\\/doc\\\/bilans-annuels\\\/#primaryimage\"},\"image\":{\"@id\":\"https:\\\/\\\/www.abconservation.org\\\/doc\\\/bilans-annuels\\\/#primaryimage\"},\"thumbnailUrl\":\"https:\\\/\\\/www.abconservation.org\\\/wp-content\\\/uploads\\\/2026\\\/03\\\/Bilan-annuel-2025_ABConservation-709x1024.png\",\"datePublished\":\"2024-09-24T11:15:11+00:00\",\"dateModified\":\"2026-03-06T08:06:50+00:00\",\"description\":\"ABConservation est l'association d\u00e9di\u00e9e \u00e0 la protection du binturong. D\u00e9couvrez les bialn annuels de l'association.\",\"breadcrumb\":{\"@id\":\"https:\\\/\\\/www.abconservation.org\\\/doc\\\/bilans-annuels\\\/#breadcrumb\"},\"inLanguage\":\"en-US\",\"potentialAction\":[{\"@type\":\"ReadAction\",\"target\":[\"https:\\\/\\\/www.abconservation.org\\\/doc\\\/bilans-annuels\\\/\"]}]},{\"@type\":\"ImageObject\",\"inLanguage\":\"en-US\",\"@id\":\"https:\\\/\\\/www.abconservation.org\\\/doc\\\/bilans-annuels\\\/#primaryimage\",\"url\":\"https:\\\/\\\/www.abconservation.org\\\/wp-content\\\/uploads\\\/2026\\\/03\\\/Bilan-annuel-2025_ABConservation-709x1024.png\",\"contentUrl\":\"https:\\\/\\\/www.abconservation.org\\\/wp-content\\\/uploads\\\/2026\\\/03\\\/Bilan-annuel-2025_ABConservation-709x1024.png\"},{\"@type\":\"BreadcrumbList\",\"@id\":\"https:\\\/\\\/www.abconservation.org\\\/doc\\\/bilans-annuels\\\/#breadcrumb\",\"itemListElement\":[{\"@type\":\"ListItem\",\"position\":1,\"name\":\"ACCUEIL\",\"item\":\"https:\\\/\\\/www.abconservation.org\\\/\"},{\"@type\":\"ListItem\",\"position\":2,\"name\":\"DOC.\",\"item\":\"https:\\\/\\\/www.abconservation.org\\\/fr\\\/doc\\\/\"},{\"@type\":\"ListItem\",\"position\":3,\"name\":\"BILANS ANNUELS\"}]},{\"@type\":\"WebSite\",\"@id\":\"https:\\\/\\\/www.abconservation.org\\\/#website\",\"url\":\"https:\\\/\\\/www.abconservation.org\\\/\",\"name\":\"ABConservation\",\"description\":\"Etudier, sensibiliser, prot\u00e9ger\",\"publisher\":{\"@id\":\"https:\\\/\\\/www.abconservation.org\\\/#organization\"},\"potentialAction\":[{\"@type\":\"SearchAction\",\"target\":{\"@type\":\"EntryPoint\",\"urlTemplate\":\"https:\\\/\\\/www.abconservation.org\\\/?s={search_term_string}\"},\"query-input\":{\"@type\":\"PropertyValueSpecification\",\"valueRequired\":true,\"valueName\":\"search_term_string\"}}],\"inLanguage\":\"en-US\"},{\"@type\":\"Organization\",\"@id\":\"https:\\\/\\\/www.abconservation.org\\\/#organization\",\"name\":\"ABConservation\",\"url\":\"https:\\\/\\\/www.abconservation.org\\\/\",\"logo\":{\"@type\":\"ImageObject\",\"inLanguage\":\"en-US\",\"@id\":\"https:\\\/\\\/www.abconservation.org\\\/#\\\/schema\\\/logo\\\/image\\\/\",\"url\":\"https:\\\/\\\/www.abconservation.org\\\/wp-content\\\/uploads\\\/2024\\\/07\\\/cropped-abconservation-home3.png\",\"contentUrl\":\"https:\\\/\\\/www.abconservation.org\\\/wp-content\\\/uploads\\\/2024\\\/07\\\/cropped-abconservation-home3.png\",\"width\":485,\"height\":134,\"caption\":\"ABConservation\"},\"image\":{\"@id\":\"https:\\\/\\\/www.abconservation.org\\\/#\\\/schema\\\/logo\\\/image\\\/\"},\"sameAs\":[\"https:\\\/\\\/www.facebook.com\\\/ABConservation\",\"https:\\\/\\\/www.instagram.com\\\/abconservation\\\/\",\"https:\\\/\\\/www.youtube.com\\\/channel\\\/UCXU_mrwJG4tK6NPGMlWJdsA\",\"https:\\\/\\\/www.linkedin.com\\\/company\\\/arctictis-binturong-conservation\"]}]}<\/script>\n<!-- \/ Yoast SEO plugin. -->","yoast_head_json":{"title":"ANNUAL BALANCE SHEETS - ABConservation","description":"ABConservation is the association dedicated to the protection of the binturong. Discover the association's annual bialn.","robots":{"index":"index","follow":"follow","max-snippet":"max-snippet:-1","max-image-preview":"max-image-preview:large","max-video-preview":"max-video-preview:-1"},"canonical":"https:\/\/www.abconservation.org\/en\/doc\/annual-balance-sheets\/","og_locale":"en_US","og_type":"article","og_title":"BILANS ANNUELS - ABConservation","og_description":"ABConservation est l'association d\u00e9di\u00e9e \u00e0 la protection du binturong. D\u00e9couvrez les bialn annuels de l'association.","og_url":"https:\/\/www.abconservation.org\/en\/doc\/annual-balance-sheets\/","og_site_name":"ABConservation","article_publisher":"https:\/\/www.facebook.com\/ABConservation","article_modified_time":"2026-03-06T08:06:50+00:00","og_image":[{"width":720,"height":1040,"url":"https:\/\/www.abconservation.org\/wp-content\/uploads\/2026\/03\/Bilan-annuel-2025_ABConservation.png","type":"image\/png"}],"twitter_card":"summary_large_image","twitter_misc":{"Est. reading time":"1 minute"},"schema":{"@context":"https:\/\/schema.org","@graph":[{"@type":"WebPage","@id":"https:\/\/www.abconservation.org\/doc\/bilans-annuels\/","url":"https:\/\/www.abconservation.org\/doc\/bilans-annuels\/","name":"ANNUAL BALANCE SHEETS - ABConservation","isPartOf":{"@id":"https:\/\/www.abconservation.org\/#website"},"primaryImageOfPage":{"@id":"https:\/\/www.abconservation.org\/doc\/bilans-annuels\/#primaryimage"},"image":{"@id":"https:\/\/www.abconservation.org\/doc\/bilans-annuels\/#primaryimage"},"thumbnailUrl":"https:\/\/www.abconservation.org\/wp-content\/uploads\/2026\/03\/Bilan-annuel-2025_ABConservation-709x1024.png","datePublished":"2024-09-24T11:15:11+00:00","dateModified":"2026-03-06T08:06:50+00:00","description":"ABConservation is the association dedicated to the protection of the binturong. Discover the association's annual bialn.","breadcrumb":{"@id":"https:\/\/www.abconservation.org\/doc\/bilans-annuels\/#breadcrumb"},"inLanguage":"en-US","potentialAction":[{"@type":"ReadAction","target":["https:\/\/www.abconservation.org\/doc\/bilans-annuels\/"]}]},{"@type":"ImageObject","inLanguage":"en-US","@id":"https:\/\/www.abconservation.org\/doc\/bilans-annuels\/#primaryimage","url":"https:\/\/www.abconservation.org\/wp-content\/uploads\/2026\/03\/Bilan-annuel-2025_ABConservation-709x1024.png","contentUrl":"https:\/\/www.abconservation.org\/wp-content\/uploads\/2026\/03\/Bilan-annuel-2025_ABConservation-709x1024.png"},{"@type":"BreadcrumbList","@id":"https:\/\/www.abconservation.org\/doc\/bilans-annuels\/#breadcrumb","itemListElement":[{"@type":"ListItem","position":1,"name":"ACCUEIL","item":"https:\/\/www.abconservation.org\/"},{"@type":"ListItem","position":2,"name":"DOC.","item":"https:\/\/www.abconservation.org\/fr\/doc\/"},{"@type":"ListItem","position":3,"name":"BILANS ANNUELS"}]},{"@type":"WebSite","@id":"https:\/\/www.abconservation.org\/#website","url":"https:\/\/www.abconservation.org\/","name":"ABConservation","description":"Study, raise awareness, protect","publisher":{"@id":"https:\/\/www.abconservation.org\/#organization"},"potentialAction":[{"@type":"SearchAction","target":{"@type":"EntryPoint","urlTemplate":"https:\/\/www.abconservation.org\/?s={search_term_string}"},"query-input":{"@type":"PropertyValueSpecification","valueRequired":true,"valueName":"search_term_string"}}],"inLanguage":"en-US"},{"@type":"Organization","@id":"https:\/\/www.abconservation.org\/#organization","name":"ABConservation","url":"https:\/\/www.abconservation.org\/","logo":{"@type":"ImageObject","inLanguage":"en-US","@id":"https:\/\/www.abconservation.org\/#\/schema\/logo\/image\/","url":"https:\/\/www.abconservation.org\/wp-content\/uploads\/2024\/07\/cropped-abconservation-home3.png","contentUrl":"https:\/\/www.abconservation.org\/wp-content\/uploads\/2024\/07\/cropped-abconservation-home3.png","width":485,"height":134,"caption":"ABConservation"},"image":{"@id":"https:\/\/www.abconservation.org\/#\/schema\/logo\/image\/"},"sameAs":["https:\/\/www.facebook.com\/ABConservation","https:\/\/www.instagram.com\/abconservation\/","https:\/\/www.youtube.com\/channel\/UCXU_mrwJG4tK6NPGMlWJdsA","https:\/\/www.linkedin.com\/company\/arctictis-binturong-conservation"]}]}},"_links":{"self":[{"href":"https:\/\/www.abconservation.org\/en\/wp-json\/wp\/v2\/pages\/659","targetHints":{"allow":["GET"]}}],"collection":[{"href":"https:\/\/www.abconservation.org\/en\/wp-json\/wp\/v2\/pages"}],"about":[{"href":"https:\/\/www.abconservation.org\/en\/wp-json\/wp\/v2\/types\/page"}],"author":[{"embeddable":true,"href":"https:\/\/www.abconservation.org\/en\/wp-json\/wp\/v2\/users\/1"}],"replies":[{"embeddable":true,"href":"https:\/\/www.abconservation.org\/en\/wp-json\/wp\/v2\/comments?post=659"}],"version-history":[{"count":55,"href":"https:\/\/www.abconservation.org\/en\/wp-json\/wp\/v2\/pages\/659\/revisions"}],"predecessor-version":[{"id":7527,"href":"https:\/\/www.abconservation.org\/en\/wp-json\/wp\/v2\/pages\/659\/revisions\/7527"}],"up":[{"embeddable":true,"href":"https:\/\/www.abconservation.org\/en\/wp-json\/wp\/v2\/pages\/52"}],"wp:attachment":[{"href":"https:\/\/www.abconservation.org\/en\/wp-json\/wp\/v2\/media?parent=659"}],"curies":[{"name":"wp","href":"https:\/\/api.w.org\/{rel}","templated":true}]}}