{"id":3129,"date":"2025-01-26T10:04:54","date_gmt":"2025-01-26T09:04:54","guid":{"rendered":"https:\/\/pab.abconservation.org\/?page_id=3129"},"modified":"2025-02-20T23:47:02","modified_gmt":"2025-02-20T22:47:02","slug":"binturong-who-are-you","status":"publish","type":"page","link":"https:\/\/www.abconservation.org\/en\/services\/our-events\/binturong-who-are-you\/","title":{"rendered":"BINTURONG, WHO ARE YOU?"},"content":{"rendered":"<div data-elementor-type=\"wp-page\" data-elementor-id=\"3129\" class=\"elementor elementor-3129\" data-elementor-post-type=\"page\">\n\t\t\t\t<div class=\"elementor-element elementor-element-3bf14143 e-flex e-con-boxed e-con e-parent\" data-id=\"3bf14143\" data-element_type=\"container\" data-e-type=\"container\" data-settings=\"{&quot;animation&quot;:&quot;none&quot;}\">\n\t\t\t\t\t<div class=\"e-con-inner\">\n\t\t<div class=\"elementor-element elementor-element-3434f892 e-con-full e-flex e-con e-child\" data-id=\"3434f892\" data-element_type=\"container\" data-e-type=\"container\">\n\t\t\t\t<div class=\"elementor-element elementor-element-c571b1 elementor-widget elementor-widget-breadcrumbs\" data-id=\"c571b1\" data-element_type=\"widget\" data-e-type=\"widget\" data-widget_type=\"breadcrumbs.default\">\n\t\t\t\t\t<p id=\"breadcrumbs\"><span><span><a href=\"https:\/\/www.abconservation.org\/en\/\">HOME<\/a><\/span><\/span><\/p>\t\t\t\t<\/div>\n\t\t\t\t<div class=\"elementor-element elementor-element-47bbb95 elementor-widget elementor-widget-heading\" data-id=\"47bbb95\" data-element_type=\"widget\" data-e-type=\"widget\" data-widget_type=\"heading.default\">\n\t\t\t\t\t<h1 class=\"elementor-heading-title elementor-size-default\">Binturong, who are you?<\/h1>\t\t\t\t<\/div>\n\t\t\t\t<div class=\"elementor-element elementor-element-46381d18 elementor-widget-divider--view-line elementor-widget elementor-widget-divider\" data-id=\"46381d18\" data-element_type=\"widget\" data-e-type=\"widget\" data-widget_type=\"divider.default\">\n\t\t\t\t\t\t\t<div class=\"elementor-divider\">\n\t\t\t<span class=\"elementor-divider-separator\">\n\t\t\t\t\t\t<\/span>\n\t\t<\/div>\n\t\t\t\t\t\t<\/div>\n\t\t<div class=\"elementor-element elementor-element-1b6204c0 e-con-full e-flex e-con e-child\" data-id=\"1b6204c0\" data-element_type=\"container\" data-e-type=\"container\">\n\t\t\t\t<div class=\"elementor-element elementor-element-6f7277bc elementor-view-default elementor-widget elementor-widget-icon\" data-id=\"6f7277bc\" data-element_type=\"widget\" data-e-type=\"widget\" data-widget_type=\"icon.default\">\n\t\t\t\t\t\t\t<div class=\"elementor-icon-wrapper\">\n\t\t\t<div class=\"elementor-icon\">\n\t\t\t<svg aria-hidden=\"true\" class=\"e-font-icon-svg e-fas-tag\" viewbox=\"0 0 512 512\" xmlns=\"http:\/\/www.w3.org\/2000\/svg\"><path d=\"M0 252.118V48C0 21.49 21.49 0 48 0h204.118a48 48 0 0 1 33.941 14.059l211.882 211.882c18.745 18.745 18.745 49.137 0 67.882L293.823 497.941c-18.745 18.745-49.137 18.745-67.882 0L14.059 286.059A48 48 0 0 1 0 252.118zM112 64c-26.51 0-48 21.49-48 48s21.49 48 48 48 48-21.49 48-48-21.49-48-48-48z\"><\/path><\/svg>\t\t\t<\/div>\n\t\t<\/div>\n\t\t\t\t\t\t<\/div>\n\t\t<div class=\"elementor-element elementor-element-7b8e8ca7 e-con-full e-flex e-con e-child\" data-id=\"7b8e8ca7\" data-element_type=\"container\" data-e-type=\"container\">\n\t\t\t\t<div class=\"elementor-element elementor-element-325f9c3c elementor-widget elementor-widget-text-editor\" data-id=\"325f9c3c\" data-element_type=\"widget\" data-e-type=\"widget\" data-widget_type=\"text-editor.default\">\n\t\t\t\t\t\t\t\t\t<p>Workshop for schoolchildren<\/p>\t\t\t\t\t\t\t\t<\/div>\n\t\t\t\t<\/div>\n\t\t\t\t<\/div>\n\t\t<div class=\"elementor-element elementor-element-21fc30ab e-con-full e-flex e-con e-child\" data-id=\"21fc30ab\" data-element_type=\"container\" data-e-type=\"container\">\n\t\t\t\t<div class=\"elementor-element elementor-element-219ec040 elementor-view-default elementor-widget elementor-widget-icon\" data-id=\"219ec040\" data-element_type=\"widget\" data-e-type=\"widget\" data-widget_type=\"icon.default\">\n\t\t\t\t\t\t\t<div class=\"elementor-icon-wrapper\">\n\t\t\t<div class=\"elementor-icon\">\n\t\t\t<svg aria-hidden=\"true\" class=\"e-font-icon-svg e-fas-user-friends\" viewbox=\"0 0 640 512\" xmlns=\"http:\/\/www.w3.org\/2000\/svg\"><path d=\"M192 256c61.9 0 112-50.1 112-112S253.9 32 192 32 80 82.1 80 144s50.1 112 112 112zm76.8 32h-8.3c-20.8 10-43.9 16-68.5 16s-47.6-6-68.5-16h-8.3C51.6 288 0 339.6 0 403.2V432c0 26.5 21.5 48 48 48h288c26.5 0 48-21.5 48-48v-28.8c0-63.6-51.6-115.2-115.2-115.2zM480 256c53 0 96-43 96-96s-43-96-96-96-96 43-96 96 43 96 96 96zm48 32h-3.8c-13.9 4.8-28.6 8-44.2 8s-30.3-3.2-44.2-8H432c-20.4 0-39.2 5.9-55.7 15.4 24.4 26.3 39.7 61.2 39.7 99.8v38.4c0 2.2-.5 4.3-.6 6.4H592c26.5 0 48-21.5 48-48 0-61.9-50.1-112-112-112z\"><\/path><\/svg>\t\t\t<\/div>\n\t\t<\/div>\n\t\t\t\t\t\t<\/div>\n\t\t<div class=\"elementor-element elementor-element-4ed63a0c e-con-full e-flex e-con e-child\" data-id=\"4ed63a0c\" data-element_type=\"container\" data-e-type=\"container\">\n\t\t\t\t<div class=\"elementor-element elementor-element-7c14bee3 elementor-widget elementor-widget-text-editor\" data-id=\"7c14bee3\" data-element_type=\"widget\" data-e-type=\"widget\" data-widget_type=\"text-editor.default\">\n\t\t\t\t\t\t\t\t\t<p>General public - Adults, Higher education, Families, Schoolchildren - Cycle 1, Cycle 2, Cycle 3 and Cycle 4<\/p>\t\t\t\t\t\t\t\t<\/div>\n\t\t\t\t<\/div>\n\t\t\t\t<\/div>\n\t\t<div class=\"elementor-element elementor-element-3dcf1a59 e-con-full e-flex e-con e-child\" data-id=\"3dcf1a59\" data-element_type=\"container\" data-e-type=\"container\">\n\t\t\t\t<div class=\"elementor-element elementor-element-44d052a5 elementor-view-default elementor-widget elementor-widget-icon\" data-id=\"44d052a5\" data-element_type=\"widget\" data-e-type=\"widget\" data-widget_type=\"icon.default\">\n\t\t\t\t\t\t\t<div class=\"elementor-icon-wrapper\">\n\t\t\t<div class=\"elementor-icon\">\n\t\t\t<svg aria-hidden=\"true\" class=\"e-font-icon-svg e-fas-less-than-equal\" viewbox=\"0 0 448 512\" xmlns=\"http:\/\/www.w3.org\/2000\/svg\"><path d=\"M54.98 214.2l301.41 119.87c18.39 6.03 38.71-2.54 45.38-19.15l12.09-30.08c6.68-16.61-2.82-34.97-21.21-41l-175.44-68.05 175.56-68.09c18.29-6 27.74-24.27 21.1-40.79l-12.03-29.92c-6.64-16.53-26.86-25.06-45.15-19.06L54.98 137.89C41.21 142.41 32 154.5 32 168.07v15.96c0 13.56 9.21 25.65 22.98 30.17zM424 400H24c-13.25 0-24 10.74-24 24v48c0 13.25 10.75 24 24 24h400c13.25 0 24-10.75 24-24v-48c0-13.26-10.75-24-24-24z\"><\/path><\/svg>\t\t\t<\/div>\n\t\t<\/div>\n\t\t\t\t\t\t<\/div>\n\t\t<div class=\"elementor-element elementor-element-464fdfd8 e-con-full e-flex e-con e-child\" data-id=\"464fdfd8\" data-element_type=\"container\" data-e-type=\"container\">\n\t\t\t\t<div class=\"elementor-element elementor-element-374fc724 elementor-widget elementor-widget-text-editor\" data-id=\"374fc724\" data-element_type=\"widget\" data-e-type=\"widget\" data-widget_type=\"text-editor.default\">\n\t\t\t\t\t\t\t\t\t<p>20 people<\/p>\t\t\t\t\t\t\t\t<\/div>\n\t\t\t\t<\/div>\n\t\t\t\t<\/div>\n\t\t<div class=\"elementor-element elementor-element-263464d7 e-con-full e-flex e-con e-child\" data-id=\"263464d7\" data-element_type=\"container\" data-e-type=\"container\">\n\t\t\t\t<div class=\"elementor-element elementor-element-2e26f945 elementor-view-default elementor-widget elementor-widget-icon\" data-id=\"2e26f945\" data-element_type=\"widget\" data-e-type=\"widget\" data-widget_type=\"icon.default\">\n\t\t\t\t\t\t\t<div class=\"elementor-icon-wrapper\">\n\t\t\t<div class=\"elementor-icon\">\n\t\t\t<svg aria-hidden=\"true\" class=\"e-font-icon-svg e-fas-clock\" viewbox=\"0 0 512 512\" xmlns=\"http:\/\/www.w3.org\/2000\/svg\"><path d=\"M256,8C119,8,8,119,8,256S119,504,256,504,504,393,504,256,393,8,256,8Zm92.49,313h0l-20,25a16,16,0,0,1-22.49,2.5h0l-67-49.72a40,40,0,0,1-15-31.23V112a16,16,0,0,1,16-16h32a16,16,0,0,1,16,16V256l58,42.5A16,16,0,0,1,348.49,321Z\"><\/path><\/svg>\t\t\t<\/div>\n\t\t<\/div>\n\t\t\t\t\t\t<\/div>\n\t\t<div class=\"elementor-element elementor-element-7d1df567 e-con-full e-flex e-con e-child\" data-id=\"7d1df567\" data-element_type=\"container\" data-e-type=\"container\">\n\t\t\t\t<div class=\"elementor-element elementor-element-23cf916e elementor-widget elementor-widget-text-editor\" data-id=\"23cf916e\" data-element_type=\"widget\" data-e-type=\"widget\" data-widget_type=\"text-editor.default\">\n\t\t\t\t\t\t\t\t\t<p>Between 1h30 and 2h00 depending on level<\/p>\t\t\t\t\t\t\t\t<\/div>\n\t\t\t\t<\/div>\n\t\t\t\t<\/div>\n\t\t\t\t<\/div>\n\t\t<div class=\"elementor-element elementor-element-423ac29 e-con-full e-flex e-con e-child\" data-id=\"423ac29\" data-element_type=\"container\" data-e-type=\"container\">\n\t\t\t\t<div class=\"elementor-element elementor-element-79885db8 elementor-widget elementor-widget-image\" data-id=\"79885db8\" data-element_type=\"widget\" data-e-type=\"widget\" data-widget_type=\"image.default\">\n\t\t\t\t\t\t\t\t\t\t\t\t\t\t\t<img fetchpriority=\"high\" decoding=\"async\" width=\"650\" height=\"433\" src=\"https:\/\/www.abconservation.org\/wp-content\/uploads\/2025\/01\/binturongQui-v2.jpg\" class=\"attachment-large size-large wp-image-3261\" alt=\"\" srcset=\"https:\/\/www.abconservation.org\/wp-content\/uploads\/2025\/01\/binturongQui-v2.jpg 650w, https:\/\/www.abconservation.org\/wp-content\/uploads\/2025\/01\/binturongQui-v2-300x200.jpg 300w, https:\/\/www.abconservation.org\/wp-content\/uploads\/2025\/01\/binturongQui-v2-18x12.jpg 18w\" sizes=\"(max-width: 650px) 100vw, 650px\" \/>\t\t\t\t\t\t\t\t\t\t\t\t\t\t\t<\/div>\n\t\t\t\t<\/div>\n\t\t\t\t\t<\/div>\n\t\t\t\t<\/div>\n\t\t<div class=\"elementor-element elementor-element-dc88b78 e-flex e-con-boxed e-con e-parent\" data-id=\"dc88b78\" data-element_type=\"container\" data-e-type=\"container\" data-settings=\"{&quot;background_background&quot;:&quot;classic&quot;}\">\n\t\t\t\t\t<div class=\"e-con-inner\">\n\t\t\t\t<div class=\"elementor-element elementor-element-5a6c6ae2 elementor-widget elementor-widget-heading\" data-id=\"5a6c6ae2\" data-element_type=\"widget\" data-e-type=\"widget\" data-widget_type=\"heading.default\">\n\t\t\t\t\t<h3 class=\"elementor-heading-title elementor-size-default\">Objectives<\/h3>\t\t\t\t<\/div>\n\t\t\t\t<div class=\"elementor-element elementor-element-44382b01 elementor-widget-divider--view-line elementor-widget elementor-widget-divider\" data-id=\"44382b01\" data-element_type=\"widget\" data-e-type=\"widget\" data-widget_type=\"divider.default\">\n\t\t\t\t\t\t\t<div class=\"elementor-divider\">\n\t\t\t<span class=\"elementor-divider-separator\">\n\t\t\t\t\t\t<\/span>\n\t\t<\/div>\n\t\t\t\t\t\t<\/div>\n\t\t<div class=\"elementor-element elementor-element-310e7449 e-con-full e-flex e-con e-child\" data-id=\"310e7449\" data-element_type=\"container\" data-e-type=\"container\">\n\t\t\t\t<div class=\"elementor-element elementor-element-a21c9c7 elementor-widget elementor-widget-text-editor\" data-id=\"a21c9c7\" data-element_type=\"widget\" data-e-type=\"widget\" data-widget_type=\"text-editor.default\">\n\t\t\t\t\t\t\t\t\t<p>Our emblem: the binturong. But do you know this animal? The binturong, a little-known species, a species threatened with extinction, but also an important species for the balance of its environment. Through this activity, you'll learn more about this little mammal and why preserving it means preserving much more than just the binturong.<\/p>\t\t\t\t\t\t\t\t<\/div>\n\t\t\t\t<\/div>\n\t\t\t\t\t<\/div>\n\t\t\t\t<\/div>\n\t\t<div class=\"elementor-element elementor-element-46c9baca e-flex e-con-boxed e-con e-parent\" data-id=\"46c9baca\" data-element_type=\"container\" data-e-type=\"container\" data-settings=\"{&quot;background_background&quot;:&quot;classic&quot;}\">\n\t\t\t\t\t<div class=\"e-con-inner\">\n\t\t\t\t<div class=\"elementor-element elementor-element-7ae4f6a0 elementor-widget elementor-widget-heading\" data-id=\"7ae4f6a0\" data-element_type=\"widget\" data-e-type=\"widget\" data-widget_type=\"heading.default\">\n\t\t\t\t\t<h3 class=\"elementor-heading-title elementor-size-default\">Some concepts and skills covered:<\/h3>\t\t\t\t<\/div>\n\t\t\t\t<div class=\"elementor-element elementor-element-166ccca8 elementor-widget-divider--view-line elementor-widget elementor-widget-divider\" data-id=\"166ccca8\" data-element_type=\"widget\" data-e-type=\"widget\" data-widget_type=\"divider.default\">\n\t\t\t\t\t\t\t<div class=\"elementor-divider\">\n\t\t\t<span class=\"elementor-divider-separator\">\n\t\t\t\t\t\t<\/span>\n\t\t<\/div>\n\t\t\t\t\t\t<\/div>\n\t\t<div class=\"elementor-element elementor-element-66a6af64 e-con-full e-flex e-con e-child\" data-id=\"66a6af64\" data-element_type=\"container\" data-e-type=\"container\">\n\t\t\t\t<div class=\"elementor-element elementor-element-3c499599 elementor-widget elementor-widget-text-editor\" data-id=\"3c499599\" data-element_type=\"widget\" data-e-type=\"widget\" data-widget_type=\"text-editor.default\">\n\t\t\t\t\t\t\t\t\t<ul><li>Discover Binturong and its special features<\/li><li>Addressing the climatic issues threatening the species<\/li><li>Identify the solutions available to us in the face of these threats<\/li><\/ul>\t\t\t\t\t\t\t\t<\/div>\n\t\t\t\t<\/div>\n\t\t\t\t<div class=\"elementor-element elementor-element-3f0ef52 elementor-align-center elementor-widget elementor-widget-button\" data-id=\"3f0ef52\" data-element_type=\"widget\" data-e-type=\"widget\" data-widget_type=\"button.default\">\n\t\t\t\t\t\t\t\t\t\t<a class=\"elementor-button elementor-button-link elementor-size-sm\" href=\"mailto:contact@abconservation.org\">\n\t\t\t\t\t\t<span class=\"elementor-button-content-wrapper\">\n\t\t\t\t\t\t<span class=\"elementor-button-icon\">\n\t\t\t\t<svg aria-hidden=\"true\" class=\"e-font-icon-svg e-fas-paper-plane\" viewbox=\"0 0 512 512\" xmlns=\"http:\/\/www.w3.org\/2000\/svg\"><path d=\"M476 3.2L12.5 270.6c-18.1 10.4-15.8 35.6 2.2 43.2L121 358.4l287.3-253.2c5.5-4.9 13.3 2.6 8.6 8.3L176 407v80.5c0 23.6 28.5 32.9 42.5 15.8L282 426l124.6 52.2c14.2 6 30.4-2.9 33-18.2l72-432C515 7.8 493.3-6.8 476 3.2z\"><\/path><\/svg>\t\t\t<\/span>\n\t\t\t\t\t\t\t\t\t<span class=\"elementor-button-text\">CONTACT US<\/span>\n\t\t\t\t\t<\/span>\n\t\t\t\t\t<\/a>\n\t\t\t\t\t\t\t\t<\/div>\n\t\t\t\t\t<\/div>\n\t\t\t\t<\/div>\n\t\t\t\t<\/div>","protected":false},"excerpt":{"rendered":"<p>Binturong, qui es-tu ? Atelier pour les scolaires Tous public &#8211; Adultes, Enseignement sup\u00e9rieur, Familles, Scolaire \u2013 Cycle 1, Cycle 2, Cycle 3 et Cycle 4 20 personnes Entre 1h30 et 2h00 selon les niveaux Objectifs Notre embl\u00e8me : le binturong. Mais connaissez-vous cet animal ? Le binturong, une esp\u00e8ce m\u00e9connue, une esp\u00e8ce menac\u00e9e de [&hellip;]<\/p>\n","protected":false},"author":1,"featured_media":0,"parent":2568,"menu_order":2,"comment_status":"closed","ping_status":"closed","template":"elementor_header_footer","meta":{"footnotes":""},"class_list":["post-3129","page","type-page","status-publish","hentry"],"yoast_head":"<!-- This site is optimized with the Yoast SEO plugin v27.5 - https:\/\/yoast.com\/product\/yoast-seo-wordpress\/ -->\n<title>BINTURONG, QUI ES-TU ? - ABConservation<\/title>\n<meta name=\"robots\" content=\"index, follow, max-snippet:-1, max-image-preview:large, max-video-preview:-1\" \/>\n<link rel=\"canonical\" href=\"https:\/\/www.abconservation.org\/en\/services\/our-events\/binturong-who-are-you\/\" \/>\n<meta property=\"og:locale\" content=\"en_US\" \/>\n<meta property=\"og:type\" content=\"article\" \/>\n<meta property=\"og:title\" content=\"BINTURONG, QUI ES-TU ? - ABConservation\" \/>\n<meta property=\"og:description\" content=\"Binturong, qui es-tu ? Atelier pour les scolaires Tous public &#8211; Adultes, Enseignement sup\u00e9rieur, Familles, Scolaire \u2013 Cycle 1, Cycle 2, Cycle 3 et Cycle 4 20 personnes Entre 1h30 et 2h00 selon les niveaux Objectifs Notre embl\u00e8me : le binturong. Mais connaissez-vous cet animal ? Le binturong, une esp\u00e8ce m\u00e9connue, une esp\u00e8ce menac\u00e9e de [&hellip;]\" \/>\n<meta property=\"og:url\" content=\"https:\/\/www.abconservation.org\/en\/services\/our-events\/binturong-who-are-you\/\" \/>\n<meta property=\"og:site_name\" content=\"ABConservation\" \/>\n<meta property=\"article:publisher\" content=\"https:\/\/www.facebook.com\/ABConservation\" \/>\n<meta property=\"article:modified_time\" content=\"2025-02-20T22:47:02+00:00\" \/>\n<meta property=\"og:image\" content=\"https:\/\/www.abconservation.org\/wp-content\/uploads\/2025\/01\/binturongQui-v2.jpg\" \/>\n\t<meta property=\"og:image:width\" content=\"650\" \/>\n\t<meta property=\"og:image:height\" content=\"433\" \/>\n\t<meta property=\"og:image:type\" content=\"image\/jpeg\" \/>\n<meta name=\"twitter:card\" content=\"summary_large_image\" \/>\n<script type=\"application\/ld+json\" class=\"yoast-schema-graph\">{\"@context\":\"https:\\\/\\\/schema.org\",\"@graph\":[{\"@type\":\"WebPage\",\"@id\":\"https:\\\/\\\/www.abconservation.org\\\/prestations\\\/nos-animations\\\/binturong-qui-es-tu\\\/\",\"url\":\"https:\\\/\\\/www.abconservation.org\\\/prestations\\\/nos-animations\\\/binturong-qui-es-tu\\\/\",\"name\":\"BINTURONG, QUI ES-TU ? - ABConservation\",\"isPartOf\":{\"@id\":\"https:\\\/\\\/www.abconservation.org\\\/#website\"},\"primaryImageOfPage\":{\"@id\":\"https:\\\/\\\/www.abconservation.org\\\/prestations\\\/nos-animations\\\/binturong-qui-es-tu\\\/#primaryimage\"},\"image\":{\"@id\":\"https:\\\/\\\/www.abconservation.org\\\/prestations\\\/nos-animations\\\/binturong-qui-es-tu\\\/#primaryimage\"},\"thumbnailUrl\":\"https:\\\/\\\/www.abconservation.org\\\/wp-content\\\/uploads\\\/2025\\\/01\\\/binturongQui-v2.jpg\",\"datePublished\":\"2025-01-26T09:04:54+00:00\",\"dateModified\":\"2025-02-20T22:47:02+00:00\",\"breadcrumb\":{\"@id\":\"https:\\\/\\\/www.abconservation.org\\\/prestations\\\/nos-animations\\\/binturong-qui-es-tu\\\/#breadcrumb\"},\"inLanguage\":\"en-US\",\"potentialAction\":[{\"@type\":\"ReadAction\",\"target\":[\"https:\\\/\\\/www.abconservation.org\\\/prestations\\\/nos-animations\\\/binturong-qui-es-tu\\\/\"]}]},{\"@type\":\"ImageObject\",\"inLanguage\":\"en-US\",\"@id\":\"https:\\\/\\\/www.abconservation.org\\\/prestations\\\/nos-animations\\\/binturong-qui-es-tu\\\/#primaryimage\",\"url\":\"https:\\\/\\\/www.abconservation.org\\\/wp-content\\\/uploads\\\/2025\\\/01\\\/binturongQui-v2.jpg\",\"contentUrl\":\"https:\\\/\\\/www.abconservation.org\\\/wp-content\\\/uploads\\\/2025\\\/01\\\/binturongQui-v2.jpg\"},{\"@type\":\"BreadcrumbList\",\"@id\":\"https:\\\/\\\/www.abconservation.org\\\/prestations\\\/nos-animations\\\/binturong-qui-es-tu\\\/#breadcrumb\",\"itemListElement\":[{\"@type\":\"ListItem\",\"position\":1,\"name\":\"ACCUEIL\",\"item\":\"https:\\\/\\\/www.abconservation.org\\\/\"},{\"@type\":\"ListItem\",\"position\":2,\"name\":\"PRESTATIONS\",\"item\":\"https:\\\/\\\/www.abconservation.org\\\/prestations\\\/\"},{\"@type\":\"ListItem\",\"position\":3,\"name\":\"NOS ANIMATIONS\",\"item\":\"https:\\\/\\\/www.abconservation.org\\\/prestations\\\/nos-animations\\\/\"},{\"@type\":\"ListItem\",\"position\":4,\"name\":\"BINTURONG, QUI ES-TU ?\"}]},{\"@type\":\"WebSite\",\"@id\":\"https:\\\/\\\/www.abconservation.org\\\/#website\",\"url\":\"https:\\\/\\\/www.abconservation.org\\\/\",\"name\":\"ABConservation\",\"description\":\"Etudier, sensibiliser, prot\u00e9ger\",\"publisher\":{\"@id\":\"https:\\\/\\\/www.abconservation.org\\\/#organization\"},\"potentialAction\":[{\"@type\":\"SearchAction\",\"target\":{\"@type\":\"EntryPoint\",\"urlTemplate\":\"https:\\\/\\\/www.abconservation.org\\\/?s={search_term_string}\"},\"query-input\":{\"@type\":\"PropertyValueSpecification\",\"valueRequired\":true,\"valueName\":\"search_term_string\"}}],\"inLanguage\":\"en-US\"},{\"@type\":\"Organization\",\"@id\":\"https:\\\/\\\/www.abconservation.org\\\/#organization\",\"name\":\"ABConservation\",\"url\":\"https:\\\/\\\/www.abconservation.org\\\/\",\"logo\":{\"@type\":\"ImageObject\",\"inLanguage\":\"en-US\",\"@id\":\"https:\\\/\\\/www.abconservation.org\\\/#\\\/schema\\\/logo\\\/image\\\/\",\"url\":\"https:\\\/\\\/www.abconservation.org\\\/wp-content\\\/uploads\\\/2024\\\/07\\\/cropped-abconservation-home3.png\",\"contentUrl\":\"https:\\\/\\\/www.abconservation.org\\\/wp-content\\\/uploads\\\/2024\\\/07\\\/cropped-abconservation-home3.png\",\"width\":485,\"height\":134,\"caption\":\"ABConservation\"},\"image\":{\"@id\":\"https:\\\/\\\/www.abconservation.org\\\/#\\\/schema\\\/logo\\\/image\\\/\"},\"sameAs\":[\"https:\\\/\\\/www.facebook.com\\\/ABConservation\",\"https:\\\/\\\/www.instagram.com\\\/abconservation\\\/\",\"https:\\\/\\\/www.youtube.com\\\/channel\\\/UCXU_mrwJG4tK6NPGMlWJdsA\",\"https:\\\/\\\/www.linkedin.com\\\/company\\\/arctictis-binturong-conservation\"]}]}<\/script>\n<!-- \/ Yoast SEO plugin. -->","yoast_head_json":{"title":"BINTURONG, WHO ARE YOU? - ABConservation","robots":{"index":"index","follow":"follow","max-snippet":"max-snippet:-1","max-image-preview":"max-image-preview:large","max-video-preview":"max-video-preview:-1"},"canonical":"https:\/\/www.abconservation.org\/en\/services\/our-events\/binturong-who-are-you\/","og_locale":"en_US","og_type":"article","og_title":"BINTURONG, QUI ES-TU ? - ABConservation","og_description":"Binturong, qui es-tu ? Atelier pour les scolaires Tous public &#8211; Adultes, Enseignement sup\u00e9rieur, Familles, Scolaire \u2013 Cycle 1, Cycle 2, Cycle 3 et Cycle 4 20 personnes Entre 1h30 et 2h00 selon les niveaux Objectifs Notre embl\u00e8me : le binturong. Mais connaissez-vous cet animal ? Le binturong, une esp\u00e8ce m\u00e9connue, une esp\u00e8ce menac\u00e9e de [&hellip;]","og_url":"https:\/\/www.abconservation.org\/en\/services\/our-events\/binturong-who-are-you\/","og_site_name":"ABConservation","article_publisher":"https:\/\/www.facebook.com\/ABConservation","article_modified_time":"2025-02-20T22:47:02+00:00","og_image":[{"width":650,"height":433,"url":"https:\/\/www.abconservation.org\/wp-content\/uploads\/2025\/01\/binturongQui-v2.jpg","type":"image\/jpeg"}],"twitter_card":"summary_large_image","schema":{"@context":"https:\/\/schema.org","@graph":[{"@type":"WebPage","@id":"https:\/\/www.abconservation.org\/prestations\/nos-animations\/binturong-qui-es-tu\/","url":"https:\/\/www.abconservation.org\/prestations\/nos-animations\/binturong-qui-es-tu\/","name":"BINTURONG, WHO ARE YOU? - ABConservation","isPartOf":{"@id":"https:\/\/www.abconservation.org\/#website"},"primaryImageOfPage":{"@id":"https:\/\/www.abconservation.org\/prestations\/nos-animations\/binturong-qui-es-tu\/#primaryimage"},"image":{"@id":"https:\/\/www.abconservation.org\/prestations\/nos-animations\/binturong-qui-es-tu\/#primaryimage"},"thumbnailUrl":"https:\/\/www.abconservation.org\/wp-content\/uploads\/2025\/01\/binturongQui-v2.jpg","datePublished":"2025-01-26T09:04:54+00:00","dateModified":"2025-02-20T22:47:02+00:00","breadcrumb":{"@id":"https:\/\/www.abconservation.org\/prestations\/nos-animations\/binturong-qui-es-tu\/#breadcrumb"},"inLanguage":"en-US","potentialAction":[{"@type":"ReadAction","target":["https:\/\/www.abconservation.org\/prestations\/nos-animations\/binturong-qui-es-tu\/"]}]},{"@type":"ImageObject","inLanguage":"en-US","@id":"https:\/\/www.abconservation.org\/prestations\/nos-animations\/binturong-qui-es-tu\/#primaryimage","url":"https:\/\/www.abconservation.org\/wp-content\/uploads\/2025\/01\/binturongQui-v2.jpg","contentUrl":"https:\/\/www.abconservation.org\/wp-content\/uploads\/2025\/01\/binturongQui-v2.jpg"},{"@type":"BreadcrumbList","@id":"https:\/\/www.abconservation.org\/prestations\/nos-animations\/binturong-qui-es-tu\/#breadcrumb","itemListElement":[{"@type":"ListItem","position":1,"name":"ACCUEIL","item":"https:\/\/www.abconservation.org\/"},{"@type":"ListItem","position":2,"name":"PRESTATIONS","item":"https:\/\/www.abconservation.org\/prestations\/"},{"@type":"ListItem","position":3,"name":"NOS ANIMATIONS","item":"https:\/\/www.abconservation.org\/prestations\/nos-animations\/"},{"@type":"ListItem","position":4,"name":"BINTURONG, QUI ES-TU ?"}]},{"@type":"WebSite","@id":"https:\/\/www.abconservation.org\/#website","url":"https:\/\/www.abconservation.org\/","name":"ABConservation","description":"Study, raise awareness, protect","publisher":{"@id":"https:\/\/www.abconservation.org\/#organization"},"potentialAction":[{"@type":"SearchAction","target":{"@type":"EntryPoint","urlTemplate":"https:\/\/www.abconservation.org\/?s={search_term_string}"},"query-input":{"@type":"PropertyValueSpecification","valueRequired":true,"valueName":"search_term_string"}}],"inLanguage":"en-US"},{"@type":"Organization","@id":"https:\/\/www.abconservation.org\/#organization","name":"ABConservation","url":"https:\/\/www.abconservation.org\/","logo":{"@type":"ImageObject","inLanguage":"en-US","@id":"https:\/\/www.abconservation.org\/#\/schema\/logo\/image\/","url":"https:\/\/www.abconservation.org\/wp-content\/uploads\/2024\/07\/cropped-abconservation-home3.png","contentUrl":"https:\/\/www.abconservation.org\/wp-content\/uploads\/2024\/07\/cropped-abconservation-home3.png","width":485,"height":134,"caption":"ABConservation"},"image":{"@id":"https:\/\/www.abconservation.org\/#\/schema\/logo\/image\/"},"sameAs":["https:\/\/www.facebook.com\/ABConservation","https:\/\/www.instagram.com\/abconservation\/","https:\/\/www.youtube.com\/channel\/UCXU_mrwJG4tK6NPGMlWJdsA","https:\/\/www.linkedin.com\/company\/arctictis-binturong-conservation"]}]}},"_links":{"self":[{"href":"https:\/\/www.abconservation.org\/en\/wp-json\/wp\/v2\/pages\/3129","targetHints":{"allow":["GET"]}}],"collection":[{"href":"https:\/\/www.abconservation.org\/en\/wp-json\/wp\/v2\/pages"}],"about":[{"href":"https:\/\/www.abconservation.org\/en\/wp-json\/wp\/v2\/types\/page"}],"author":[{"embeddable":true,"href":"https:\/\/www.abconservation.org\/en\/wp-json\/wp\/v2\/users\/1"}],"replies":[{"embeddable":true,"href":"https:\/\/www.abconservation.org\/en\/wp-json\/wp\/v2\/comments?post=3129"}],"version-history":[{"count":26,"href":"https:\/\/www.abconservation.org\/en\/wp-json\/wp\/v2\/pages\/3129\/revisions"}],"predecessor-version":[{"id":4971,"href":"https:\/\/www.abconservation.org\/en\/wp-json\/wp\/v2\/pages\/3129\/revisions\/4971"}],"up":[{"embeddable":true,"href":"https:\/\/www.abconservation.org\/en\/wp-json\/wp\/v2\/pages\/2568"}],"wp:attachment":[{"href":"https:\/\/www.abconservation.org\/en\/wp-json\/wp\/v2\/media?parent=3129"}],"curies":[{"name":"wp","href":"https:\/\/api.w.org\/{rel}","templated":true}]}}