{"id":2570,"date":"2025-01-20T06:37:52","date_gmt":"2025-01-20T05:37:52","guid":{"rendered":"https:\/\/pab.abconservation.org\/?page_id=2570"},"modified":"2025-02-27T08:15:08","modified_gmt":"2025-02-27T07:15:08","slug":"our-work-in-zoos","status":"publish","type":"page","link":"https:\/\/www.abconservation.org\/en\/services\/our-work-in-zoos\/","title":{"rendered":"OUR WORK IN ZOOS"},"content":{"rendered":"<div data-elementor-type=\"wp-page\" data-elementor-id=\"2570\" class=\"elementor elementor-2570\" data-elementor-post-type=\"page\">\n\t\t\t\t<div class=\"elementor-element elementor-element-4e3d5080 e-flex e-con-boxed e-con e-parent\" data-id=\"4e3d5080\" data-element_type=\"container\" data-e-type=\"container\" data-settings=\"{&quot;animation&quot;:&quot;none&quot;}\">\n\t\t\t\t\t<div class=\"e-con-inner\">\n\t\t<div class=\"elementor-element elementor-element-518c8c2b e-con-full e-flex e-con e-child\" data-id=\"518c8c2b\" data-element_type=\"container\" data-e-type=\"container\">\n\t\t\t\t<div class=\"elementor-element elementor-element-66643a19 elementor-widget elementor-widget-breadcrumbs\" data-id=\"66643a19\" data-element_type=\"widget\" data-e-type=\"widget\" data-widget_type=\"breadcrumbs.default\">\n\t\t\t\t\t<p id=\"breadcrumbs\"><span><span><a href=\"https:\/\/www.abconservation.org\/en\/\">HOME<\/a><\/span><\/span><\/p>\t\t\t\t<\/div>\n\t\t\t\t<div class=\"elementor-element elementor-element-7cc97227 elementor-widget elementor-widget-heading\" data-id=\"7cc97227\" data-element_type=\"widget\" data-e-type=\"widget\" data-widget_type=\"heading.default\">\n\t\t\t\t\t<h1 class=\"elementor-heading-title elementor-size-default\">Our work in zoos<\/h1>\t\t\t\t<\/div>\n\t\t\t\t<div class=\"elementor-element elementor-element-e51962b elementor-widget-divider--view-line elementor-widget elementor-widget-divider\" data-id=\"e51962b\" data-element_type=\"widget\" data-e-type=\"widget\" data-widget_type=\"divider.default\">\n\t\t\t\t\t\t\t<div class=\"elementor-divider\">\n\t\t\t<span class=\"elementor-divider-separator\">\n\t\t\t\t\t\t<\/span>\n\t\t<\/div>\n\t\t\t\t\t\t<\/div>\n\t\t\t\t<div class=\"elementor-element elementor-element-6ca627b3 elementor-widget elementor-widget-text-editor\" data-id=\"6ca627b3\" data-element_type=\"widget\" data-e-type=\"widget\" data-widget_type=\"text-editor.default\">\n\t\t\t\t\t\t\t\t\t<p>Since its creation, ABConservation has been committed to working hand-in-hand with zoological institutions to strengthen their efforts to raise public awareness of the disappearance of biodiversity. Today, the educational role of zoological parks no longer needs to be proven, and it must be one of their mainstays. With the creation of World Binturong Day in 2015, then the organization of numerous days within various zoological structures, ABConservation aims to be the driving force behind this awareness-raising. Since 2015, more than 10 institutions have placed their trust in us, for a total of 127 intervention days.<\/p>\t\t\t\t\t\t\t\t<\/div>\n\t\t\t\t<\/div>\n\t\t<div class=\"elementor-element elementor-element-72200bbc e-con-full elementor-hidden-tablet elementor-hidden-mobile e-flex e-con e-child\" data-id=\"72200bbc\" data-element_type=\"container\" data-e-type=\"container\">\n\t\t\t\t<\/div>\n\t\t<div class=\"elementor-element elementor-element-37084f0d e-con-full e-flex e-con e-child\" data-id=\"37084f0d\" data-element_type=\"container\" data-e-type=\"container\">\n\t\t\t\t<div class=\"elementor-element elementor-element-6c103df6 elementor-widget elementor-widget-image\" data-id=\"6c103df6\" data-element_type=\"widget\" data-e-type=\"widget\" data-widget_type=\"image.default\">\n\t\t\t\t\t\t\t\t\t\t\t\t\t\t\t<img fetchpriority=\"high\" decoding=\"async\" width=\"800\" height=\"533\" src=\"https:\/\/www.abconservation.org\/wp-content\/uploads\/2025\/02\/Nos-interventions-en-parcs-zoologiques-1024x682.jpg\" class=\"attachment-large size-large wp-image-3775\" alt=\"\" srcset=\"https:\/\/www.abconservation.org\/wp-content\/uploads\/2025\/02\/Nos-interventions-en-parcs-zoologiques-1024x682.jpg 1024w, https:\/\/www.abconservation.org\/wp-content\/uploads\/2025\/02\/Nos-interventions-en-parcs-zoologiques-300x200.jpg 300w, https:\/\/www.abconservation.org\/wp-content\/uploads\/2025\/02\/Nos-interventions-en-parcs-zoologiques-768x512.jpg 768w, https:\/\/www.abconservation.org\/wp-content\/uploads\/2025\/02\/Nos-interventions-en-parcs-zoologiques-18x12.jpg 18w, https:\/\/www.abconservation.org\/wp-content\/uploads\/2025\/02\/Nos-interventions-en-parcs-zoologiques.jpg 1100w\" sizes=\"(max-width: 800px) 100vw, 800px\" \/>\t\t\t\t\t\t\t\t\t\t\t\t\t\t\t<\/div>\n\t\t\t\t<\/div>\n\t\t\t\t\t<\/div>\n\t\t\t\t<\/div>\n\t\t<div class=\"elementor-element elementor-element-4212d2a0 e-con-full e-flex e-con e-parent\" data-id=\"4212d2a0\" data-element_type=\"container\" data-e-type=\"container\" data-settings=\"{&quot;background_background&quot;:&quot;classic&quot;,&quot;animation&quot;:&quot;none&quot;}\">\n\t\t<div class=\"elementor-element elementor-element-5354035 e-flex e-con-boxed e-con e-child\" data-id=\"5354035\" data-element_type=\"container\" data-e-type=\"container\">\n\t\t\t\t\t<div class=\"e-con-inner\">\n\t\t\t\t<div class=\"elementor-element elementor-element-b252546 elementor-widget elementor-widget-image\" data-id=\"b252546\" data-element_type=\"widget\" data-e-type=\"widget\" data-widget_type=\"image.default\">\n\t\t\t\t\t\t\t\t\t\t\t\t\t\t\t<img decoding=\"async\" width=\"749\" height=\"200\" src=\"https:\/\/www.abconservation.org\/wp-content\/uploads\/2025\/01\/zooJardinPlantes-v2.png\" class=\"attachment-large size-large wp-image-3287\" alt=\"\" srcset=\"https:\/\/www.abconservation.org\/wp-content\/uploads\/2025\/01\/zooJardinPlantes-v2.png 749w, https:\/\/www.abconservation.org\/wp-content\/uploads\/2025\/01\/zooJardinPlantes-v2-300x80.png 300w, https:\/\/www.abconservation.org\/wp-content\/uploads\/2025\/01\/zooJardinPlantes-v2-18x5.png 18w\" sizes=\"(max-width: 749px) 100vw, 749px\" \/>\t\t\t\t\t\t\t\t\t\t\t\t\t\t\t<\/div>\n\t\t\t\t\t<\/div>\n\t\t\t\t<\/div>\n\t\t<div class=\"elementor-element elementor-element-ec23fb3 e-flex e-con-boxed e-con e-child\" data-id=\"ec23fb3\" data-element_type=\"container\" data-e-type=\"container\">\n\t\t\t\t\t<div class=\"e-con-inner\">\n\t\t\t\t<div class=\"elementor-element elementor-element-7460991 elementor-widget elementor-widget-image\" data-id=\"7460991\" data-element_type=\"widget\" data-e-type=\"widget\" data-widget_type=\"image.default\">\n\t\t\t\t\t\t\t\t\t\t\t\t\t\t\t<img decoding=\"async\" width=\"238\" height=\"114\" src=\"https:\/\/www.abconservation.org\/wp-content\/uploads\/2025\/01\/zooTregomeur-v2.png\" class=\"attachment-large size-large wp-image-3286\" alt=\"\" srcset=\"https:\/\/www.abconservation.org\/wp-content\/uploads\/2025\/01\/zooTregomeur-v2.png 238w, https:\/\/www.abconservation.org\/wp-content\/uploads\/2025\/01\/zooTregomeur-v2-18x9.png 18w\" sizes=\"(max-width: 238px) 100vw, 238px\" \/>\t\t\t\t\t\t\t\t\t\t\t\t\t\t\t<\/div>\n\t\t\t\t\t<\/div>\n\t\t\t\t<\/div>\n\t\t<div class=\"elementor-element elementor-element-12bdd2d e-flex e-con-boxed e-con e-child\" data-id=\"12bdd2d\" data-element_type=\"container\" data-e-type=\"container\">\n\t\t\t\t\t<div class=\"e-con-inner\">\n\t\t\t\t<div class=\"elementor-element elementor-element-a45b0cf elementor-widget elementor-widget-image\" data-id=\"a45b0cf\" data-element_type=\"widget\" data-e-type=\"widget\" data-widget_type=\"image.default\">\n\t\t\t\t\t\t\t\t\t\t\t\t\t\t\t<img loading=\"lazy\" decoding=\"async\" width=\"200\" height=\"160\" src=\"https:\/\/www.abconservation.org\/wp-content\/uploads\/2025\/01\/zooBoissiere-v2.png\" class=\"attachment-large size-large wp-image-3285\" alt=\"\" srcset=\"https:\/\/www.abconservation.org\/wp-content\/uploads\/2025\/01\/zooBoissiere-v2.png 200w, https:\/\/www.abconservation.org\/wp-content\/uploads\/2025\/01\/zooBoissiere-v2-15x12.png 15w\" sizes=\"(max-width: 200px) 100vw, 200px\" \/>\t\t\t\t\t\t\t\t\t\t\t\t\t\t\t<\/div>\n\t\t\t\t\t<\/div>\n\t\t\t\t<\/div>\n\t\t<div class=\"elementor-element elementor-element-fa6c627 e-flex e-con-boxed e-con e-child\" data-id=\"fa6c627\" data-element_type=\"container\" data-e-type=\"container\">\n\t\t\t\t\t<div class=\"e-con-inner\">\n\t\t\t\t<div class=\"elementor-element elementor-element-d853a48 elementor-widget elementor-widget-image\" data-id=\"d853a48\" data-element_type=\"widget\" data-e-type=\"widget\" data-widget_type=\"image.default\">\n\t\t\t\t\t\t\t\t\t\t\t\t\t\t\t<img loading=\"lazy\" decoding=\"async\" width=\"400\" height=\"114\" src=\"https:\/\/www.abconservation.org\/wp-content\/uploads\/2025\/01\/parcAuvergne-v2.png\" class=\"attachment-large size-large wp-image-3284\" alt=\"\" srcset=\"https:\/\/www.abconservation.org\/wp-content\/uploads\/2025\/01\/parcAuvergne-v2.png 400w, https:\/\/www.abconservation.org\/wp-content\/uploads\/2025\/01\/parcAuvergne-v2-300x86.png 300w, https:\/\/www.abconservation.org\/wp-content\/uploads\/2025\/01\/parcAuvergne-v2-18x5.png 18w\" sizes=\"(max-width: 400px) 100vw, 400px\" \/>\t\t\t\t\t\t\t\t\t\t\t\t\t\t\t<\/div>\n\t\t\t\t\t<\/div>\n\t\t\t\t<\/div>\n\t\t<div class=\"elementor-element elementor-element-7bf3937 e-flex e-con-boxed e-con e-child\" data-id=\"7bf3937\" data-element_type=\"container\" data-e-type=\"container\">\n\t\t\t\t\t<div class=\"e-con-inner\">\n\t\t\t\t<div class=\"elementor-element elementor-element-d1e7610 elementor-widget elementor-widget-text-editor\" data-id=\"d1e7610\" data-element_type=\"widget\" data-e-type=\"widget\" data-widget_type=\"text-editor.default\">\n\t\t\t\t\t\t\t\t\t<p>And many more besides, <a style=\"color: #ffffff;\" href=\"https:\/\/www.abconservation.org\/en\/lasso\/our-partners\/\">here<\/a> !<\/p>\t\t\t\t\t\t\t\t<\/div>\n\t\t\t\t\t<\/div>\n\t\t\t\t<\/div>\n\t\t\t\t<\/div>\n\t\t<div class=\"elementor-element elementor-element-17472049 e-flex e-con-boxed e-con e-parent\" data-id=\"17472049\" data-element_type=\"container\" data-e-type=\"container\" data-settings=\"{&quot;background_background&quot;:&quot;classic&quot;}\">\n\t\t\t\t\t<div class=\"e-con-inner\">\n\t\t\t\t<div class=\"elementor-element elementor-element-278e2d87 elementor-widget elementor-widget-text-editor\" data-id=\"278e2d87\" data-element_type=\"widget\" data-e-type=\"widget\" data-widget_type=\"text-editor.default\">\n\t\t\t\t\t\t\t\t\t<p>These interventions can take place during various events: World Binturong Day, a day dedicated to the species, a nature festival or conservation days.<\/p><p>Whatever the event, we offer a \"stand\" format, run by our team of volunteers, with a wide range of activities available to visitors: mask-making and coloring, a binturong game, discussions with team members on the association's projects, raising awareness of binturong protection and eco-gestures; etc. Other activities are also possible on request and subject to appropriate communication. Other activities are also possible on request and subject to appropriate communication. You'll find a full list of these activities here <a href=\"https:\/\/www.abconservation.org\/en\/the-projects\/education-and-awareness\/our-offers\/our-events\/\">here<\/a>.<\/p><p>We travel all over France. Please note, however, that only partner institutions benefit from free travel. If your organization is not (yet) one of our partners, we will ask them to pay for our travel and accommodation expenses.<\/p>\t\t\t\t\t\t\t\t<\/div>\n\t\t\t\t\t<\/div>\n\t\t\t\t<\/div>\n\t\t\t\t<\/div>","protected":false},"excerpt":{"rendered":"<p>Nos interventions en parc zoologiques Depuis sa cr\u00e9ation, ABConservation a \u00e0 coeur de travailler main dans la main avec les institutions zoologiques afin de renforcer leurs actions de sensibilisation du grand public \u00e0 la disparition de la biodiversit\u00e9. Aujourd\u2019hui, le r\u00f4le p\u00e9dagogique des parcs zoologiques n\u2019est plus \u00e0 d\u00e9montrer et il doit faire partie des [&hellip;]<\/p>\n","protected":false},"author":1,"featured_media":0,"parent":2521,"menu_order":3,"comment_status":"closed","ping_status":"closed","template":"elementor_header_footer","meta":{"footnotes":""},"class_list":["post-2570","page","type-page","status-publish","hentry"],"yoast_head":"<!-- This site is optimized with the Yoast SEO plugin v27.5 - https:\/\/yoast.com\/product\/yoast-seo-wordpress\/ -->\n<title>NOS INTERVENTIONS EN PARCS ZOOLOGIQUES - ABConservation<\/title>\n<meta name=\"description\" content=\"ABConservation est l&#039;association d\u00e9di\u00e9e \u00e0 la protection du binturong. D\u00e9couvrez nos interventions en parcs zoologiques.\" \/>\n<meta name=\"robots\" content=\"index, follow, max-snippet:-1, max-image-preview:large, max-video-preview:-1\" \/>\n<link rel=\"canonical\" href=\"https:\/\/www.abconservation.org\/en\/services\/our-work-in-zoos\/\" \/>\n<meta property=\"og:locale\" content=\"en_US\" \/>\n<meta property=\"og:type\" content=\"article\" \/>\n<meta property=\"og:title\" content=\"NOS INTERVENTIONS EN PARCS ZOOLOGIQUES - ABConservation\" \/>\n<meta property=\"og:description\" content=\"ABConservation est l&#039;association d\u00e9di\u00e9e \u00e0 la protection du binturong. D\u00e9couvrez nos interventions en parcs zoologiques.\" \/>\n<meta property=\"og:url\" content=\"https:\/\/www.abconservation.org\/en\/services\/our-work-in-zoos\/\" \/>\n<meta property=\"og:site_name\" content=\"ABConservation\" \/>\n<meta property=\"article:publisher\" content=\"https:\/\/www.facebook.com\/ABConservation\" \/>\n<meta property=\"article:modified_time\" content=\"2025-02-27T07:15:08+00:00\" \/>\n<meta property=\"og:image\" content=\"https:\/\/www.abconservation.org\/wp-content\/uploads\/2025\/02\/Nos-interventions-en-parcs-zoologiques-1024x682.jpg\" \/>\n<meta name=\"twitter:card\" content=\"summary_large_image\" \/>\n<meta name=\"twitter:label1\" content=\"Est. reading time\" \/>\n\t<meta name=\"twitter:data1\" content=\"3 minutes\" \/>\n<script type=\"application\/ld+json\" class=\"yoast-schema-graph\">{\"@context\":\"https:\\\/\\\/schema.org\",\"@graph\":[{\"@type\":\"WebPage\",\"@id\":\"https:\\\/\\\/www.abconservation.org\\\/prestations\\\/nos-interventions-en-parcs-zoologiques\\\/\",\"url\":\"https:\\\/\\\/www.abconservation.org\\\/prestations\\\/nos-interventions-en-parcs-zoologiques\\\/\",\"name\":\"NOS INTERVENTIONS EN PARCS ZOOLOGIQUES - ABConservation\",\"isPartOf\":{\"@id\":\"https:\\\/\\\/www.abconservation.org\\\/#website\"},\"primaryImageOfPage\":{\"@id\":\"https:\\\/\\\/www.abconservation.org\\\/prestations\\\/nos-interventions-en-parcs-zoologiques\\\/#primaryimage\"},\"image\":{\"@id\":\"https:\\\/\\\/www.abconservation.org\\\/prestations\\\/nos-interventions-en-parcs-zoologiques\\\/#primaryimage\"},\"thumbnailUrl\":\"https:\\\/\\\/www.abconservation.org\\\/wp-content\\\/uploads\\\/2025\\\/02\\\/Nos-interventions-en-parcs-zoologiques-1024x682.jpg\",\"datePublished\":\"2025-01-20T05:37:52+00:00\",\"dateModified\":\"2025-02-27T07:15:08+00:00\",\"description\":\"ABConservation est l'association d\u00e9di\u00e9e \u00e0 la protection du binturong. D\u00e9couvrez nos interventions en parcs zoologiques.\",\"breadcrumb\":{\"@id\":\"https:\\\/\\\/www.abconservation.org\\\/prestations\\\/nos-interventions-en-parcs-zoologiques\\\/#breadcrumb\"},\"inLanguage\":\"en-US\",\"potentialAction\":[{\"@type\":\"ReadAction\",\"target\":[\"https:\\\/\\\/www.abconservation.org\\\/prestations\\\/nos-interventions-en-parcs-zoologiques\\\/\"]}]},{\"@type\":\"ImageObject\",\"inLanguage\":\"en-US\",\"@id\":\"https:\\\/\\\/www.abconservation.org\\\/prestations\\\/nos-interventions-en-parcs-zoologiques\\\/#primaryimage\",\"url\":\"https:\\\/\\\/www.abconservation.org\\\/wp-content\\\/uploads\\\/2025\\\/02\\\/Nos-interventions-en-parcs-zoologiques-1024x682.jpg\",\"contentUrl\":\"https:\\\/\\\/www.abconservation.org\\\/wp-content\\\/uploads\\\/2025\\\/02\\\/Nos-interventions-en-parcs-zoologiques-1024x682.jpg\"},{\"@type\":\"BreadcrumbList\",\"@id\":\"https:\\\/\\\/www.abconservation.org\\\/prestations\\\/nos-interventions-en-parcs-zoologiques\\\/#breadcrumb\",\"itemListElement\":[{\"@type\":\"ListItem\",\"position\":1,\"name\":\"ACCUEIL\",\"item\":\"https:\\\/\\\/www.abconservation.org\\\/\"},{\"@type\":\"ListItem\",\"position\":2,\"name\":\"PRESTATIONS\",\"item\":\"https:\\\/\\\/www.abconservation.org\\\/prestations\\\/\"},{\"@type\":\"ListItem\",\"position\":3,\"name\":\"NOS INTERVENTIONS EN PARCS ZOOLOGIQUES\"}]},{\"@type\":\"WebSite\",\"@id\":\"https:\\\/\\\/www.abconservation.org\\\/#website\",\"url\":\"https:\\\/\\\/www.abconservation.org\\\/\",\"name\":\"ABConservation\",\"description\":\"Etudier, sensibiliser, prot\u00e9ger\",\"publisher\":{\"@id\":\"https:\\\/\\\/www.abconservation.org\\\/#organization\"},\"potentialAction\":[{\"@type\":\"SearchAction\",\"target\":{\"@type\":\"EntryPoint\",\"urlTemplate\":\"https:\\\/\\\/www.abconservation.org\\\/?s={search_term_string}\"},\"query-input\":{\"@type\":\"PropertyValueSpecification\",\"valueRequired\":true,\"valueName\":\"search_term_string\"}}],\"inLanguage\":\"en-US\"},{\"@type\":\"Organization\",\"@id\":\"https:\\\/\\\/www.abconservation.org\\\/#organization\",\"name\":\"ABConservation\",\"url\":\"https:\\\/\\\/www.abconservation.org\\\/\",\"logo\":{\"@type\":\"ImageObject\",\"inLanguage\":\"en-US\",\"@id\":\"https:\\\/\\\/www.abconservation.org\\\/#\\\/schema\\\/logo\\\/image\\\/\",\"url\":\"https:\\\/\\\/www.abconservation.org\\\/wp-content\\\/uploads\\\/2024\\\/07\\\/cropped-abconservation-home3.png\",\"contentUrl\":\"https:\\\/\\\/www.abconservation.org\\\/wp-content\\\/uploads\\\/2024\\\/07\\\/cropped-abconservation-home3.png\",\"width\":485,\"height\":134,\"caption\":\"ABConservation\"},\"image\":{\"@id\":\"https:\\\/\\\/www.abconservation.org\\\/#\\\/schema\\\/logo\\\/image\\\/\"},\"sameAs\":[\"https:\\\/\\\/www.facebook.com\\\/ABConservation\",\"https:\\\/\\\/www.instagram.com\\\/abconservation\\\/\",\"https:\\\/\\\/www.youtube.com\\\/channel\\\/UCXU_mrwJG4tK6NPGMlWJdsA\",\"https:\\\/\\\/www.linkedin.com\\\/company\\\/arctictis-binturong-conservation\"]}]}<\/script>\n<!-- \/ Yoast SEO plugin. -->","yoast_head_json":{"title":"OUR WORK IN ZOOLOGICAL PARKS - ABConservation","description":"ABConservation is the association dedicated to protecting the binturong. Find out more about our work in zoos.","robots":{"index":"index","follow":"follow","max-snippet":"max-snippet:-1","max-image-preview":"max-image-preview:large","max-video-preview":"max-video-preview:-1"},"canonical":"https:\/\/www.abconservation.org\/en\/services\/our-work-in-zoos\/","og_locale":"en_US","og_type":"article","og_title":"NOS INTERVENTIONS EN PARCS ZOOLOGIQUES - ABConservation","og_description":"ABConservation est l'association d\u00e9di\u00e9e \u00e0 la protection du binturong. D\u00e9couvrez nos interventions en parcs zoologiques.","og_url":"https:\/\/www.abconservation.org\/en\/services\/our-work-in-zoos\/","og_site_name":"ABConservation","article_publisher":"https:\/\/www.facebook.com\/ABConservation","article_modified_time":"2025-02-27T07:15:08+00:00","og_image":[{"url":"https:\/\/www.abconservation.org\/wp-content\/uploads\/2025\/02\/Nos-interventions-en-parcs-zoologiques-1024x682.jpg","type":"","width":"","height":""}],"twitter_card":"summary_large_image","twitter_misc":{"Est. reading time":"3 minutes"},"schema":{"@context":"https:\/\/schema.org","@graph":[{"@type":"WebPage","@id":"https:\/\/www.abconservation.org\/prestations\/nos-interventions-en-parcs-zoologiques\/","url":"https:\/\/www.abconservation.org\/prestations\/nos-interventions-en-parcs-zoologiques\/","name":"OUR WORK IN ZOOLOGICAL PARKS - ABConservation","isPartOf":{"@id":"https:\/\/www.abconservation.org\/#website"},"primaryImageOfPage":{"@id":"https:\/\/www.abconservation.org\/prestations\/nos-interventions-en-parcs-zoologiques\/#primaryimage"},"image":{"@id":"https:\/\/www.abconservation.org\/prestations\/nos-interventions-en-parcs-zoologiques\/#primaryimage"},"thumbnailUrl":"https:\/\/www.abconservation.org\/wp-content\/uploads\/2025\/02\/Nos-interventions-en-parcs-zoologiques-1024x682.jpg","datePublished":"2025-01-20T05:37:52+00:00","dateModified":"2025-02-27T07:15:08+00:00","description":"ABConservation is the association dedicated to protecting the binturong. Find out more about our work in zoos.","breadcrumb":{"@id":"https:\/\/www.abconservation.org\/prestations\/nos-interventions-en-parcs-zoologiques\/#breadcrumb"},"inLanguage":"en-US","potentialAction":[{"@type":"ReadAction","target":["https:\/\/www.abconservation.org\/prestations\/nos-interventions-en-parcs-zoologiques\/"]}]},{"@type":"ImageObject","inLanguage":"en-US","@id":"https:\/\/www.abconservation.org\/prestations\/nos-interventions-en-parcs-zoologiques\/#primaryimage","url":"https:\/\/www.abconservation.org\/wp-content\/uploads\/2025\/02\/Nos-interventions-en-parcs-zoologiques-1024x682.jpg","contentUrl":"https:\/\/www.abconservation.org\/wp-content\/uploads\/2025\/02\/Nos-interventions-en-parcs-zoologiques-1024x682.jpg"},{"@type":"BreadcrumbList","@id":"https:\/\/www.abconservation.org\/prestations\/nos-interventions-en-parcs-zoologiques\/#breadcrumb","itemListElement":[{"@type":"ListItem","position":1,"name":"ACCUEIL","item":"https:\/\/www.abconservation.org\/"},{"@type":"ListItem","position":2,"name":"PRESTATIONS","item":"https:\/\/www.abconservation.org\/prestations\/"},{"@type":"ListItem","position":3,"name":"NOS INTERVENTIONS EN PARCS ZOOLOGIQUES"}]},{"@type":"WebSite","@id":"https:\/\/www.abconservation.org\/#website","url":"https:\/\/www.abconservation.org\/","name":"ABConservation","description":"Study, raise awareness, protect","publisher":{"@id":"https:\/\/www.abconservation.org\/#organization"},"potentialAction":[{"@type":"SearchAction","target":{"@type":"EntryPoint","urlTemplate":"https:\/\/www.abconservation.org\/?s={search_term_string}"},"query-input":{"@type":"PropertyValueSpecification","valueRequired":true,"valueName":"search_term_string"}}],"inLanguage":"en-US"},{"@type":"Organization","@id":"https:\/\/www.abconservation.org\/#organization","name":"ABConservation","url":"https:\/\/www.abconservation.org\/","logo":{"@type":"ImageObject","inLanguage":"en-US","@id":"https:\/\/www.abconservation.org\/#\/schema\/logo\/image\/","url":"https:\/\/www.abconservation.org\/wp-content\/uploads\/2024\/07\/cropped-abconservation-home3.png","contentUrl":"https:\/\/www.abconservation.org\/wp-content\/uploads\/2024\/07\/cropped-abconservation-home3.png","width":485,"height":134,"caption":"ABConservation"},"image":{"@id":"https:\/\/www.abconservation.org\/#\/schema\/logo\/image\/"},"sameAs":["https:\/\/www.facebook.com\/ABConservation","https:\/\/www.instagram.com\/abconservation\/","https:\/\/www.youtube.com\/channel\/UCXU_mrwJG4tK6NPGMlWJdsA","https:\/\/www.linkedin.com\/company\/arctictis-binturong-conservation"]}]}},"_links":{"self":[{"href":"https:\/\/www.abconservation.org\/en\/wp-json\/wp\/v2\/pages\/2570","targetHints":{"allow":["GET"]}}],"collection":[{"href":"https:\/\/www.abconservation.org\/en\/wp-json\/wp\/v2\/pages"}],"about":[{"href":"https:\/\/www.abconservation.org\/en\/wp-json\/wp\/v2\/types\/page"}],"author":[{"embeddable":true,"href":"https:\/\/www.abconservation.org\/en\/wp-json\/wp\/v2\/users\/1"}],"replies":[{"embeddable":true,"href":"https:\/\/www.abconservation.org\/en\/wp-json\/wp\/v2\/comments?post=2570"}],"version-history":[{"count":52,"href":"https:\/\/www.abconservation.org\/en\/wp-json\/wp\/v2\/pages\/2570\/revisions"}],"predecessor-version":[{"id":5079,"href":"https:\/\/www.abconservation.org\/en\/wp-json\/wp\/v2\/pages\/2570\/revisions\/5079"}],"up":[{"embeddable":true,"href":"https:\/\/www.abconservation.org\/en\/wp-json\/wp\/v2\/pages\/2521"}],"wp:attachment":[{"href":"https:\/\/www.abconservation.org\/en\/wp-json\/wp\/v2\/media?parent=2570"}],"curies":[{"name":"wp","href":"https:\/\/api.w.org\/{rel}","templated":true}]}}